{"id":153192,"date":"2021-01-15T12:35:30","date_gmt":"2021-01-15T12:35:30","guid":{"rendered":"https:\/\/codengine3.ch\/?product=import-placeholder-for-204822"},"modified":"2021-01-15T14:36:34","modified_gmt":"2021-01-15T14:36:34","slug":"klettern-vom-einsteiger-zum-koenner","status":"publish","type":"product","link":"https:\/\/pizbube.ch\/en\/shop\/klettern-vom-einsteiger-zum-koenner\/","title":{"rendered":"Klettern Vom Einsteiger zum K\u00f6nner"},"content":{"rendered":"<p>Das vorliegende Buch vermittelt umfassend die grundlegenden Kenntnisse f\u00fcr die<br \/>\nverschiedenen Arten des Kletterns. Es ist sowohl f\u00fcr Anf\u00e4nger ein<br \/>\nhervorragender Einstieg, um sich \u00fcber alles, was mit dem Klettern zu tun hat,<br \/>\nzu informieren, als auch f\u00fcr Fortgeschrittene ein praktisches Nachschlagewerk.  <\/p>\n<p>Klettertechniken und Sicherungsmittel, Knoten und Seilhandling werden mit<br \/>\nansprechenden Fotos und schematischen Darstellungen ausf\u00fchrlich und leicht<br \/>\nverst\u00e4ndlich beschrieben und illustriert. Der \u00fcbersichtliche und logische<br \/>\nAufbau der einzelnen Kapitel f\u00fchrt den Leser von einer allgemeinen Einf\u00fchrung<br \/>\nin die Geschichte des Bergsteigens und Kletterns hin zu den verschiedenen,<br \/>\ndetailliert beschriebenen Aspekten des Kletterns. Besonders hilfreich sind<br \/>\ndabei die praktischen Tipps im Kletteralltag, die der Autor aufgrund seiner<br \/>\nlangj\u00e4hrigen Erfahrung zu jedem Thema parat hat.  <\/p>\n<p>Klettern hat sich in den letzten zwei bis drei Jahrzehnten von einer<br \/>\nexotischen Randsportart zu einer weltweit beliebten Wettkampfdisziplin<br \/>\nentwickelt. Gezieltes Training ist erforderlich, um aus einem<br \/>\nFreizeitkletterer einen Profi zu machen. Ein m\u00f6glicher Trainingszyklus \u00fcber<br \/>\neinen Zeitraum von ca. drei Monaten zeitigt in jedem Stadium des Kletterns, ob<br \/>\nAnf\u00e4nger oder Fortgeschrittener, schnelle Erfolge.  <\/p>\n<p>Der Band wird erg\u00e4nzt durch Tipps zum Kartenlesen, zu Wegfindung,<br \/>\nWetterbeobachtung sowie Erste-Hilfe-Ma\u00dfnahmen im Notfall.<\/p>","protected":false},"excerpt":{"rendered":"<p>Das vorliegende Buch vermittelt umfassend die grundlegenden Kenntnisse f\u00fcr die verschiedenen Arten des Kletterns. Es ist sowohl f\u00fcr Anf\u00e4nger ein hervorragender Einstieg, um sich \u00fcber alles, was mit dem Klettern zu tun hat, zu informieren, als auch f\u00fcr Fortgeschrittene ein praktisches Nachschlagewerk. Klettertechniken und Sicherungsmittel, Knoten und Seilhandling werden mit ansprechenden Fotos und schematischen Darstellungen [&#8230;]\n","protected":false},"featured_media":33343,"template":"","meta":[],"product_brand":[],"product_cat":[21538],"product_tag":[],"class_list":{"0":"post-153192","1":"product","2":"type-product","3":"status-publish","4":"has-post-thumbnail","6":"product_cat-lehrbuecher","7":"pa_autor-lourens","8":"pa_erscheinungsjahr-21842","9":"pa_region-klettertechnik","10":"pa_sprache-de","12":"first","13":"instock","14":"taxable","15":"shipping-taxable","16":"purchasable","17":"product-type-simple"},"_links":{"self":[{"href":"https:\/\/pizbube.ch\/en\/wp-json\/wp\/v2\/product\/153192","targetHints":{"allow":["GET"]}}],"collection":[{"href":"https:\/\/pizbube.ch\/en\/wp-json\/wp\/v2\/product"}],"about":[{"href":"https:\/\/pizbube.ch\/en\/wp-json\/wp\/v2\/types\/product"}],"wp:featuredmedia":[{"embeddable":true,"href":"https:\/\/pizbube.ch\/en\/wp-json\/wp\/v2\/media\/33343"}],"wp:attachment":[{"href":"https:\/\/pizbube.ch\/en\/wp-json\/wp\/v2\/media?parent=153192"}],"wp:term":[{"taxonomy":"product_brand","embeddable":true,"href":"https:\/\/pizbube.ch\/en\/wp-json\/wp\/v2\/product_brand?post=153192"},{"taxonomy":"product_cat","embeddable":true,"href":"https:\/\/pizbube.ch\/en\/wp-json\/wp\/v2\/product_cat?post=153192"},{"taxonomy":"product_tag","embeddable":true,"href":"https:\/\/pizbube.ch\/en\/wp-json\/wp\/v2\/product_tag?post=153192"}],"curies":[{"name":"wp","href":"https:\/\/api.w.org\/{rel}","templated":true}]}}