{"id":153194,"date":"2021-01-15T12:35:30","date_gmt":"2021-01-15T12:35:30","guid":{"rendered":"https:\/\/codengine3.ch\/?product=import-placeholder-for-206829"},"modified":"2021-01-15T14:52:25","modified_gmt":"2021-01-15T14:52:25","slug":"sportklettern-ii","status":"publish","type":"product","link":"https:\/\/pizbube.ch\/en\/shop\/sportklettern-ii\/","title":{"rendered":"Sportklettern II"},"content":{"rendered":"<p>Dieses Taschenbuch richtet sich als Folgeband von Sportklettern I an<br \/>\nKletterer, welche ihr K\u00f6nnen durch Taktik, Bouldern und gezieltes Training<br \/>\nverbessern m\u00f6chten. Ziel ist es, dem ambitionierten Kletterer ein m\u00f6glichst<br \/>\nbreites Wissen zur Steigerung des pers\u00f6nlichen Niveaus zu vermitteln: Wie<br \/>\nw\u00e4rmt man sich vern\u00fcnftig auf? Welche taktischen Ma\u00dfnahmen k\u00f6nnen ergriffen<br \/>\nwerden? Wie wird systematisch trainiert? Au\u00dferdem wird erl\u00e4utert, wie<br \/>\nAusgleichstraining und Dehnen richtig durchgef\u00fchrt werden. Komplettiert wird<br \/>\ndas Buch durch ein Kapitel \u00fcber Spezialwissen wie technisches Klettern und<br \/>\nbehelfsm\u00e4\u00dfige Bergrettung.  <\/p>\n<p>Durch den mit wertvollen Expertentipps angereicherten Text erfahren auch<br \/>\nfortgeschrittene Felskletterer noch neues und profitieren so direkt von den<br \/>\nErfahrungen des Autors. Durch die intensive Besch\u00e4ftigung mit dem Thema Kraft-<br \/>\nund Ausgleichtraining sowie der aktuellen Trainingslehre k\u00f6nnen<br \/>\nTrainingsfehler vermieden und Defizite zielgerichtet abgebaut werden. Ein<br \/>\nalphabetischer Index erleichtert dem Leser die Suche nach dem gew\u00fcnschten<br \/>\nThema &#8211; und dies alles in einem Format, welches auch direkt mit an die Felsen<br \/>\ngenommen werden kann. Abgerundet wird das Buch durch Fotos sowie zahlreiche<br \/>\nZeichnungen von Annalena Hunke.<br \/>\n1. Auflage 2013, 144 Seiten, 105 Skizzen und Illustrationen, 59 farbige<br \/>\nAbbildungen<\/p>","protected":false},"excerpt":{"rendered":"<p>Dieses Taschenbuch richtet sich als Folgeband von Sportklettern I an Kletterer, welche ihr K\u00f6nnen durch Taktik, Bouldern und gezieltes Training verbessern m\u00f6chten. Ziel ist es, dem ambitionierten Kletterer ein m\u00f6glichst breites Wissen zur Steigerung des pers\u00f6nlichen Niveaus zu vermitteln: Wie w\u00e4rmt man sich vern\u00fcnftig auf? Welche taktischen Ma\u00dfnahmen k\u00f6nnen ergriffen werden? Wie wird systematisch trainiert? [&#8230;]\n","protected":false},"featured_media":36260,"template":"","meta":[],"product_brand":[],"product_cat":[21538],"product_tag":[],"class_list":{"0":"post-153194","1":"product","2":"type-product","3":"status-publish","4":"has-post-thumbnail","6":"product_cat-lehrbuecher","7":"pa_autor-kontermann","8":"pa_erscheinungsjahr-21568","9":"pa_region-klettertechnik","10":"pa_sprache-de","12":"first","13":"instock","14":"taxable","15":"shipping-taxable","16":"purchasable","17":"product-type-simple"},"_links":{"self":[{"href":"https:\/\/pizbube.ch\/en\/wp-json\/wp\/v2\/product\/153194","targetHints":{"allow":["GET"]}}],"collection":[{"href":"https:\/\/pizbube.ch\/en\/wp-json\/wp\/v2\/product"}],"about":[{"href":"https:\/\/pizbube.ch\/en\/wp-json\/wp\/v2\/types\/product"}],"wp:featuredmedia":[{"embeddable":true,"href":"https:\/\/pizbube.ch\/en\/wp-json\/wp\/v2\/media\/36260"}],"wp:attachment":[{"href":"https:\/\/pizbube.ch\/en\/wp-json\/wp\/v2\/media?parent=153194"}],"wp:term":[{"taxonomy":"product_brand","embeddable":true,"href":"https:\/\/pizbube.ch\/en\/wp-json\/wp\/v2\/product_brand?post=153194"},{"taxonomy":"product_cat","embeddable":true,"href":"https:\/\/pizbube.ch\/en\/wp-json\/wp\/v2\/product_cat?post=153194"},{"taxonomy":"product_tag","embeddable":true,"href":"https:\/\/pizbube.ch\/en\/wp-json\/wp\/v2\/product_tag?post=153194"}],"curies":[{"name":"wp","href":"https:\/\/api.w.org\/{rel}","templated":true}]}}