{"id":153195,"date":"2021-01-15T12:35:30","date_gmt":"2021-01-15T12:35:30","guid":{"rendered":"https:\/\/codengine3.ch\/?product=import-placeholder-for-204059"},"modified":"2021-01-15T14:29:22","modified_gmt":"2021-01-15T14:29:22","slug":"best-of-extrem-band-1-alpine-genussklettereien-von-6-bis-10","status":"publish","type":"product","link":"https:\/\/pizbube.ch\/en\/shop\/best-of-extrem-band-1-alpine-genussklettereien-von-6-bis-10\/","title":{"rendered":"Best of extrem Band 1 &#8211; Alpine Genussklettereien von 6 bis 10"},"content":{"rendered":"<p>Die sch\u00f6nsten extremen alpinen Klettereien (Schwerpunkt Niveau 7 und 8) im<br \/>\nSalzburger und Berchtesgadener Land. Von den famosen neuen Routen am Urlkopf<br \/>\n\u00fcber die unersch\u00f6pfliche Reiteralpe, den wasserzerfressenen Hochk\u00f6nigkalk bis<br \/>\nzu den grandiosen Sportkletterrouten im Gosaukamm: tausende geniale<br \/>\nKlettermeter!  <\/p>\n<p>Der neue F\u00fchrer setzt Ma\u00dfst\u00e4be: auf 468 Seiten werden die besten Routen in<br \/>\nWort und Bild vorgestellt, neben detaillierten Topos gibt es zu vielen Routen<br \/>\nexakte Verbalbeschreibungen der einzelnen Seill\u00e4ngen.<\/p>","protected":false},"excerpt":{"rendered":"<ul>\n<li><b>INFO: NEUAUFLAGE GEPLANT, TEMIN UNBESTIMMT<b><\/li>\n<\/ul>","protected":false},"featured_media":31798,"template":"","meta":[],"product_brand":[],"product_cat":[21539],"product_tag":[],"class_list":{"0":"post-153195","1":"product","2":"type-product","3":"status-publish","4":"has-post-thumbnail","6":"product_cat-fuehrerliteratur-sportklettern-bouldern","7":"pa_autor-norcen-kuehberger","8":"pa_erscheinungsjahr-21763","9":"pa_region-oesterreich","10":"pa_sprache-de","12":"first","13":"outofstock","14":"taxable","15":"shipping-taxable","16":"purchasable","17":"product-type-simple"},"_links":{"self":[{"href":"https:\/\/pizbube.ch\/en\/wp-json\/wp\/v2\/product\/153195","targetHints":{"allow":["GET"]}}],"collection":[{"href":"https:\/\/pizbube.ch\/en\/wp-json\/wp\/v2\/product"}],"about":[{"href":"https:\/\/pizbube.ch\/en\/wp-json\/wp\/v2\/types\/product"}],"wp:featuredmedia":[{"embeddable":true,"href":"https:\/\/pizbube.ch\/en\/wp-json\/wp\/v2\/media\/31798"}],"wp:attachment":[{"href":"https:\/\/pizbube.ch\/en\/wp-json\/wp\/v2\/media?parent=153195"}],"wp:term":[{"taxonomy":"product_brand","embeddable":true,"href":"https:\/\/pizbube.ch\/en\/wp-json\/wp\/v2\/product_brand?post=153195"},{"taxonomy":"product_cat","embeddable":true,"href":"https:\/\/pizbube.ch\/en\/wp-json\/wp\/v2\/product_cat?post=153195"},{"taxonomy":"product_tag","embeddable":true,"href":"https:\/\/pizbube.ch\/en\/wp-json\/wp\/v2\/product_tag?post=153195"}],"curies":[{"name":"wp","href":"https:\/\/api.w.org\/{rel}","templated":true}]}}