{"id":153197,"date":"2021-01-15T12:35:30","date_gmt":"2021-01-15T12:35:30","guid":{"rendered":"https:\/\/codengine3.ch\/?product=import-placeholder-for-202351"},"modified":"2021-01-15T12:35:34","modified_gmt":"2021-01-15T12:35:34","slug":"klettern-ueber-der-ackerlhuette","status":"publish","type":"product","link":"https:\/\/pizbube.ch\/en\/shop\/klettern-ueber-der-ackerlhuette\/","title":{"rendered":"Klettern \u00fcber der Ackerlh\u00fctte"},"content":{"rendered":"<p>Reich bebilderter Kletterf\u00fchrer vom Ostkaiser: enth\u00e4lt Topos nahezu s\u00e4mtlicher<br \/>\nAnstiege im Bereich zwischen Hochgrubachspitzen und Mauk sowie einen<br \/>\nausf\u00fchrlichen Textteil mit vielen wissenswerten historischen Details.<\/p>","protected":false},"excerpt":{"rendered":"<p>Reich bebilderter Kletterf\u00fchrer vom Ostkaiser: enth\u00e4lt Topos nahezu s\u00e4mtlicher Anstiege im Bereich zwischen Hochgrubachspitzen und Mauk sowie einen ausf\u00fchrlichen Textteil mit vielen wissenswerten historischen Details.<\/p>","protected":false},"featured_media":45070,"template":"","meta":[],"product_brand":[],"product_cat":[21539],"product_tag":[],"class_list":{"0":"post-153197","1":"product","2":"type-product","3":"status-publish","4":"has-post-thumbnail","6":"product_cat-fuehrerliteratur-sportklettern-bouldern","7":"pa_autor-stocker-brandstaaetter","8":"pa_erscheinungsjahr-21750","9":"pa_region-oesterreich","10":"pa_sprache-de","12":"first","13":"instock","14":"taxable","15":"shipping-taxable","16":"purchasable","17":"product-type-simple"},"_links":{"self":[{"href":"https:\/\/pizbube.ch\/en\/wp-json\/wp\/v2\/product\/153197","targetHints":{"allow":["GET"]}}],"collection":[{"href":"https:\/\/pizbube.ch\/en\/wp-json\/wp\/v2\/product"}],"about":[{"href":"https:\/\/pizbube.ch\/en\/wp-json\/wp\/v2\/types\/product"}],"wp:featuredmedia":[{"embeddable":true,"href":"https:\/\/pizbube.ch\/en\/wp-json\/wp\/v2\/media\/45070"}],"wp:attachment":[{"href":"https:\/\/pizbube.ch\/en\/wp-json\/wp\/v2\/media?parent=153197"}],"wp:term":[{"taxonomy":"product_brand","embeddable":true,"href":"https:\/\/pizbube.ch\/en\/wp-json\/wp\/v2\/product_brand?post=153197"},{"taxonomy":"product_cat","embeddable":true,"href":"https:\/\/pizbube.ch\/en\/wp-json\/wp\/v2\/product_cat?post=153197"},{"taxonomy":"product_tag","embeddable":true,"href":"https:\/\/pizbube.ch\/en\/wp-json\/wp\/v2\/product_tag?post=153197"}],"curies":[{"name":"wp","href":"https:\/\/api.w.org\/{rel}","templated":true}]}}