{"id":153199,"date":"2021-01-15T12:35:31","date_gmt":"2021-01-15T12:35:31","guid":{"rendered":"https:\/\/codengine3.ch\/?product=import-placeholder-for-207060"},"modified":"2021-01-15T14:54:45","modified_gmt":"2021-01-15T14:54:45","slug":"bruckmanns-wanderfuehrer-jura","status":"publish","type":"product","link":"https:\/\/pizbube.ch\/en\/shop\/bruckmanns-wanderfuehrer-jura\/","title":{"rendered":"Bruckmanns Wanderf\u00fchrer Jura"},"content":{"rendered":"<p>Die 40 sch\u00f6nsten Touren  <\/p>\n<p>Wandern und kulinarische K\u00f6stlichkeiten genie\u00dfen<br \/>\nAls halbmondf\u00f6rmiger Bogen erstreckt sich der Jura von Schaffhausen \u00fcber Basel<br \/>\nweiter bis Genf, ehe er schlie\u00dflich bei Chamb\u00e9ry von den Alpen abgel\u00f6st wird.<br \/>\nSteile Gebirgsk\u00e4mme, tiefe H\u00f6llenschluchten, ausgedehnte W\u00e4lder, tosende<br \/>\nWasserf\u00e4lle und versteckte Tropfsteinh\u00f6hlen charakterisieren dieses Gebirge.<br \/>\nSchl\u00f6sser und Burgen auf bizarren Kalkfelsen sowie die gro\u00dfe kulinarische<br \/>\nTradition der Region machen die Vielfalt des Franz\u00f6sischen und Schweizer Jura<br \/>\nperfekt.  <\/p>","protected":false},"excerpt":{"rendered":"<ul>\n<li><b>INFO: Vergriffen, keine Neuauflage\/Nachdruck<b><\/li>\n<\/ul>","protected":false},"featured_media":36640,"template":"","meta":[],"product_brand":[],"product_cat":[21605],"product_tag":[],"class_list":{"0":"post-153199","1":"product","2":"type-product","3":"status-publish","4":"has-post-thumbnail","6":"product_cat-wanderfuehrer-trekking","7":"pa_autor-kuerschner","8":"pa_erscheinungsjahr-21621","9":"pa_region-schweiz","10":"pa_sprache-de","12":"first","13":"outofstock","14":"taxable","15":"shipping-taxable","16":"purchasable","17":"product-type-simple"},"_links":{"self":[{"href":"https:\/\/pizbube.ch\/en\/wp-json\/wp\/v2\/product\/153199","targetHints":{"allow":["GET"]}}],"collection":[{"href":"https:\/\/pizbube.ch\/en\/wp-json\/wp\/v2\/product"}],"about":[{"href":"https:\/\/pizbube.ch\/en\/wp-json\/wp\/v2\/types\/product"}],"wp:featuredmedia":[{"embeddable":true,"href":"https:\/\/pizbube.ch\/en\/wp-json\/wp\/v2\/media\/36640"}],"wp:attachment":[{"href":"https:\/\/pizbube.ch\/en\/wp-json\/wp\/v2\/media?parent=153199"}],"wp:term":[{"taxonomy":"product_brand","embeddable":true,"href":"https:\/\/pizbube.ch\/en\/wp-json\/wp\/v2\/product_brand?post=153199"},{"taxonomy":"product_cat","embeddable":true,"href":"https:\/\/pizbube.ch\/en\/wp-json\/wp\/v2\/product_cat?post=153199"},{"taxonomy":"product_tag","embeddable":true,"href":"https:\/\/pizbube.ch\/en\/wp-json\/wp\/v2\/product_tag?post=153199"}],"curies":[{"name":"wp","href":"https:\/\/api.w.org\/{rel}","templated":true}]}}