{"id":153201,"date":"2021-01-15T12:35:31","date_gmt":"2021-01-15T12:35:31","guid":{"rendered":"https:\/\/codengine3.ch\/?product=import-placeholder-for-205274"},"modified":"2026-02-11T08:40:23","modified_gmt":"2026-02-11T07:40:23","slug":"jura-hoehenweg-wanderland-schweiz-band-5","status":"publish","type":"product","link":"https:\/\/pizbube.ch\/en\/shop\/jura-hoehenweg-wanderland-schweiz-band-5\/","title":{"rendered":"Jura H\u00f6henweg Wanderland Schweiz Band 5"},"content":{"rendered":"<p>In angenehmer H\u00f6he wandernd geniesst man ein umfassendes Panorama und erlebt<br \/>\nabwechslungsreiche Landschaften und Kulturr\u00e4ume &#8211; von Dielsdorf in 15 Etappen<br \/>\nnach Nyon.<\/p>\n<p>Der Jura-H\u00f6henweg verbindet in einem grossz\u00fcgigen Bogen Z\u00fcrich mit Genf. Die<br \/>\naussichtsreiche Ferntour durch zwei Sprachregionen bietet die Entdeckung einer<br \/>\nvielf\u00e4ltigen, starken Landschaft. Sie erm\u00f6glicht Erholung fern vom hektischen<br \/>\nAlltag und von Massentourismus.<\/p>\n<p>80 Seiten; Farbfotos, Karten und H\u00f6henprofile<br \/>\n6. Auflage 2024<\/p>","protected":false},"excerpt":{"rendered":"<p>In angenehmer H\u00f6he wandernd geniesst man ein umfassendes Panorama und erlebt abwechslungsreiche Landschaften und Kulturr\u00e4ume &#8211; von Dielsdorf in 15 Etappen nach Nyon. Der Jura-H\u00f6henweg verbindet in einem grossz\u00fcgigen Bogen Z\u00fcrich mit Genf. Die aussichtsreiche Ferntour durch zwei Sprachregionen bietet die Entdeckung einer vielf\u00e4ltigen, starken Landschaft. Sie erm\u00f6glicht Erholung fern vom hektischen Alltag und von [&#8230;]\n","protected":false},"featured_media":183120,"template":"","meta":[],"product_brand":[],"product_cat":[21605],"product_tag":[],"class_list":{"0":"post-153201","1":"product","2":"type-product","3":"status-publish","4":"has-post-thumbnail","6":"product_cat-wanderfuehrer-trekking","7":"pa_autor-wunderlin","8":"pa_erscheinungsjahr-21558","9":"pa_region-schweiz","10":"pa_sprache-de","12":"first","13":"instock","14":"taxable","15":"shipping-taxable","16":"purchasable","17":"product-type-simple"},"_links":{"self":[{"href":"https:\/\/pizbube.ch\/en\/wp-json\/wp\/v2\/product\/153201","targetHints":{"allow":["GET"]}}],"collection":[{"href":"https:\/\/pizbube.ch\/en\/wp-json\/wp\/v2\/product"}],"about":[{"href":"https:\/\/pizbube.ch\/en\/wp-json\/wp\/v2\/types\/product"}],"wp:featuredmedia":[{"embeddable":true,"href":"https:\/\/pizbube.ch\/en\/wp-json\/wp\/v2\/media\/183120"}],"wp:attachment":[{"href":"https:\/\/pizbube.ch\/en\/wp-json\/wp\/v2\/media?parent=153201"}],"wp:term":[{"taxonomy":"product_brand","embeddable":true,"href":"https:\/\/pizbube.ch\/en\/wp-json\/wp\/v2\/product_brand?post=153201"},{"taxonomy":"product_cat","embeddable":true,"href":"https:\/\/pizbube.ch\/en\/wp-json\/wp\/v2\/product_cat?post=153201"},{"taxonomy":"product_tag","embeddable":true,"href":"https:\/\/pizbube.ch\/en\/wp-json\/wp\/v2\/product_tag?post=153201"}],"curies":[{"name":"wp","href":"https:\/\/api.w.org\/{rel}","templated":true}]}}