{"id":153206,"date":"2021-01-15T12:35:37","date_gmt":"2021-01-15T12:35:37","guid":{"rendered":"https:\/\/codengine3.ch\/?product=import-placeholder-for-202492"},"modified":"2022-12-13T09:47:58","modified_gmt":"2022-12-13T08:47:58","slug":"mordssport","status":"publish","type":"product","link":"https:\/\/pizbube.ch\/en\/shop\/mordssport\/","title":{"rendered":"Mordssport"},"content":{"rendered":"<p>Trekking, Bergsteigen, Skitouren und Kanu liegen voll im Trend. Die<br \/>\nGeschichten erz\u00e4hlen von Zwischenf\u00e4llen mit aufrichtigen und hinterh\u00e4ltigen<br \/>\nSportlern. Neun Krimis spielen an authentischen Tatorten in den Alpen,<br \/>\nLappland, Alaska und Kanada.<\/p>","protected":false},"excerpt":{"rendered":"<p>Trekking, Bergsteigen, Skitouren und Kanu liegen voll im Trend. Die Geschichten erz\u00e4hlen von Zwischenf\u00e4llen mit aufrichtigen und hinterh\u00e4ltigen Sportlern. Neun Krimis spielen an authentischen Tatorten in den Alpen, Lappland, Alaska und Kanada.<\/p>","protected":false},"featured_media":29885,"template":"","meta":[],"product_brand":[],"product_cat":[21629],"product_tag":[],"class_list":{"0":"post-153206","1":"product","2":"type-product","3":"status-publish","4":"has-post-thumbnail","6":"product_cat-belletristik","7":"pa_autor-kohler","8":"pa_erscheinungsjahr-22242","9":"pa_region-deutschland","10":"pa_sprache-de","12":"first","13":"outofstock","14":"taxable","15":"shipping-taxable","16":"purchasable","17":"product-type-simple"},"_links":{"self":[{"href":"https:\/\/pizbube.ch\/en\/wp-json\/wp\/v2\/product\/153206","targetHints":{"allow":["GET"]}}],"collection":[{"href":"https:\/\/pizbube.ch\/en\/wp-json\/wp\/v2\/product"}],"about":[{"href":"https:\/\/pizbube.ch\/en\/wp-json\/wp\/v2\/types\/product"}],"wp:featuredmedia":[{"embeddable":true,"href":"https:\/\/pizbube.ch\/en\/wp-json\/wp\/v2\/media\/29885"}],"wp:attachment":[{"href":"https:\/\/pizbube.ch\/en\/wp-json\/wp\/v2\/media?parent=153206"}],"wp:term":[{"taxonomy":"product_brand","embeddable":true,"href":"https:\/\/pizbube.ch\/en\/wp-json\/wp\/v2\/product_brand?post=153206"},{"taxonomy":"product_cat","embeddable":true,"href":"https:\/\/pizbube.ch\/en\/wp-json\/wp\/v2\/product_cat?post=153206"},{"taxonomy":"product_tag","embeddable":true,"href":"https:\/\/pizbube.ch\/en\/wp-json\/wp\/v2\/product_tag?post=153206"}],"curies":[{"name":"wp","href":"https:\/\/api.w.org\/{rel}","templated":true}]}}