{"id":153207,"date":"2021-01-15T12:35:37","date_gmt":"2021-01-15T12:35:37","guid":{"rendered":"https:\/\/codengine3.ch\/?product=import-placeholder-for-202365"},"modified":"2021-01-15T12:35:40","modified_gmt":"2021-01-15T12:35:40","slug":"ueber-dem-horizont","status":"publish","type":"product","link":"https:\/\/pizbube.ch\/en\/shop\/ueber-dem-horizont\/","title":{"rendered":"\u00dcber dem Horizont"},"content":{"rendered":"<p>Gibt es f\u00fcr einen Menschen ein gr\u00f6\u00dferes Abenteuer als eine Expedition in den<br \/>\nHimalaya? Als Petra M. den legend\u00e4ren Bergsteiger Tom Ormerod trifft, sieht<br \/>\nsie f\u00fcr sich die Chance, auf die Gipfel des Himalaya gef\u00fchrt zu werden&#8230;<\/p>","protected":false},"excerpt":{"rendered":"<p>Gibt es f\u00fcr einen Menschen ein gr\u00f6\u00dferes Abenteuer als eine Expedition in den Himalaya? Als Petra M. den legend\u00e4ren Bergsteiger Tom Ormerod trifft, sieht sie f\u00fcr sich die Chance, auf die Gipfel des Himalaya gef\u00fchrt zu werden&#8230;<\/p>","protected":false},"featured_media":45070,"template":"","meta":[],"product_brand":[],"product_cat":[21629],"product_tag":[],"class_list":{"0":"post-153207","1":"product","2":"type-product","3":"status-publish","4":"has-post-thumbnail","6":"product_cat-belletristik","7":"pa_autor-cohen","8":"pa_erscheinungsjahr-22242","9":"pa_region-asien","10":"pa_sprache-de","12":"first","13":"instock","14":"taxable","15":"shipping-taxable","16":"purchasable","17":"product-type-simple"},"_links":{"self":[{"href":"https:\/\/pizbube.ch\/en\/wp-json\/wp\/v2\/product\/153207","targetHints":{"allow":["GET"]}}],"collection":[{"href":"https:\/\/pizbube.ch\/en\/wp-json\/wp\/v2\/product"}],"about":[{"href":"https:\/\/pizbube.ch\/en\/wp-json\/wp\/v2\/types\/product"}],"wp:featuredmedia":[{"embeddable":true,"href":"https:\/\/pizbube.ch\/en\/wp-json\/wp\/v2\/media\/45070"}],"wp:attachment":[{"href":"https:\/\/pizbube.ch\/en\/wp-json\/wp\/v2\/media?parent=153207"}],"wp:term":[{"taxonomy":"product_brand","embeddable":true,"href":"https:\/\/pizbube.ch\/en\/wp-json\/wp\/v2\/product_brand?post=153207"},{"taxonomy":"product_cat","embeddable":true,"href":"https:\/\/pizbube.ch\/en\/wp-json\/wp\/v2\/product_cat?post=153207"},{"taxonomy":"product_tag","embeddable":true,"href":"https:\/\/pizbube.ch\/en\/wp-json\/wp\/v2\/product_tag?post=153207"}],"curies":[{"name":"wp","href":"https:\/\/api.w.org\/{rel}","templated":true}]}}