{"id":153209,"date":"2021-01-15T12:35:38","date_gmt":"2021-01-15T12:35:38","guid":{"rendered":"https:\/\/codengine3.ch\/?product=import-placeholder-for-205311"},"modified":"2026-02-10T11:30:14","modified_gmt":"2026-02-10T10:30:14","slug":"beschreibung-der-toggenburgischen-gebirge","status":"publish","type":"product","link":"https:\/\/pizbube.ch\/en\/shop\/beschreibung-der-toggenburgischen-gebirge\/","title":{"rendered":"Beschreibung der Toggenburgischen Gebirge"},"content":{"rendered":"<p>Toggenburgerbl\u00e4tter f\u00fcr Heimatkunde &#8211; Heft 35<\/p>\n<p>Inhalt:<\/p>\n<p>Die Namen Alpstein, S\u00e4ntis und Churfirsten<br \/>\nRaum und Besiedlung<br \/>\nDie \u00dcberwindung der Bergfurcht &#8211; die \u00e4ltesten Toggenburger Quellen<\/p>\n<p>Die Entdeckung der Natur<br \/>\nDie Entdeckung der Sch\u00f6nheit<\/p>\n<p>Das Erwachen der Reiselust<br \/>\nMit den Augen der K\u00fcnstler gesehen<\/p>\n<p>Die Erschliessung durch Vermesser, Kartographen und Panoramazeichner<br \/>\nDie Geologen und Botaniker<\/p>\n<p>Von der alpinistischen Erschliessung &#8211;<br \/>\nbis zum organisierten Tourismus<\/p>","protected":false},"excerpt":{"rendered":"<p>Toggenburgerbl\u00e4tter f\u00fcr Heimatkunde &#8211; Heft 35 Inhalt: Die Namen Alpstein, S\u00e4ntis und Churfirsten Raum und Besiedlung Die \u00dcberwindung der Bergfurcht &#8211; die \u00e4ltesten Toggenburger Quellen Die Entdeckung der Natur Die Entdeckung der Sch\u00f6nheit Das Erwachen der Reiselust Mit den Augen der K\u00fcnstler gesehen Die Erschliessung durch Vermesser, Kartographen und Panoramazeichner Die Geologen und Botaniker Von [&#8230;]\n","protected":false},"featured_media":33980,"template":"","meta":[],"product_brand":[],"product_cat":[21580],"product_tag":[],"class_list":{"0":"post-153209","1":"product","2":"type-product","3":"status-publish","4":"has-post-thumbnail","6":"product_cat-kunst-kultur","7":"pa_autor-buechler","8":"pa_erscheinungsjahr-22443","9":"pa_region-schweiz","10":"pa_sprache-de","12":"first","13":"outofstock","14":"taxable","15":"shipping-taxable","16":"purchasable","17":"product-type-simple"},"_links":{"self":[{"href":"https:\/\/pizbube.ch\/en\/wp-json\/wp\/v2\/product\/153209","targetHints":{"allow":["GET"]}}],"collection":[{"href":"https:\/\/pizbube.ch\/en\/wp-json\/wp\/v2\/product"}],"about":[{"href":"https:\/\/pizbube.ch\/en\/wp-json\/wp\/v2\/types\/product"}],"wp:featuredmedia":[{"embeddable":true,"href":"https:\/\/pizbube.ch\/en\/wp-json\/wp\/v2\/media\/33980"}],"wp:attachment":[{"href":"https:\/\/pizbube.ch\/en\/wp-json\/wp\/v2\/media?parent=153209"}],"wp:term":[{"taxonomy":"product_brand","embeddable":true,"href":"https:\/\/pizbube.ch\/en\/wp-json\/wp\/v2\/product_brand?post=153209"},{"taxonomy":"product_cat","embeddable":true,"href":"https:\/\/pizbube.ch\/en\/wp-json\/wp\/v2\/product_cat?post=153209"},{"taxonomy":"product_tag","embeddable":true,"href":"https:\/\/pizbube.ch\/en\/wp-json\/wp\/v2\/product_tag?post=153209"}],"curies":[{"name":"wp","href":"https:\/\/api.w.org\/{rel}","templated":true}]}}