{"id":153213,"date":"2021-01-15T12:35:44","date_gmt":"2021-01-15T12:35:44","guid":{"rendered":"https:\/\/codengine3.ch\/?product=import-placeholder-for-202378"},"modified":"2024-09-25T11:50:38","modified_gmt":"2024-09-25T09:50:38","slug":"gran-canaria","status":"publish","type":"product","link":"https:\/\/pizbube.ch\/en\/shop\/gran-canaria\/","title":{"rendered":"Gran Canaria"},"content":{"rendered":"<p><span class=\"value\">Gran Canaria ist nicht nur ein hervorragendes Strand- und Sonnenparadies, es ist auch eine der vielseitigsten Wanderinseln des Kanarischen Archipels. Die Insel gleicht einem Miniaturkontinent: Flirrende D\u00fcnenfelder kontrastieren mit subtropischen T\u00e4lern, felsige Schluchten mit gr\u00fcnen Palmenoasen. Der Rother Wanderf\u00fchrer \u00bbGran Canaria\u00ab pr\u00e4sentiert 85 abwechslungsreiche Tourenvorschl\u00e4ge: von gem\u00fctlichen Wanderungen zu Badestr\u00e4nden \u00fcber abenteuerliche Pfade zu spektakul\u00e4r gelegenen H\u00f6hlend\u00f6rfern bis zu stimmungsvollen Kammwegen mit herrlichem Panorama.<\/span><\/p>\n<p>Die Wanderungen sind \u2013 wie auch die Natur \u2013 sehr abwechslungsreich. Auf vielen Wegen wird man kaum einem Menschen begegnen. Die Wanderungen f\u00fchren auf \u00fcber 500 Jahre alten Verbindungswegen, den Camino Reales, zu abgelegenen Bergd\u00f6rfern oder verlaufen entlang der K\u00fcsten. Im Zentrum der Insel erheben sich gezackte Bergk\u00e4mme und bizarre Felsmonolithen auf bis zu knapp 2000 Meter.<\/p>\n<p>Jeder Wandervorschlag bietet eine zuverl\u00e4ssige Tourenbeschreibung, ein Wanderk\u00e4rtchen mit eingetragenem Routenverlauf und ein aussagekr\u00e4ftiges H\u00f6henprofil. In einer \u00fcbersichtlichen Kurzinfo sind Busverbindungen, Einkehr- und \u00dcbernachtungsm\u00f6glichkeiten, Anforderungen, H\u00f6henunterschied und vieles mehr angegeben. GPS-Daten stehen zum Download bereit. Zahlreiche Fotos machen Lust auf Ausfl\u00fcge in die abwechslungsreiche Bergwelt.<\/p>\n<p>Die 12. Auflage wurde auf 85 Touren erweitert, mehr als 20<span class=\"value\"> Touren sind komplett neu.<\/span><\/p>\n<p>13., \u00fcberarbeitete Auflage 2024<br \/>\n85 H\u00f6henprofile, 85 Wanderk\u00e4rtchen im Ma\u00dfstab 1:25.000, 1:50.000 und 1:75.000, zwei \u00dcbersichtskarten, GPS-Tracks zum Download<\/p>\n<p>&nbsp;<\/p>","protected":false},"excerpt":{"rendered":"<p>Gran Canaria ist nicht nur ein hervorragendes Strand- und Sonnenparadies, es ist auch eine der vielseitigsten Wanderinseln des Kanarischen Archipels. Die Insel gleicht einem Miniaturkontinent: Flirrende D\u00fcnenfelder kontrastieren mit subtropischen T\u00e4lern, felsige Schluchten mit gr\u00fcnen Palmenoasen. Der Rother Wanderf\u00fchrer \u00bbGran Canaria\u00ab pr\u00e4sentiert 85 abwechslungsreiche Tourenvorschl\u00e4ge: von gem\u00fctlichen Wanderungen zu Badestr\u00e4nden \u00fcber abenteuerliche Pfade zu spektakul\u00e4r [&#8230;]\n","protected":false},"featured_media":169899,"template":"","meta":[],"product_brand":[],"product_cat":[21605],"product_tag":[],"class_list":{"0":"post-153213","1":"product","2":"type-product","3":"status-publish","4":"has-post-thumbnail","6":"product_cat-wanderfuehrer-trekking","7":"pa_autor-gawin","8":"pa_erscheinungsjahr-27339","9":"pa_region-spanien","10":"pa_sprache-de","12":"first","13":"instock","14":"taxable","15":"shipping-taxable","16":"purchasable","17":"product-type-simple"},"_links":{"self":[{"href":"https:\/\/pizbube.ch\/en\/wp-json\/wp\/v2\/product\/153213","targetHints":{"allow":["GET"]}}],"collection":[{"href":"https:\/\/pizbube.ch\/en\/wp-json\/wp\/v2\/product"}],"about":[{"href":"https:\/\/pizbube.ch\/en\/wp-json\/wp\/v2\/types\/product"}],"wp:featuredmedia":[{"embeddable":true,"href":"https:\/\/pizbube.ch\/en\/wp-json\/wp\/v2\/media\/169899"}],"wp:attachment":[{"href":"https:\/\/pizbube.ch\/en\/wp-json\/wp\/v2\/media?parent=153213"}],"wp:term":[{"taxonomy":"product_brand","embeddable":true,"href":"https:\/\/pizbube.ch\/en\/wp-json\/wp\/v2\/product_brand?post=153213"},{"taxonomy":"product_cat","embeddable":true,"href":"https:\/\/pizbube.ch\/en\/wp-json\/wp\/v2\/product_cat?post=153213"},{"taxonomy":"product_tag","embeddable":true,"href":"https:\/\/pizbube.ch\/en\/wp-json\/wp\/v2\/product_tag?post=153213"}],"curies":[{"name":"wp","href":"https:\/\/api.w.org\/{rel}","templated":true}]}}