{"id":153215,"date":"2021-01-15T12:35:44","date_gmt":"2021-01-15T12:35:44","guid":{"rendered":"https:\/\/codengine3.ch\/?product=import-placeholder-for-206594"},"modified":"2021-01-15T14:50:07","modified_gmt":"2021-01-15T14:50:07","slug":"gran-canaria-climbing-guide-guia-de-escalada-deportiva","status":"publish","type":"product","link":"https:\/\/pizbube.ch\/en\/shop\/gran-canaria-climbing-guide-guia-de-escalada-deportiva\/","title":{"rendered":"Gran Canaria Climbing Guide &#8211; Gu\u00eda de escalada deportiva"},"content":{"rendered":"<p>A full colour A5 size guide describing all the sport climbing on Gran Canaria<br \/>\n&#8211; the guide is published with English text and has colour photo-topos of the<br \/>\nindividual crags and lots of action shots. Also included are easy-to-follow<br \/>\ndirections to each of the sectors covered plus tips for visitors staying on<br \/>\nthe island.  <\/p>\n<p>Una gu\u00eda editada a todo color con multitud de fotograf\u00edas, croquis, accesos&#8230;<br \/>\nUn total de m\u00e1s de 750 v\u00edas, m\u00e1s de 50 sectores y 14 escuelas: Fatiga,<br \/>\nAyagaures, Sorrueda, Candelilla, Salto del Perro, Roque Nublo, Tamadaba,<br \/>\nGuiniguada, Costa Ayala, Cueva de Arucas, Barranco de Ba\u00f1aderos, Quintanilla,<br \/>\nBarranco de Moya, y Cenobio.  <\/p>","protected":false},"excerpt":{"rendered":"<p>A full colour A5 size guide describing all the sport climbing on Gran Canaria &#8211; the guide is published with English text and has colour photo-topos of the individual crags and lots of action shots. Also included are easy-to-follow directions to each of the sectors covered plus tips for visitors staying on the island. Una [&#8230;]\n","protected":false},"featured_media":35678,"template":"","meta":[],"product_brand":[],"product_cat":[21539],"product_tag":[],"class_list":{"0":"post-153215","1":"product","2":"type-product","3":"status-publish","4":"has-post-thumbnail","6":"product_cat-fuehrerliteratur-sportklettern-bouldern","7":"pa_autor-fernandez-del-valle","8":"pa_erscheinungsjahr-21610","9":"pa_region-spanien","10":"pa_sprache-en-es","12":"first","13":"outofstock","14":"taxable","15":"shipping-taxable","16":"purchasable","17":"product-type-simple"},"_links":{"self":[{"href":"https:\/\/pizbube.ch\/en\/wp-json\/wp\/v2\/product\/153215","targetHints":{"allow":["GET"]}}],"collection":[{"href":"https:\/\/pizbube.ch\/en\/wp-json\/wp\/v2\/product"}],"about":[{"href":"https:\/\/pizbube.ch\/en\/wp-json\/wp\/v2\/types\/product"}],"wp:featuredmedia":[{"embeddable":true,"href":"https:\/\/pizbube.ch\/en\/wp-json\/wp\/v2\/media\/35678"}],"wp:attachment":[{"href":"https:\/\/pizbube.ch\/en\/wp-json\/wp\/v2\/media?parent=153215"}],"wp:term":[{"taxonomy":"product_brand","embeddable":true,"href":"https:\/\/pizbube.ch\/en\/wp-json\/wp\/v2\/product_brand?post=153215"},{"taxonomy":"product_cat","embeddable":true,"href":"https:\/\/pizbube.ch\/en\/wp-json\/wp\/v2\/product_cat?post=153215"},{"taxonomy":"product_tag","embeddable":true,"href":"https:\/\/pizbube.ch\/en\/wp-json\/wp\/v2\/product_tag?post=153215"}],"curies":[{"name":"wp","href":"https:\/\/api.w.org\/{rel}","templated":true}]}}