{"id":153216,"date":"2021-01-15T12:35:44","date_gmt":"2021-01-15T12:35:44","guid":{"rendered":"https:\/\/codengine3.ch\/?product=import-placeholder-for-204853"},"modified":"2024-09-19T14:30:47","modified_gmt":"2024-09-19T12:30:47","slug":"kanarische-inseln-wanderungen-auf-la-gomera","status":"publish","type":"product","link":"https:\/\/pizbube.ch\/en\/shop\/kanarische-inseln-wanderungen-auf-la-gomera\/","title":{"rendered":"Kanarische Inseln: Wanderungen auf La Gomera"},"content":{"rendered":"<p>La Gomera ist eine geheimnisvolle Insel, die Ihren Zauber denjenigen enth\u00fcllt,<br \/>\ndie sich diese besondere Landschaft erwandern, sie genie\u00dfen und in sich<br \/>\naufnehmen k\u00f6nnen. Vom zentralen Hochland mit seinen ausgedehnten Nebelw\u00e4ldern<br \/>\nst\u00fcrzen sich nicht weniger als 50 Schluchten und wilde Berglandschaften<br \/>\nmeerw\u00e4rts. Von gem\u00fctlichen Wanderwegen durch idyllische Palment\u00e4ler, lange,<br \/>\neinsame Wanderungen durch einzigartige Berglandschaften, auf alten<br \/>\nDorfverbindungspfaden und entlang schroffer Steilk\u00fcsten, bis hin zu den<br \/>\nm\u00e4rchenhaften Wanderungen durch den Nebelurwald bietet La Gomera, die zweit<br \/>\nkleinste Insel des kanarischen Archipels ein schier unergr\u00fcndliches Spektrum<br \/>\nan M\u00f6glichkeiten. 267 Seiten, 17 Farbkarten, 62 farbige Abbildungen<\/p>","protected":false},"excerpt":{"rendered":"<p>La Gomera ist eine geheimnisvolle Insel, die Ihren Zauber denjenigen enth\u00fcllt, die sich diese besondere Landschaft erwandern, sie genie\u00dfen und in sich aufnehmen k\u00f6nnen. Vom zentralen Hochland mit seinen ausgedehnten Nebelw\u00e4ldern st\u00fcrzen sich nicht weniger als 50 Schluchten und wilde Berglandschaften meerw\u00e4rts. Von gem\u00fctlichen Wanderwegen durch idyllische Palment\u00e4ler, lange, einsame Wanderungen durch einzigartige Berglandschaften, auf [&#8230;]\n","protected":false},"featured_media":33390,"template":"","meta":[],"product_brand":[],"product_cat":[21605],"product_tag":[],"class_list":{"0":"post-153216","1":"product","2":"type-product","3":"status-publish","4":"has-post-thumbnail","6":"product_cat-wanderfuehrer-trekking","7":"pa_autor-goebel","8":"pa_erscheinungsjahr-21842","9":"pa_region-spanien","10":"pa_sprache-de","12":"first","13":"outofstock","14":"taxable","15":"shipping-taxable","16":"purchasable","17":"product-type-simple"},"_links":{"self":[{"href":"https:\/\/pizbube.ch\/en\/wp-json\/wp\/v2\/product\/153216","targetHints":{"allow":["GET"]}}],"collection":[{"href":"https:\/\/pizbube.ch\/en\/wp-json\/wp\/v2\/product"}],"about":[{"href":"https:\/\/pizbube.ch\/en\/wp-json\/wp\/v2\/types\/product"}],"wp:featuredmedia":[{"embeddable":true,"href":"https:\/\/pizbube.ch\/en\/wp-json\/wp\/v2\/media\/33390"}],"wp:attachment":[{"href":"https:\/\/pizbube.ch\/en\/wp-json\/wp\/v2\/media?parent=153216"}],"wp:term":[{"taxonomy":"product_brand","embeddable":true,"href":"https:\/\/pizbube.ch\/en\/wp-json\/wp\/v2\/product_brand?post=153216"},{"taxonomy":"product_cat","embeddable":true,"href":"https:\/\/pizbube.ch\/en\/wp-json\/wp\/v2\/product_cat?post=153216"},{"taxonomy":"product_tag","embeddable":true,"href":"https:\/\/pizbube.ch\/en\/wp-json\/wp\/v2\/product_tag?post=153216"}],"curies":[{"name":"wp","href":"https:\/\/api.w.org\/{rel}","templated":true}]}}