{"id":153217,"date":"2021-01-15T12:35:44","date_gmt":"2021-01-15T12:35:44","guid":{"rendered":"https:\/\/codengine3.ch\/?product=import-placeholder-for-204122"},"modified":"2024-09-25T11:48:51","modified_gmt":"2024-09-25T09:48:51","slug":"la-gomera","status":"publish","type":"product","link":"https:\/\/pizbube.ch\/en\/shop\/la-gomera\/","title":{"rendered":"La Gomera"},"content":{"rendered":"<p class=\"mt-3\">Die sch\u00f6nsten K\u00fcsten- und Bergwanderungen<\/p>\n<p>73 ausgew\u00e4hlte Wanderungen an den K\u00fcsten und in den Bergen der wildesten der<br \/>\nKanarischen Inseln<\/p>\n<p><span class=\"value\">La Gomera ist die wildeste Insel der Kanaren. Sie ist wie geschaffen f\u00fcr Naturliebhaber und Wanderer. Vom zentralen Hochland der fast 1500 Meter hohen Insel winden sich sternf\u00f6rmig zahllose Schluchten hinab zum Meer, die sich tief in das ansonsten sanft abfallende Eiland hineingegraben haben. La Gomera wartet mit einer unglaublichen landschaftlichen Vielfalt auf: Idyllische T\u00e4ler mit Terrassenfeldern und Palmenhainen kontrastieren mit schroffen Steilk\u00fcsten und spektakul\u00e4ren Schluchten, die m\u00e4rchenhaften Lorbeerw\u00e4lder des Garajonay-Nationalparks mit Kiefernw\u00e4ldern und Bananenplantagen. Der Rother Wanderf\u00fchrer La Gomera pr\u00e4sentiert mit 73 Touren eine breite Auswahl herrlicher Wandervorschl\u00e4ge, die alle Regionen Gomeras einbezieht.<\/span><\/p>\n<p>Wanderer erwarten Genusstouren ohnegleichen, zwischen glei\u00dfenden Lavastr\u00e4nden, \u00fcppigen Nebelurw\u00e4ldern und wolkenumwallten Graten. Der Bogen spannt sich von gem\u00fctlichen Pfaden durch Palment\u00e4ler \u00fcber beschauliche H\u00f6henbummeleien bis zu aussichtsreichen Gipfelanstiegen. Wanderwege durch den vertr\u00e4umten Nebelurwald sind ebenso dabei wie die teils steingepflasterten Caminos, die fr\u00fcher die Hauptverbindungswege zwischen den D\u00f6rfern waren. Viele Tourenvorschl\u00e4ge eignen sich hervorragend f\u00fcr weniger ge\u00fcbte Wanderer, aber auch erfahrene Bergwanderer, die einen Schuss Abenteuer und Nervenkitzel vertragen, finden ein reiches Tourenangebot vor.<\/p>\n<p>S\u00e4mtliche Wanderungen in diesem Wanderf\u00fchrer werden mit \u00fcbersichtlichen Toureninfos, zuverl\u00e4ssigen Beschreibungen, detaillierten Kartenausschnitten und aussagekr\u00e4ftigen H\u00f6henprofilen vorgestellt. Gepr\u00fcfte GPS-Tracks, die zum Download bereitstehen, machen die Orientierung ganz einfach. F\u00fcr eine entspannte An- und Abfahrt sind fast alle Wanderungen mit dem Bus erreichbar.<\/p>\n<p>Der Rother Wanderf\u00fchrer La Gomera ist der ideale Begleiter f\u00fcr mehr als nur einen Wanderurlaub auf der kleinen, aber wilden Kanareninsel.<\/p>\n<p>20. Auflage 2024;<br \/>\n288 Seiten<br \/>\n75 H\u00f6henprofile, 73 Wanderk\u00e4rtchen im Ma\u00dfstab 1:50.000, 2 \u00dcbersichtskarten im Ma\u00dfstab 1:150.000 und 1:300.000, GPS-Tracks zum Download<\/p>","protected":false},"excerpt":{"rendered":"<p>Die sch\u00f6nsten K\u00fcsten- und Bergwanderungen 73 ausgew\u00e4hlte Wanderungen an den K\u00fcsten und in den Bergen der wildesten der Kanarischen Inseln La Gomera ist die wildeste Insel der Kanaren. Sie ist wie geschaffen f\u00fcr Naturliebhaber und Wanderer. Vom zentralen Hochland der fast 1500 Meter hohen Insel winden sich sternf\u00f6rmig zahllose Schluchten hinab zum Meer, die sich [&#8230;]\n","protected":false},"featured_media":175026,"template":"","meta":[],"product_brand":[],"product_cat":[21605],"product_tag":[],"class_list":{"0":"post-153217","1":"product","2":"type-product","3":"status-publish","4":"has-post-thumbnail","6":"product_cat-wanderfuehrer-trekking","7":"pa_autor-wolfsperger","8":"pa_erscheinungsjahr-27339","9":"pa_region-spanien","10":"pa_sprache-de","12":"first","13":"instock","14":"taxable","15":"shipping-taxable","16":"purchasable","17":"product-type-simple"},"_links":{"self":[{"href":"https:\/\/pizbube.ch\/en\/wp-json\/wp\/v2\/product\/153217","targetHints":{"allow":["GET"]}}],"collection":[{"href":"https:\/\/pizbube.ch\/en\/wp-json\/wp\/v2\/product"}],"about":[{"href":"https:\/\/pizbube.ch\/en\/wp-json\/wp\/v2\/types\/product"}],"wp:featuredmedia":[{"embeddable":true,"href":"https:\/\/pizbube.ch\/en\/wp-json\/wp\/v2\/media\/175026"}],"wp:attachment":[{"href":"https:\/\/pizbube.ch\/en\/wp-json\/wp\/v2\/media?parent=153217"}],"wp:term":[{"taxonomy":"product_brand","embeddable":true,"href":"https:\/\/pizbube.ch\/en\/wp-json\/wp\/v2\/product_brand?post=153217"},{"taxonomy":"product_cat","embeddable":true,"href":"https:\/\/pizbube.ch\/en\/wp-json\/wp\/v2\/product_cat?post=153217"},{"taxonomy":"product_tag","embeddable":true,"href":"https:\/\/pizbube.ch\/en\/wp-json\/wp\/v2\/product_tag?post=153217"}],"curies":[{"name":"wp","href":"https:\/\/api.w.org\/{rel}","templated":true}]}}