{"id":153218,"date":"2021-01-15T12:35:44","date_gmt":"2021-01-15T12:35:44","guid":{"rendered":"https:\/\/codengine3.ch\/?product=import-placeholder-for-204121"},"modified":"2026-03-20T10:31:50","modified_gmt":"2026-03-20T09:31:50","slug":"teneriffa","status":"publish","type":"product","link":"https:\/\/pizbube.ch\/en\/shop\/teneriffa\/","title":{"rendered":"Teneriffa &#8211; 88 Touren auf der \u00bbInsel der Gl\u00fcckseligen\u00ab \u2013 die sch\u00f6nsten K\u00fcsten- und Bergwanderungen"},"content":{"rendered":"<p><span class=\"value\">Teneriffa ist wohl das vielseitigste Wanderparadies der Kanarischen Inseln. Auf der \u00bbInsel der Gl\u00fcckseligen\u00ab erhebt sich nicht nur der Pico del Teide, mit 3718 Meter der h\u00f6chste Gipfel ganz Spaniens, sie vereint auch v\u00f6llig unterschiedliche Landschaftsformen: Der karge, fast w\u00fcstenhafte S\u00fcden Teneriffas steht im markanten Gegensatz zur Bilderbuchlandschaft des fruchtbaren Nordens mit seiner verschwenderischen Natur. Landschaftlicher H\u00f6hepunkt ist zweifellos die Mondlandschaft des Nationalparks Ca\u00f1adas del Teide. Der Rother Wanderf\u00fchrer Teneriffa stellt 88 der sch\u00f6nsten K\u00fcsten- und Bergwanderungen vor.<\/span><\/p>\n<p>Den weiten Ozean immer im Blick, spannt sich der Bogen von gem\u00fctlichen Pfaden zu schroffen Steilk\u00fcsten \u00fcber beschauliche H\u00f6henbummeleien bis zu aussichtsreichen Gipfelanstiegen. Wanderwege durch m\u00e4rchenhafte Urw\u00e4lder werden ebenso vorgestellt wie die teils gepflasterten Caminos, die fr\u00fcher die Hauptverbindungen zwischen den D\u00f6rfern Teneriffas waren. Viele der vorgestellten Wanderungen sind einfach und kurz und eignen sich perfekt als Halbtagestour. F\u00fcr abenteuerlustige Bergwanderer bietet dieser Wanderf\u00fchrer mit waghalsigen Klippen-, spektakul\u00e4ren Schlucht- und ausgedehnten Bergwanderungen ebenfalls ein reiches Tourenangebot.<\/p>\n<p>Zuverl\u00e4ssige Wegbeschreibungen, detaillierte Wanderkarten und aussagekr\u00e4ftige H\u00f6henprofile machen diesen Wanderf\u00fchrer zu einem verl\u00e4sslichen Begleiter auf Teneriffa. Aktuell recherchierte Infos, Hinweise zu Genehmigungen sowie viele Tipps zu Varianten und Kombinationsm\u00f6glichkeiten erleichtern die Planung. Stimmungsvolle Bilder wecken die Lust auf immer neue Ausfl\u00fcge in diese lieblich-bizarre Bergwelt Teneriffas. Gepr\u00fcfte GPS-Tracks, die zum Download von der Internetseite des Rother Bergverlags bereitstehen, erleichtern die Orientierung unterwegs. Nicht nur umweltfreundlich, sondern gerade im Urlaub auch bequem ist, dass fast alle Wanderungen mit \u00f6ffentlichen Verkehrsmitteln erreichbar sind.<\/p>\n<p>24. Auflage 2026<br \/>\n304 Seiten mit 271 Farbabbildungen<br \/>\n94 H\u00f6henprofile, 88 Wanderk\u00e4rtchen im Ma\u00dfstab 1:50.000 und 1:75.000, vier \u00dcbersichtskarten im Ma\u00dfstab 1:400.000, GPS-Tracks zum Download<\/p>","protected":false},"excerpt":{"rendered":"<p>Teneriffa ist wohl das vielseitigste Wanderparadies der Kanarischen Inseln. Auf der \u00bbInsel der Gl\u00fcckseligen\u00ab erhebt sich nicht nur der Pico del Teide, mit 3718 Meter der h\u00f6chste Gipfel ganz Spaniens, sie vereint auch v\u00f6llig unterschiedliche Landschaftsformen: Der karge, fast w\u00fcstenhafte S\u00fcden Teneriffas steht im markanten Gegensatz zur Bilderbuchlandschaft des fruchtbaren Nordens mit seiner verschwenderischen Natur. [&#8230;]\n","protected":false},"featured_media":183516,"template":"","meta":[],"product_brand":[],"product_cat":[21605],"product_tag":[26900],"class_list":{"0":"post-153218","1":"product","2":"type-product","3":"status-publish","4":"has-post-thumbnail","6":"product_cat-wanderfuehrer-trekking","7":"product_tag-teneriffe","8":"pa_autor-wolfsperger","9":"pa_erscheinungsjahr-27654","10":"pa_region-spanien","11":"pa_sprache-de","13":"first","14":"instock","15":"taxable","16":"shipping-taxable","17":"purchasable","18":"product-type-simple"},"_links":{"self":[{"href":"https:\/\/pizbube.ch\/en\/wp-json\/wp\/v2\/product\/153218","targetHints":{"allow":["GET"]}}],"collection":[{"href":"https:\/\/pizbube.ch\/en\/wp-json\/wp\/v2\/product"}],"about":[{"href":"https:\/\/pizbube.ch\/en\/wp-json\/wp\/v2\/types\/product"}],"wp:featuredmedia":[{"embeddable":true,"href":"https:\/\/pizbube.ch\/en\/wp-json\/wp\/v2\/media\/183516"}],"wp:attachment":[{"href":"https:\/\/pizbube.ch\/en\/wp-json\/wp\/v2\/media?parent=153218"}],"wp:term":[{"taxonomy":"product_brand","embeddable":true,"href":"https:\/\/pizbube.ch\/en\/wp-json\/wp\/v2\/product_brand?post=153218"},{"taxonomy":"product_cat","embeddable":true,"href":"https:\/\/pizbube.ch\/en\/wp-json\/wp\/v2\/product_cat?post=153218"},{"taxonomy":"product_tag","embeddable":true,"href":"https:\/\/pizbube.ch\/en\/wp-json\/wp\/v2\/product_tag?post=153218"}],"curies":[{"name":"wp","href":"https:\/\/api.w.org\/{rel}","templated":true}]}}