{"id":153219,"date":"2021-01-15T12:35:44","date_gmt":"2021-01-15T12:35:44","guid":{"rendered":"https:\/\/codengine3.ch\/?product=import-placeholder-for-208136"},"modified":"2021-04-23T17:54:14","modified_gmt":"2021-04-23T15:54:14","slug":"gran-canaria-sport-climbing-guidebook","status":"publish","type":"product","link":"https:\/\/pizbube.ch\/en\/shop\/gran-canaria-sport-climbing-guidebook\/","title":{"rendered":"Gran Canaria Sport Climbing Guidebook"},"content":{"rendered":"<p>A 2015 climbing guidebook describing routes of all grades on Gran Canaria &#8211;<br \/>\nthe guide contains a full suite of photo-topos to all the crags and boulders<br \/>\nas well as a full set of detailed maps making getting to the chosen crag<br \/>\nstraightforward. The guide has been written and published by some of the<br \/>\nisland&#8217;s keen activists so all the information is bang up-to-date: Spanish and<br \/>\nEnglish text throughout&#8230;<\/p>\n<p>The Climbo Guide is intended for rock climbers of all levels interested in<br \/>\nexploring Gran Canaria\u2019s routes. With an easy and accessible method you will<br \/>\nbe able to orient yourself around the most popular areas on the island and get<br \/>\nto know its main crags. Thanks to close contact with equippers and experienced<br \/>\nrock climbers this guide offers you the exclusive technical information you<br \/>\nwill need to explore securely the different ravines on the island.<\/p>\n<p>This Guidebook will not only help you expand your rock climbing expertise and<br \/>\nknowledge, but will accompany you in this adventure while you discover the<br \/>\nnatural beauty of the island and its people.<\/p>\n<p>&nbsp;<\/p>\n<p>Gu\u00eda de Escalada Deportiva en Gran Canaria<br \/>\nLa Gu\u00eda Climbo est\u00e1 dirigida a escaladores de todos los niveles interesados en<br \/>\nexplorar las rutas de Gran Canaria. Con nuestro m\u00e9todo claro y accesible<br \/>\npodr\u00e1s orientarte por las zonas m\u00e1s frecuentadas de la isla y conocer sus<br \/>\nprincipales escuelas.<br \/>\nGracias al contacto directo con equipadores y escaladores experimentados, esta<br \/>\ngu\u00eda te ofrece la informaci\u00f3n t\u00e9cnica exclusiva que necesitar\u00e1s para<br \/>\nadentrarte de forma segura en los diversos barrancos de Gran Canaria.<br \/>\nAdem\u00e1s de ayudarte a ampliar tus conocimientos y experiencia de escalada, la<br \/>\nGu\u00eda Climbo te acompa\u00f1ar\u00e1 en esta aventura en la descubrir\u00e1s la riqueza<br \/>\nnatural de la isla y su gente.<\/p>","protected":false},"excerpt":{"rendered":"<p>A 2015 climbing guidebook describing routes of all grades on Gran Canaria &#8211; the guide contains a full suite of photo-topos to all the crags and boulders as well as a full set of detailed maps making getting to the chosen crag straightforward. The guide has been written and published by some of the island&#8217;s [&#8230;]\n","protected":false},"featured_media":39458,"template":"","meta":[],"product_brand":[],"product_cat":[21539],"product_tag":[],"class_list":{"0":"post-153219","1":"product","2":"type-product","3":"status-publish","4":"has-post-thumbnail","6":"product_cat-fuehrerliteratur-sportklettern-bouldern","7":"pa_autor-martinon","8":"pa_erscheinungsjahr-21597","9":"pa_region-spanien","10":"pa_sprache-en-es","12":"first","13":"outofstock","14":"taxable","15":"shipping-taxable","16":"purchasable","17":"product-type-simple"},"_links":{"self":[{"href":"https:\/\/pizbube.ch\/en\/wp-json\/wp\/v2\/product\/153219","targetHints":{"allow":["GET"]}}],"collection":[{"href":"https:\/\/pizbube.ch\/en\/wp-json\/wp\/v2\/product"}],"about":[{"href":"https:\/\/pizbube.ch\/en\/wp-json\/wp\/v2\/types\/product"}],"wp:featuredmedia":[{"embeddable":true,"href":"https:\/\/pizbube.ch\/en\/wp-json\/wp\/v2\/media\/39458"}],"wp:attachment":[{"href":"https:\/\/pizbube.ch\/en\/wp-json\/wp\/v2\/media?parent=153219"}],"wp:term":[{"taxonomy":"product_brand","embeddable":true,"href":"https:\/\/pizbube.ch\/en\/wp-json\/wp\/v2\/product_brand?post=153219"},{"taxonomy":"product_cat","embeddable":true,"href":"https:\/\/pizbube.ch\/en\/wp-json\/wp\/v2\/product_cat?post=153219"},{"taxonomy":"product_tag","embeddable":true,"href":"https:\/\/pizbube.ch\/en\/wp-json\/wp\/v2\/product_tag?post=153219"}],"curies":[{"name":"wp","href":"https:\/\/api.w.org\/{rel}","templated":true}]}}