{"id":153220,"date":"2021-01-15T12:35:44","date_gmt":"2021-01-15T12:35:44","guid":{"rendered":"https:\/\/codengine3.ch\/?product=import-placeholder-for-202846"},"modified":"2021-01-15T12:39:50","modified_gmt":"2021-01-15T12:39:50","slug":"der-berg","status":"publish","type":"product","link":"https:\/\/pizbube.ch\/en\/shop\/der-berg\/","title":{"rendered":"Der Berg"},"content":{"rendered":"<p>Der Berg in der Kunst: Die Publikation beleuchtet die Spannweite des Themas<br \/>\nexemplarisch anhand ausgew\u00e4hlter Beispiele. Essays von Autoren<br \/>\nunterschiedlichster Fachbereiche umkreisen das Thema vom Blick des Astronomen<br \/>\nbis hin zum Verpackungsdesign. Beispiele aus der \u00e4lteren Kunstgeschichte,<br \/>\ninsbesondere des 19. Jahrhunderts, f\u00fchren zum Schwerpunkt mit insgesamt 120<br \/>\nBeitr\u00e4gen, die allesamt der Gegenwartskunst zum Thema Berg gewidmet sind.<\/p>","protected":false},"excerpt":{"rendered":"<p>Der Berg in der Kunst: Die Publikation beleuchtet die Spannweite des Themas exemplarisch anhand ausgew\u00e4hlter Beispiele. Essays von Autoren unterschiedlichster Fachbereiche umkreisen das Thema vom Blick des Astronomen bis hin zum Verpackungsdesign. Beispiele aus der \u00e4lteren Kunstgeschichte, insbesondere des 19. Jahrhunderts, f\u00fchren zum Schwerpunkt mit insgesamt 120 Beitr\u00e4gen, die allesamt der Gegenwartskunst zum Thema Berg [&#8230;]\n","protected":false},"featured_media":45070,"template":"","meta":[],"product_brand":[],"product_cat":[21580],"product_tag":[],"class_list":{"0":"post-153220","1":"product","2":"type-product","3":"status-publish","4":"has-post-thumbnail","6":"product_cat-kunst-kultur","7":"pa_autor-gercke","8":"pa_erscheinungsjahr-22144","9":"pa_region-deutschland","10":"pa_sprache-de","12":"first","13":"instock","14":"taxable","15":"shipping-taxable","16":"purchasable","17":"product-type-simple"},"_links":{"self":[{"href":"https:\/\/pizbube.ch\/en\/wp-json\/wp\/v2\/product\/153220","targetHints":{"allow":["GET"]}}],"collection":[{"href":"https:\/\/pizbube.ch\/en\/wp-json\/wp\/v2\/product"}],"about":[{"href":"https:\/\/pizbube.ch\/en\/wp-json\/wp\/v2\/types\/product"}],"wp:featuredmedia":[{"embeddable":true,"href":"https:\/\/pizbube.ch\/en\/wp-json\/wp\/v2\/media\/45070"}],"wp:attachment":[{"href":"https:\/\/pizbube.ch\/en\/wp-json\/wp\/v2\/media?parent=153220"}],"wp:term":[{"taxonomy":"product_brand","embeddable":true,"href":"https:\/\/pizbube.ch\/en\/wp-json\/wp\/v2\/product_brand?post=153220"},{"taxonomy":"product_cat","embeddable":true,"href":"https:\/\/pizbube.ch\/en\/wp-json\/wp\/v2\/product_cat?post=153220"},{"taxonomy":"product_tag","embeddable":true,"href":"https:\/\/pizbube.ch\/en\/wp-json\/wp\/v2\/product_tag?post=153220"}],"curies":[{"name":"wp","href":"https:\/\/api.w.org\/{rel}","templated":true}]}}