{"id":153221,"date":"2021-01-15T12:35:44","date_gmt":"2021-01-15T12:35:44","guid":{"rendered":"https:\/\/codengine3.ch\/?product=import-placeholder-for-207456"},"modified":"2021-01-15T16:03:27","modified_gmt":"2021-01-15T16:03:27","slug":"dutch-mountains","status":"publish","type":"product","link":"https:\/\/pizbube.ch\/en\/shop\/dutch-mountains\/","title":{"rendered":"Dutch Mountains"},"content":{"rendered":"<p>Vom holl\u00e4ndischen Flachland in die Alpen  <\/p>\n<p>Der Band wirft einen neuen Blick auf die Entwicklung der Landschaftsmalerei in<br \/>\nder fr\u00fchen Neuzeit. Holl\u00e4ndische Maler reisen in die Schweiz und entdecken die<br \/>\nAlpen \u2013 Schulter an Schulter mit einheimischen Malern. Geboten wird ein<br \/>\neindr\u00fcckliches Alpenpanorama: von topografischen Bilddokumenten h\u00f6chster<br \/>\nzeichnerischer Qualit\u00e4t bis zu virtuos komponierten Gem\u00e4lden<\/p>\n<p>Der Amsterdamer Jan Hackaert und der Z\u00fcrcher Conrad Meyer revolutionieren mit<br \/>\nihren bemerkenswerten Zeichnungen der Glarner Gebirgswelt bereits Mitte des<br \/>\n17. Jahrhunderts die Darstellung der Alpen \u2013 beinahe hundert Jahre bevor<br \/>\nAlbrecht von Haller sie besingt. Im Austausch zwischen niederl\u00e4ndischen und<br \/>\nSchweizer K\u00fcnstlern r\u00fcckt die Bergwelt in der Folge immer st\u00e4rker ins<br \/>\nBewusstsein der Landschaftsmaler wie Caspar Wolf und Alexander Calame.<\/p>\n<p>Gepr\u00e4gt von deren Innovationskraft begab sich der Amsterdamer Jan Hackaert mit<br \/>\ndem Z\u00fcrcher Maler Conrad Meyer bereits 1655 auf eine Expedition ins<br \/>\nGlarnerland. Mit ihrer realistischen und geradezu modernen zeichnerischen<br \/>\nInterpretation des Hochgebirges gelten sie als eigentliche Wegbereiter der<br \/>\nSchweizer Alpenmalerei \u2013 Jahrzehnte bevor der Dichter Albrecht von Haller die<br \/>\nAlpen adelte. In der Folge manifestiert sich bei zahlreichen Schweizer<br \/>\nK\u00fcnstlern des 18. Jahrhunderts eine Rezeption der holl\u00e4ndischen Meister, die<br \/>\nvom gefeierten Caspar Wolf bis ins 19. Jahrhundert zum international<br \/>\nerfolgreichen Genfer Alexandre Calame reicht.  <\/p>\n<p>Werke von Pieter Bruegel d. \u00c4., Roelant Savery, Allaert van Everdingen, Jacob<br \/>\nvan Ruisdael, Jan Hackaert, Conrad Meyer, Felix Meyer, Johann Ludwig Aberli,<br \/>\nCaspar Wolf, Johann Jakob Biedermann, Fran\u00e7ois Diday, Alexandre Calame u. a.<\/p>\n<p>Beitr\u00e4ge von C. Ferraud, K. Georgi, A. Lutz, D. Schmidhauser<br \/>\nText: Deutsch<br \/>\n184 Seiten, 170 Abbildungen in Farbe; 23 x 28 cm, gebunden  <\/p>","protected":false},"excerpt":{"rendered":"<p>Vom holl\u00e4ndischen Flachland in die Alpen Der Band wirft einen neuen Blick auf die Entwicklung der Landschaftsmalerei in der fr\u00fchen Neuzeit. Holl\u00e4ndische Maler reisen in die Schweiz und entdecken die Alpen \u2013 Schulter an Schulter mit einheimischen Malern. Geboten wird ein eindr\u00fcckliches Alpenpanorama: von topografischen Bilddokumenten h\u00f6chster zeichnerischer Qualit\u00e4t bis zu virtuos komponierten Gem\u00e4lden Der [&#8230;]\n","protected":false},"featured_media":37522,"template":"","meta":[],"product_brand":[],"product_cat":[21580],"product_tag":[],"class_list":{"0":"post-153221","1":"product","2":"type-product","3":"status-publish","4":"has-post-thumbnail","6":"product_cat-kunst-kultur","7":"pa_autor-schmidhauser-lutz-hrsg","8":"pa_erscheinungsjahr-21546","9":"pa_region-schweiz","10":"pa_sprache-de","12":"first","13":"instock","14":"taxable","15":"shipping-taxable","16":"purchasable","17":"product-type-simple"},"_links":{"self":[{"href":"https:\/\/pizbube.ch\/en\/wp-json\/wp\/v2\/product\/153221","targetHints":{"allow":["GET"]}}],"collection":[{"href":"https:\/\/pizbube.ch\/en\/wp-json\/wp\/v2\/product"}],"about":[{"href":"https:\/\/pizbube.ch\/en\/wp-json\/wp\/v2\/types\/product"}],"wp:featuredmedia":[{"embeddable":true,"href":"https:\/\/pizbube.ch\/en\/wp-json\/wp\/v2\/media\/37522"}],"wp:attachment":[{"href":"https:\/\/pizbube.ch\/en\/wp-json\/wp\/v2\/media?parent=153221"}],"wp:term":[{"taxonomy":"product_brand","embeddable":true,"href":"https:\/\/pizbube.ch\/en\/wp-json\/wp\/v2\/product_brand?post=153221"},{"taxonomy":"product_cat","embeddable":true,"href":"https:\/\/pizbube.ch\/en\/wp-json\/wp\/v2\/product_cat?post=153221"},{"taxonomy":"product_tag","embeddable":true,"href":"https:\/\/pizbube.ch\/en\/wp-json\/wp\/v2\/product_tag?post=153221"}],"curies":[{"name":"wp","href":"https:\/\/api.w.org\/{rel}","templated":true}]}}