{"id":153222,"date":"2021-01-15T12:35:44","date_gmt":"2021-01-15T12:35:44","guid":{"rendered":"https:\/\/codengine3.ch\/?product=import-placeholder-for-205127"},"modified":"2021-01-15T14:38:54","modified_gmt":"2021-01-15T14:38:54","slug":"mit-gluecklichen-augen-100-jahre-walter-pause","status":"publish","type":"product","link":"https:\/\/pizbube.ch\/en\/shop\/mit-gluecklichen-augen-100-jahre-walter-pause\/","title":{"rendered":"Mit gl\u00fccklichen Augen 100 Jahre Walter Pause"},"content":{"rendered":"<p>Die hundert sch\u00f6nsten Geschichten aus dem Leben von Walter Pause  <\/p>\n<p>Walter Pause kam vor 100 Jahren, am 23. Juli 1907, in Heidelberg zur Welt. Mit<br \/>\nseinen B\u00fcchern sollte der Schriftsteller und Journalist seine Leidenschaft f\u00fcr<br \/>\ndas Bergerlebnis auf eine ganze Generation von Wanderern, Hochtouristen,<br \/>\nKletterern, Skifahrern und Skitourengehern \u00fcbertragen. Ihm zu Ehren wird das<br \/>\nRedaktionsb\u00fcro Pause den Sammelband &#8218;Mit gl\u00fccklichen Augen: Die 100 sch\u00f6nsten<br \/>\nGeschichten von Walter Pause&#8216; herausgeben. Zurzeit wird daran fieberhaft<br \/>\ngearbeitet.  <\/p>\n<p>In seinem 80 Jahre w\u00e4hrenden Leben schrieb Walter Pause eine ganze Menge:<br \/>\nB\u00fccher, Briefe, Artikel, Glossen, Kommentare und Kalendergeschichten &#8211; zu<br \/>\nseinen runden Geburtstagen gerne auch die Laudationes f\u00fcr die Presse. Sein<br \/>\nkaum zu widerlegendes Argument: &#8218;Ich kenn&#8216; mich schlie\u00dflich selbst am besten.&#8216;<br \/>\nAn das Wirken seines Vaters erinnert Michael Pause, Redakteur des Bayerischen<br \/>\nRundfunks und Leiter der Bergsteigersendung &#8218;Bergauf-Bergab&#8216; mit einem Werk,<br \/>\ndas die menschliche, alpinistische und schriftstellerische Vielseitig-<br \/>\nkeit Walter Pauses eindrucksvoll dokumentiert.  <\/p>\n<p>&#8218;Mit gl\u00fccklichen Augen&#8216;: Dieser Titel greift das erste, 1948 erschienene Buch<br \/>\ndes Alpinromantikers Walter Pause auf. Die Zahl der Kapitel orientiert sich<br \/>\nsowohl am 100-j\u00e4hrigen Geburtstag als auch an der Zahl 100, die die<br \/>\nerfolgreiche Bergbuchserie Walter Pauses kennzeichnete.  <\/p>\n<p>Jedes Pause-Buch &#8211; und das waren nicht nur Bergb\u00fccher! &#8211; ist mit einem<br \/>\nOriginaltext vertreten. Dar\u00fcber hinaus belegen viele weitere Texte, welch<br \/>\ngro\u00dfes Themenspektrum und welch stilistische Vielfalt Walter Pause<br \/>\nbeherrschte: Er war Schw\u00e4rmer, Analytiker, Vision\u00e4r und Chronist, und er fand<br \/>\nf\u00fcr jede seiner Aufgaben eine ad\u00e4quate Sprache.  <\/p>\n<p>Da sich Walter Pause stets f\u00fcr die Zeitl\u00e4ufte interessierte und nicht selten<br \/>\nvom Beobachter zum Macher wurde, ist &#8218;Mit gl\u00fccklichen Augen&#8216; weit mehr als ein<br \/>\nTextsammelsurium. Es ist ein Dokument, das den politischen,<br \/>\ngesellschaftlichen, kulturellen und wirtschaftlichen Wandel des 20.<br \/>\nJahrhunderts anhand pers\u00f6nlicher Texte anschaulich macht. Da Walter Pause nie<br \/>\narrogant, selten larmoyant, stets aber optimistisch war, ist sein Werk bis<br \/>\nheute aktuell geblieben.  <\/p>","protected":false},"excerpt":{"rendered":"<p>Die hundert sch\u00f6nsten Geschichten aus dem Leben von Walter Pause Walter Pause kam vor 100 Jahren, am 23. Juli 1907, in Heidelberg zur Welt. Mit seinen B\u00fcchern sollte der Schriftsteller und Journalist seine Leidenschaft f\u00fcr das Bergerlebnis auf eine ganze Generation von Wanderern, Hochtouristen, Kletterern, Skifahrern und Skitourengehern \u00fcbertragen. Ihm zu Ehren wird das Redaktionsb\u00fcro [&#8230;]\n","protected":false},"featured_media":33744,"template":"","meta":[],"product_brand":[],"product_cat":[21542],"product_tag":[],"class_list":{"0":"post-153222","1":"product","2":"type-product","3":"status-publish","4":"has-post-thumbnail","6":"product_cat-sachbuecher-dokumentationen","7":"pa_autor-pause","8":"pa_erscheinungsjahr-21842","9":"pa_region-deutschland","10":"pa_sprache-de","12":"first","13":"instock","14":"taxable","15":"shipping-taxable","16":"purchasable","17":"product-type-simple"},"_links":{"self":[{"href":"https:\/\/pizbube.ch\/en\/wp-json\/wp\/v2\/product\/153222","targetHints":{"allow":["GET"]}}],"collection":[{"href":"https:\/\/pizbube.ch\/en\/wp-json\/wp\/v2\/product"}],"about":[{"href":"https:\/\/pizbube.ch\/en\/wp-json\/wp\/v2\/types\/product"}],"wp:featuredmedia":[{"embeddable":true,"href":"https:\/\/pizbube.ch\/en\/wp-json\/wp\/v2\/media\/33744"}],"wp:attachment":[{"href":"https:\/\/pizbube.ch\/en\/wp-json\/wp\/v2\/media?parent=153222"}],"wp:term":[{"taxonomy":"product_brand","embeddable":true,"href":"https:\/\/pizbube.ch\/en\/wp-json\/wp\/v2\/product_brand?post=153222"},{"taxonomy":"product_cat","embeddable":true,"href":"https:\/\/pizbube.ch\/en\/wp-json\/wp\/v2\/product_cat?post=153222"},{"taxonomy":"product_tag","embeddable":true,"href":"https:\/\/pizbube.ch\/en\/wp-json\/wp\/v2\/product_tag?post=153222"}],"curies":[{"name":"wp","href":"https:\/\/api.w.org\/{rel}","templated":true}]}}