{"id":153228,"date":"2021-01-15T12:35:45","date_gmt":"2021-01-15T12:35:45","guid":{"rendered":"https:\/\/codengine3.ch\/?product=import-placeholder-for-203630"},"modified":"2021-01-15T14:25:05","modified_gmt":"2021-01-15T14:25:05","slug":"die-wand","status":"publish","type":"product","link":"https:\/\/pizbube.ch\/en\/shop\/die-wand\/","title":{"rendered":"Die Wand"},"content":{"rendered":"<p>\nEine Frau will mit ihrer Kusine und deren Mann ein paar Tage in einem Jagdhaus<br \/>\nin den Bergen verbringen. Nach der Ankunft unternimmt das Paar noch einen Gang<br \/>\nins n\u00e4chste Dorf und kehrt nicht mehr zur\u00fcck. Am n\u00e4chsten Morgen st\u00f6\u00dft die<br \/>\nFrau auf eine un\u00fcberwindbare Wand, hinter der Totenstarre herrscht.<br \/>\nAbgeschlossen von der \u00fcbrigen Welt, richtet sie sich inmittten ihres<br \/>\nengumgrenzten St\u00fccks Natur und umgeben von einigen zugelaufenen Tieren aufs<br \/>\n\u00dcberleben ein.  <\/p>\n<p>Eine unsichtbare, undurchdringliche Wand, jenseits derer Totenstille herrscht,<br \/>\nschiebt sich auf einmal zwischen das Tal, in dem die Ich-Erz\u00e4hlerin lebt, und<br \/>\ndie Au\u00dfenwelt.<br \/>\nEin unnachahmliches Gleichnis f\u00fcr das un\u00fcberwindliche Einsamsein.<br \/>\nTaschenbuch  <\/p>","protected":false},"excerpt":{"rendered":"<p>Eine Frau will mit ihrer Kusine und deren Mann ein paar Tage in einem Jagdhaus in den Bergen verbringen. Nach der Ankunft unternimmt das Paar noch einen Gang ins n\u00e4chste Dorf und kehrt nicht mehr zur\u00fcck. Am n\u00e4chsten Morgen st\u00f6\u00dft die Frau auf eine un\u00fcberwindbare Wand, hinter der Totenstarre herrscht. Abgeschlossen von der \u00fcbrigen Welt, [&#8230;]\n","protected":false},"featured_media":39821,"template":"","meta":[],"product_brand":[],"product_cat":[21629],"product_tag":[],"class_list":{"0":"post-153228","1":"product","2":"type-product","3":"status-publish","4":"has-post-thumbnail","6":"product_cat-belletristik","7":"pa_autor-haushofer","8":"pa_erscheinungsjahr-21920","9":"pa_region-oesterreich","10":"pa_sprache-de","12":"first","13":"instock","14":"taxable","15":"shipping-taxable","16":"purchasable","17":"product-type-simple"},"_links":{"self":[{"href":"https:\/\/pizbube.ch\/en\/wp-json\/wp\/v2\/product\/153228","targetHints":{"allow":["GET"]}}],"collection":[{"href":"https:\/\/pizbube.ch\/en\/wp-json\/wp\/v2\/product"}],"about":[{"href":"https:\/\/pizbube.ch\/en\/wp-json\/wp\/v2\/types\/product"}],"wp:featuredmedia":[{"embeddable":true,"href":"https:\/\/pizbube.ch\/en\/wp-json\/wp\/v2\/media\/39821"}],"wp:attachment":[{"href":"https:\/\/pizbube.ch\/en\/wp-json\/wp\/v2\/media?parent=153228"}],"wp:term":[{"taxonomy":"product_brand","embeddable":true,"href":"https:\/\/pizbube.ch\/en\/wp-json\/wp\/v2\/product_brand?post=153228"},{"taxonomy":"product_cat","embeddable":true,"href":"https:\/\/pizbube.ch\/en\/wp-json\/wp\/v2\/product_cat?post=153228"},{"taxonomy":"product_tag","embeddable":true,"href":"https:\/\/pizbube.ch\/en\/wp-json\/wp\/v2\/product_tag?post=153228"}],"curies":[{"name":"wp","href":"https:\/\/api.w.org\/{rel}","templated":true}]}}