{"id":153234,"date":"2021-01-15T12:35:51","date_gmt":"2021-01-15T12:35:51","guid":{"rendered":"https:\/\/codengine3.ch\/?product=import-placeholder-for-202389"},"modified":"2021-01-15T12:35:54","modified_gmt":"2021-01-15T12:35:54","slug":"kunst-und-landschaft-in-graubuenden","status":"publish","type":"product","link":"https:\/\/pizbube.ch\/en\/shop\/kunst-und-landschaft-in-graubuenden\/","title":{"rendered":"Kunst und Landschaft in Graub\u00fcnden"},"content":{"rendered":"<p>Wissenschaftlich fundiert und allgemein verst\u00e4ndlich geschrieben, f\u00fchrt der<br \/>\nBand in ein unersch\u00f6pfliches Thema ein und zeigt die wichtigsten Tendenzen<br \/>\nauf. Bilder und Bauten seit 1780. Zahlr. farb., s\/w. Fotos. 413 S.<\/p>","protected":false},"excerpt":{"rendered":"<p>Wissenschaftlich fundiert und allgemein verst\u00e4ndlich geschrieben, f\u00fchrt der Band in ein unersch\u00f6pfliches Thema ein und zeigt die wichtigsten Tendenzen auf. Bilder und Bauten seit 1780. Zahlr. farb., s\/w. Fotos. 413 S.<\/p>","protected":false},"featured_media":29774,"template":"","meta":[],"product_brand":[],"product_cat":[21580],"product_tag":[],"class_list":{"0":"post-153234","1":"product","2":"type-product","3":"status-publish","4":"has-post-thumbnail","6":"product_cat-kunst-kultur","7":"pa_autor-dosch","8":"pa_erscheinungsjahr-22242","9":"pa_region-schweiz","10":"pa_sprache-de","12":"first","13":"instock","14":"taxable","15":"shipping-taxable","16":"purchasable","17":"product-type-simple"},"_links":{"self":[{"href":"https:\/\/pizbube.ch\/en\/wp-json\/wp\/v2\/product\/153234","targetHints":{"allow":["GET"]}}],"collection":[{"href":"https:\/\/pizbube.ch\/en\/wp-json\/wp\/v2\/product"}],"about":[{"href":"https:\/\/pizbube.ch\/en\/wp-json\/wp\/v2\/types\/product"}],"wp:featuredmedia":[{"embeddable":true,"href":"https:\/\/pizbube.ch\/en\/wp-json\/wp\/v2\/media\/29774"}],"wp:attachment":[{"href":"https:\/\/pizbube.ch\/en\/wp-json\/wp\/v2\/media?parent=153234"}],"wp:term":[{"taxonomy":"product_brand","embeddable":true,"href":"https:\/\/pizbube.ch\/en\/wp-json\/wp\/v2\/product_brand?post=153234"},{"taxonomy":"product_cat","embeddable":true,"href":"https:\/\/pizbube.ch\/en\/wp-json\/wp\/v2\/product_cat?post=153234"},{"taxonomy":"product_tag","embeddable":true,"href":"https:\/\/pizbube.ch\/en\/wp-json\/wp\/v2\/product_tag?post=153234"}],"curies":[{"name":"wp","href":"https:\/\/api.w.org\/{rel}","templated":true}]}}