{"id":153237,"date":"2021-01-15T12:35:51","date_gmt":"2021-01-15T12:35:51","guid":{"rendered":"https:\/\/codengine3.ch\/?product=import-placeholder-for-205397"},"modified":"2021-01-15T14:40:55","modified_gmt":"2021-01-15T14:40:55","slug":"zueri-winterthur-nachmittags-ausfluege","status":"publish","type":"product","link":"https:\/\/pizbube.ch\/en\/shop\/zueri-winterthur-nachmittags-ausfluege\/","title":{"rendered":"Z\u00fcri-Winterthur Nachmittags- Ausfl\u00fcge"},"content":{"rendered":"<p>\nMit 30 Halbtages-Wanderungen und vielen Ausflugstipps  <\/p>\n<p>Wer gerne ausschl\u00e4ft oder einfach nicht den ganzen Tag wegfahren will, findet<br \/>\nin diesem Buch 40 k\u00fcrzere, erlebnisreiche Ausfl\u00fcge und Wanderungen<br \/>\nzwischen Schaffhausen, dem Z\u00fcrcher Oberland und der Albiskette.  <\/p>\n<p>Bewusst hat der Autor Ralph Bernet viele ruhige Ziele gew\u00e4hlt. Fantastische<br \/>\nFernsichten, Badeseen, stille Wanderungen durch romantische D\u00f6rfer mit<br \/>\nFachwerkh\u00e4usern oder attraktive Erlebnis\u00admuseen f\u00fcr die ganze Familie machen<br \/>\njeden Aus\u00adflug zum einmaligen Z\u00fcrich\u00ad-Erlebnis. Detaillierte Beschreibungen<br \/>\nund Karten erleichtern die Orien\u00adtierung. Entsprechend gross ist die Palette<br \/>\nan Ideen.<br \/>\n144 Seiten, \u00fcber 220 farbige Abbildungen, 30 Karten<br \/>\n6. \u00fcbererb. Auflg. 2016<\/p>","protected":false},"excerpt":{"rendered":"<p>Mit 30 Halbtages-Wanderungen und vielen Ausflugstipps Wer gerne ausschl\u00e4ft oder einfach nicht den ganzen Tag wegfahren will, findet in diesem Buch 40 k\u00fcrzere, erlebnisreiche Ausfl\u00fcge und Wanderungen zwischen Schaffhausen, dem Z\u00fcrcher Oberland und der Albiskette. Bewusst hat der Autor Ralph Bernet viele ruhige Ziele gew\u00e4hlt. Fantastische Fernsichten, Badeseen, stille Wanderungen durch romantische D\u00f6rfer mit Fachwerkh\u00e4usern [&#8230;]\n","protected":false},"featured_media":26160,"template":"","meta":[],"product_brand":[],"product_cat":[21605],"product_tag":[],"class_list":{"0":"post-153237","1":"product","2":"type-product","3":"status-publish","4":"has-post-thumbnail","6":"product_cat-wanderfuehrer-trekking","7":"pa_autor-bernet","8":"pa_erscheinungsjahr-21571","9":"pa_region-schweiz","10":"pa_sprache-de","12":"first","13":"instock","14":"taxable","15":"shipping-taxable","16":"purchasable","17":"product-type-simple"},"_links":{"self":[{"href":"https:\/\/pizbube.ch\/en\/wp-json\/wp\/v2\/product\/153237","targetHints":{"allow":["GET"]}}],"collection":[{"href":"https:\/\/pizbube.ch\/en\/wp-json\/wp\/v2\/product"}],"about":[{"href":"https:\/\/pizbube.ch\/en\/wp-json\/wp\/v2\/types\/product"}],"wp:featuredmedia":[{"embeddable":true,"href":"https:\/\/pizbube.ch\/en\/wp-json\/wp\/v2\/media\/26160"}],"wp:attachment":[{"href":"https:\/\/pizbube.ch\/en\/wp-json\/wp\/v2\/media?parent=153237"}],"wp:term":[{"taxonomy":"product_brand","embeddable":true,"href":"https:\/\/pizbube.ch\/en\/wp-json\/wp\/v2\/product_brand?post=153237"},{"taxonomy":"product_cat","embeddable":true,"href":"https:\/\/pizbube.ch\/en\/wp-json\/wp\/v2\/product_cat?post=153237"},{"taxonomy":"product_tag","embeddable":true,"href":"https:\/\/pizbube.ch\/en\/wp-json\/wp\/v2\/product_tag?post=153237"}],"curies":[{"name":"wp","href":"https:\/\/api.w.org\/{rel}","templated":true}]}}