{"id":153238,"date":"2021-01-15T12:35:51","date_gmt":"2021-01-15T12:35:51","guid":{"rendered":"https:\/\/codengine3.ch\/?product=import-placeholder-for-205878"},"modified":"2021-01-15T14:44:39","modified_gmt":"2021-01-15T14:44:39","slug":"zuerichsee-rundweg-lake-zuerich-trail","status":"publish","type":"product","link":"https:\/\/pizbube.ch\/en\/shop\/zuerichsee-rundweg-lake-zuerich-trail\/","title":{"rendered":"Z\u00fcrichsee-Rundweg &#8211; Lake Z\u00fcrich Trail"},"content":{"rendered":"<p>Wanderkarte \/ Hiking Map 1:50&#8217;000  <\/p>\n<p>Der Z\u00fcrichsee-Weg f\u00fchrt in 10 Etappen zu Orten, die diese einzigartige Kultur-<br \/>\nund Seelandschaft pr\u00e4gen. Karte und Begleitbuch geben zudem Hinweise auf<br \/>\n\u00dcbernachtungsm\u00f6glichkeiten, Gep\u00e4cktransporte und Informationen zum<br \/>\n\u00f6ffentlichen Verkehr.<br \/>\nMit Booklet, in Plastikh\u00fclle.<\/p>","protected":false},"excerpt":{"rendered":"<p>Wanderkarte \/ Hiking Map 1:50&#8217;000 Der Z\u00fcrichsee-Weg f\u00fchrt in 10 Etappen zu Orten, die diese einzigartige Kultur- und Seelandschaft pr\u00e4gen. Karte und Begleitbuch geben zudem Hinweise auf \u00dcbernachtungsm\u00f6glichkeiten, Gep\u00e4cktransporte und Informationen zum \u00f6ffentlichen Verkehr. Mit Booklet, in Plastikh\u00fclle.<\/p>","protected":false},"featured_media":34723,"template":"","meta":[],"product_brand":[],"product_cat":[21605],"product_tag":[],"class_list":{"0":"post-153238","1":"product","2":"type-product","3":"status-publish","4":"has-post-thumbnail","6":"product_cat-wanderfuehrer-trekking","7":"pa_autor-rapperswil-zuerichsee-tourismus-hrsg","8":"pa_erscheinungsjahr-21693","9":"pa_region-schweiz","10":"pa_sprache-de-en","12":"first","13":"outofstock","14":"taxable","15":"shipping-taxable","16":"purchasable","17":"product-type-simple"},"_links":{"self":[{"href":"https:\/\/pizbube.ch\/en\/wp-json\/wp\/v2\/product\/153238","targetHints":{"allow":["GET"]}}],"collection":[{"href":"https:\/\/pizbube.ch\/en\/wp-json\/wp\/v2\/product"}],"about":[{"href":"https:\/\/pizbube.ch\/en\/wp-json\/wp\/v2\/types\/product"}],"wp:featuredmedia":[{"embeddable":true,"href":"https:\/\/pizbube.ch\/en\/wp-json\/wp\/v2\/media\/34723"}],"wp:attachment":[{"href":"https:\/\/pizbube.ch\/en\/wp-json\/wp\/v2\/media?parent=153238"}],"wp:term":[{"taxonomy":"product_brand","embeddable":true,"href":"https:\/\/pizbube.ch\/en\/wp-json\/wp\/v2\/product_brand?post=153238"},{"taxonomy":"product_cat","embeddable":true,"href":"https:\/\/pizbube.ch\/en\/wp-json\/wp\/v2\/product_cat?post=153238"},{"taxonomy":"product_tag","embeddable":true,"href":"https:\/\/pizbube.ch\/en\/wp-json\/wp\/v2\/product_tag?post=153238"}],"curies":[{"name":"wp","href":"https:\/\/api.w.org\/{rel}","templated":true}]}}