{"id":153254,"date":"2021-01-15T12:35:59","date_gmt":"2021-01-15T12:35:59","guid":{"rendered":"https:\/\/codengine3.ch\/?product=import-placeholder-for-202404"},"modified":"2021-01-15T12:36:02","modified_gmt":"2021-01-15T12:36:02","slug":"bergvoelker","status":"publish","type":"product","link":"https:\/\/pizbube.ch\/en\/shop\/bergvoelker\/","title":{"rendered":"Bergv\u00f6lker"},"content":{"rendered":"<p>Bergv\u00f6lker hei\u00dft sein Buch, das unz\u00e4hlige Mosaiksteinchen aus dem Alltag der<br \/>\nKurden wie der Hunza, der Massai und der S\u00fcdtiroler Bergbauern vereint.<br \/>\nMessner &#8211; selbst einer von ihnen, erz\u00e4hlt &#8211; analysiert, portr\u00e4tiert und<br \/>\nkommentiert Fotos aus allen Teilen der Welt. Monatelang hat er das Leben mit<br \/>\ndiesen einfachen Menschen geteilt und gesp\u00fcrt, dass ein Gleichklang sie alle<br \/>\nmit seinen eigenen Vorfahren verbindet. Lebensgewohnheiten, Arbeitsweisen und<br \/>\n\u00dcberlebensstrategien stehen im Vordergrund, wenn vom Wasserrecht der<br \/>\nafghanischen Tadjiken am Fu\u00df des Hindukusch die Rede ist, von religi\u00f6sen<br \/>\nTraditionen beim Besuch in Ladakh, der letzten Hochburg des Lamaismus, von<br \/>\nKulturdenkm\u00e4lern wie der Burg der K\u00f6nige von Hunza zwischen Karakorum und<br \/>\nHimalaja oder von der bedr\u00fcckenden Armut in den Hocht\u00e4lern der peruanischen<br \/>\nAnden und den uralten Speiseriten der S\u00fcdtiroler Bergbauern. Zahlr. farb.<br \/>\nFotos. 224 S.<\/p>","protected":false},"excerpt":{"rendered":"<p>Bergv\u00f6lker hei\u00dft sein Buch, das unz\u00e4hlige Mosaiksteinchen aus dem Alltag der Kurden wie der Hunza, der Massai und der S\u00fcdtiroler Bergbauern vereint. Messner &#8211; selbst einer von ihnen, erz\u00e4hlt &#8211; analysiert, portr\u00e4tiert und kommentiert Fotos aus allen Teilen der Welt. Monatelang hat er das Leben mit diesen einfachen Menschen geteilt und gesp\u00fcrt, dass ein Gleichklang [&#8230;]\n","protected":false},"featured_media":29793,"template":"","meta":[],"product_brand":[],"product_cat":[21542],"product_tag":[],"class_list":{"0":"post-153254","1":"product","2":"type-product","3":"status-publish","4":"has-post-thumbnail","6":"product_cat-sachbuecher-dokumentationen","7":"pa_autor-messner","8":"pa_erscheinungsjahr-22242","9":"pa_region-deutschland","10":"pa_sprache-de","12":"first","13":"outofstock","14":"taxable","15":"shipping-taxable","16":"purchasable","17":"product-type-simple"},"_links":{"self":[{"href":"https:\/\/pizbube.ch\/en\/wp-json\/wp\/v2\/product\/153254","targetHints":{"allow":["GET"]}}],"collection":[{"href":"https:\/\/pizbube.ch\/en\/wp-json\/wp\/v2\/product"}],"about":[{"href":"https:\/\/pizbube.ch\/en\/wp-json\/wp\/v2\/types\/product"}],"wp:featuredmedia":[{"embeddable":true,"href":"https:\/\/pizbube.ch\/en\/wp-json\/wp\/v2\/media\/29793"}],"wp:attachment":[{"href":"https:\/\/pizbube.ch\/en\/wp-json\/wp\/v2\/media?parent=153254"}],"wp:term":[{"taxonomy":"product_brand","embeddable":true,"href":"https:\/\/pizbube.ch\/en\/wp-json\/wp\/v2\/product_brand?post=153254"},{"taxonomy":"product_cat","embeddable":true,"href":"https:\/\/pizbube.ch\/en\/wp-json\/wp\/v2\/product_cat?post=153254"},{"taxonomy":"product_tag","embeddable":true,"href":"https:\/\/pizbube.ch\/en\/wp-json\/wp\/v2\/product_tag?post=153254"}],"curies":[{"name":"wp","href":"https:\/\/api.w.org\/{rel}","templated":true}]}}