{"id":153255,"date":"2021-01-15T12:35:59","date_gmt":"2021-01-15T12:35:59","guid":{"rendered":"https:\/\/codengine3.ch\/?product=import-placeholder-for-202405"},"modified":"2021-01-15T12:36:02","modified_gmt":"2021-01-15T12:36:02","slug":"arosa-texte-und-bilder","status":"publish","type":"product","link":"https:\/\/pizbube.ch\/en\/shop\/arosa-texte-und-bilder\/","title":{"rendered":"Arosa Texte und Bilder"},"content":{"rendered":"<p>Zahlreiche Schriftsteller und Kulturschaffende weilten im 19. und 20.<br \/>\nJahrhundert in Arosa zur Kur oder in den Ferien und haben dar\u00fcber in<br \/>\nTageb\u00fcchern, Briefen und Zeitungsreportagen berichtet. \u00dcber zwanzig kaum<br \/>\nbekannte Texte sowie zahlreiche Fotos und Bilder hat Haldimann in einem<br \/>\naufwendig gestalteten Lese- und Schaubuch vereint.  <\/p>","protected":false},"excerpt":{"rendered":"<p>Zahlreiche Schriftsteller und Kulturschaffende weilten im 19. und 20. Jahrhundert in Arosa zur Kur oder in den Ferien und haben dar\u00fcber in Tageb\u00fcchern, Briefen und Zeitungsreportagen berichtet. \u00dcber zwanzig kaum bekannte Texte sowie zahlreiche Fotos und Bilder hat Haldimann in einem aufwendig gestalteten Lese- und Schaubuch vereint.<\/p>","protected":false},"featured_media":29794,"template":"","meta":[],"product_brand":[],"product_cat":[21580],"product_tag":[],"class_list":{"0":"post-153255","1":"product","2":"type-product","3":"status-publish","4":"has-post-thumbnail","6":"product_cat-kunst-kultur","7":"pa_autor-haldimann","8":"pa_erscheinungsjahr-22242","9":"pa_region-schweiz","10":"pa_sprache-de","12":"first","13":"instock","14":"taxable","15":"shipping-taxable","16":"purchasable","17":"product-type-simple"},"_links":{"self":[{"href":"https:\/\/pizbube.ch\/en\/wp-json\/wp\/v2\/product\/153255","targetHints":{"allow":["GET"]}}],"collection":[{"href":"https:\/\/pizbube.ch\/en\/wp-json\/wp\/v2\/product"}],"about":[{"href":"https:\/\/pizbube.ch\/en\/wp-json\/wp\/v2\/types\/product"}],"wp:featuredmedia":[{"embeddable":true,"href":"https:\/\/pizbube.ch\/en\/wp-json\/wp\/v2\/media\/29794"}],"wp:attachment":[{"href":"https:\/\/pizbube.ch\/en\/wp-json\/wp\/v2\/media?parent=153255"}],"wp:term":[{"taxonomy":"product_brand","embeddable":true,"href":"https:\/\/pizbube.ch\/en\/wp-json\/wp\/v2\/product_brand?post=153255"},{"taxonomy":"product_cat","embeddable":true,"href":"https:\/\/pizbube.ch\/en\/wp-json\/wp\/v2\/product_cat?post=153255"},{"taxonomy":"product_tag","embeddable":true,"href":"https:\/\/pizbube.ch\/en\/wp-json\/wp\/v2\/product_tag?post=153255"}],"curies":[{"name":"wp","href":"https:\/\/api.w.org\/{rel}","templated":true}]}}