{"id":153256,"date":"2021-01-15T12:35:59","date_gmt":"2021-01-15T12:35:59","guid":{"rendered":"https:\/\/codengine3.ch\/?product=import-placeholder-for-205837"},"modified":"2022-11-30T17:50:20","modified_gmt":"2022-11-30T16:50:20","slug":"schanfigger-hoehenweg-chur-arosa-chur","status":"publish","type":"product","link":"https:\/\/pizbube.ch\/en\/shop\/schanfigger-hoehenweg-chur-arosa-chur\/","title":{"rendered":"Schanfigger H\u00f6henweg Chur &#8211; Arosa &#8211; Chur"},"content":{"rendered":"<p>Auf aussichtsreichen Wegen Walser Kultur und Natur entdecken<\/p>\n<p>Gleich hinter Chur beginnt das Schanfigg, ein Tal, das von den Walsern gepr\u00e4gt<br \/>\nwird. Die typischen Holzh\u00e4user und die Lebensweise dieser einst aus dem Wallis<br \/>\nausgewanderten Walser sind \u00fcberall sicht- und sp\u00fcrbar.<\/p>\n<p>In sechs Etappen entdecken Sie mit diesem Wanderf\u00fchrer dieses tiefe Tal mit<br \/>\nseinen lieblichen Sonnenterrassen. Jede Tour wird ausf\u00fchrlich beschrieben und<br \/>\nenth\u00e4lt Informationen wie Wanderzeiten, Anforderungen, Unterk\u00fcnfte usw.<br \/>\nViele weitere Kapitel bringen Ihnen das Tal n\u00e4her: Die Ortschaften des<br \/>\nSchanfigg, die Chur-Arosa-Bahn, die Landwirtschaft, die Walser, die<br \/>\nBauernh\u00e4user, Pflanzen und Tiere.<\/p>","protected":false},"excerpt":{"rendered":"<p>Auf aussichtsreichen Wegen Walser Kultur und Natur entdecken Gleich hinter Chur beginnt das Schanfigg, ein Tal, das von den Walsern gepr\u00e4gt wird. Die typischen Holzh\u00e4user und die Lebensweise dieser einst aus dem Wallis ausgewanderten Walser sind \u00fcberall sicht- und sp\u00fcrbar. In sechs Etappen entdecken Sie mit diesem Wanderf\u00fchrer dieses tiefe Tal mit seinen lieblichen Sonnenterrassen. [&#8230;]\n","protected":false},"featured_media":34668,"template":"","meta":[],"product_brand":[],"product_cat":[21605],"product_tag":[],"class_list":{"0":"post-153256","1":"product","2":"type-product","3":"status-publish","4":"has-post-thumbnail","6":"product_cat-wanderfuehrer-trekking","7":"pa_autor-vital","8":"pa_erscheinungsjahr-21693","9":"pa_region-schweiz","10":"pa_sprache-de","12":"first","13":"instock","14":"taxable","15":"shipping-taxable","16":"purchasable","17":"product-type-simple"},"_links":{"self":[{"href":"https:\/\/pizbube.ch\/en\/wp-json\/wp\/v2\/product\/153256","targetHints":{"allow":["GET"]}}],"collection":[{"href":"https:\/\/pizbube.ch\/en\/wp-json\/wp\/v2\/product"}],"about":[{"href":"https:\/\/pizbube.ch\/en\/wp-json\/wp\/v2\/types\/product"}],"wp:featuredmedia":[{"embeddable":true,"href":"https:\/\/pizbube.ch\/en\/wp-json\/wp\/v2\/media\/34668"}],"wp:attachment":[{"href":"https:\/\/pizbube.ch\/en\/wp-json\/wp\/v2\/media?parent=153256"}],"wp:term":[{"taxonomy":"product_brand","embeddable":true,"href":"https:\/\/pizbube.ch\/en\/wp-json\/wp\/v2\/product_brand?post=153256"},{"taxonomy":"product_cat","embeddable":true,"href":"https:\/\/pizbube.ch\/en\/wp-json\/wp\/v2\/product_cat?post=153256"},{"taxonomy":"product_tag","embeddable":true,"href":"https:\/\/pizbube.ch\/en\/wp-json\/wp\/v2\/product_tag?post=153256"}],"curies":[{"name":"wp","href":"https:\/\/api.w.org\/{rel}","templated":true}]}}