{"id":153258,"date":"2021-01-15T12:35:59","date_gmt":"2021-01-15T12:35:59","guid":{"rendered":"https:\/\/codengine3.ch\/?product=import-placeholder-for-204013"},"modified":"2025-07-08T08:36:53","modified_gmt":"2025-07-08T06:36:53","slug":"roca-caliente-en-los-pirineos-vol-iii-aran-pallars","status":"publish","type":"product","link":"https:\/\/pizbube.ch\/en\/shop\/roca-caliente-en-los-pirineos-vol-iii-aran-pallars\/","title":{"rendered":"Roca caliente en los Pirineos. Vol. III Aran-Pallars"},"content":{"rendered":"<p>Gu\u00eda de escalada de la zona de Ar\u00e1n-Pallars. Contiene introducci\u00f3n general y<br \/>\nuso de la gu\u00eda, con explicaciones de los iconos y abreviaturas usadas de las<br \/>\nrese\u00f1as, material necesario, accesos, situaci\u00f3n de las zonas, etc.<\/p>\n<p>Al comienzo<br \/>\ndel libro hay varios mapas de las zonas en que se ha dividido la gu\u00eda,<br \/>\nmostrando la zona que entra en la gu\u00eda y las subzonas en que se ha dividido y<br \/>\nsus accesos.<\/p>\n<p>Contiene las siguientes zonas: Llauset, Pics de Vallibierna, Vall<br \/>\nde Besiberri, Val de Moli\u00e9res, Boca Nord del T\u00fanel de Vielha, La Forcanada,<br \/>\nRestanca, Colomers, Saboredo, Baqueira, Pla de la Font, J.M. Blanc, Sant<br \/>\nMaurici, Amitges, Coma de l&#8217;Abeller, Isil, Certascan, La Colomina. En total 60<br \/>\nv\u00edas de escalada deportiva y m\u00e1s de 55 v\u00edas largas. Se completa con<br \/>\nfotograf\u00edas de la zona, croquis y accesos, destacando su cuidada edici\u00f3n.<\/p>","protected":false},"excerpt":{"rendered":"<p>Gu\u00eda de escalada de la zona de Ar\u00e1n-Pallars. Contiene introducci\u00f3n general y uso de la gu\u00eda, con explicaciones de los iconos y abreviaturas usadas de las rese\u00f1as, material necesario, accesos, situaci\u00f3n de las zonas, etc. Al comienzo del libro hay varios mapas de las zonas en que se ha dividido la gu\u00eda, mostrando la zona [&#8230;]\n","protected":false},"featured_media":180379,"template":"","meta":[],"product_brand":[],"product_cat":[21539],"product_tag":[],"class_list":{"0":"post-153258","1":"product","2":"type-product","3":"status-publish","4":"has-post-thumbnail","6":"product_cat-fuehrerliteratur-sportklettern-bouldern","7":"pa_autor-alfonso-buxo","8":"pa_erscheinungsjahr-21776","9":"pa_region-spanien","10":"pa_sprache-sp","12":"first","13":"onbackorder","14":"taxable","15":"shipping-taxable","16":"purchasable","17":"product-type-simple"},"_links":{"self":[{"href":"https:\/\/pizbube.ch\/en\/wp-json\/wp\/v2\/product\/153258","targetHints":{"allow":["GET"]}}],"collection":[{"href":"https:\/\/pizbube.ch\/en\/wp-json\/wp\/v2\/product"}],"about":[{"href":"https:\/\/pizbube.ch\/en\/wp-json\/wp\/v2\/types\/product"}],"wp:featuredmedia":[{"embeddable":true,"href":"https:\/\/pizbube.ch\/en\/wp-json\/wp\/v2\/media\/180379"}],"wp:attachment":[{"href":"https:\/\/pizbube.ch\/en\/wp-json\/wp\/v2\/media?parent=153258"}],"wp:term":[{"taxonomy":"product_brand","embeddable":true,"href":"https:\/\/pizbube.ch\/en\/wp-json\/wp\/v2\/product_brand?post=153258"},{"taxonomy":"product_cat","embeddable":true,"href":"https:\/\/pizbube.ch\/en\/wp-json\/wp\/v2\/product_cat?post=153258"},{"taxonomy":"product_tag","embeddable":true,"href":"https:\/\/pizbube.ch\/en\/wp-json\/wp\/v2\/product_tag?post=153258"}],"curies":[{"name":"wp","href":"https:\/\/api.w.org\/{rel}","templated":true}]}}