{"id":153259,"date":"2021-01-15T12:35:59","date_gmt":"2021-01-15T12:35:59","guid":{"rendered":"https:\/\/codengine3.ch\/?product=import-placeholder-for-203933"},"modified":"2021-01-15T14:28:00","modified_gmt":"2021-01-15T14:28:00","slug":"guia-de-escalada-en-hielo-en-los-valles-de-bielsa","status":"publish","type":"product","link":"https:\/\/pizbube.ch\/en\/shop\/guia-de-escalada-en-hielo-en-los-valles-de-bielsa\/","title":{"rendered":"Gu\u00eda de escalada en hielo en los valles de Bielsa"},"content":{"rendered":"<p>En esta gu\u00eda de escalada en hielo de los valles de Bielsa, I\u00f1aki Cabo recopila<br \/>\nlos diferentes sectores como Barrosa, Bocas del tunel, Liena, Tringonier,<br \/>\nOrdizeto, Chisag\u00fc\u00e9s, Pineta y Sierra Marqu\u00e9s. En total m\u00e1s de 120 itinerarios<br \/>\ncon dificultades de grado 2 a 6+ y m\u00e1s de 100 fotos a color, que nos ayudar\u00e1n<br \/>\na identificar de una manera clara y sencilla todos los itinerarios. Contiene<br \/>\nlistado de v\u00edas por sectores, mapa general de sectores y v\u00edas, zonas cercanas<br \/>\na Bielsa y listado de rutas seg\u00fan su grado de dificultad.<\/p>","protected":false},"excerpt":{"rendered":"<p>En esta gu\u00eda de escalada en hielo de los valles de Bielsa, I\u00f1aki Cabo recopila los diferentes sectores como Barrosa, Bocas del tunel, Liena, Tringonier, Ordizeto, Chisag\u00fc\u00e9s, Pineta y Sierra Marqu\u00e9s. En total m\u00e1s de 120 itinerarios con dificultades de grado 2 a 6+ y m\u00e1s de 100 fotos a color, que nos ayudar\u00e1n a [&#8230;]\n","protected":false},"featured_media":31646,"template":"","meta":[],"product_brand":[],"product_cat":[21540],"product_tag":[],"class_list":{"0":"post-153259","1":"product","2":"type-product","3":"status-publish","4":"has-post-thumbnail","6":"product_cat-fuehrerliteratur-alpin-winter","7":"pa_autor-cabo","8":"pa_erscheinungsjahr-21776","9":"pa_region-spanien","10":"pa_sprache-sp","12":"first","13":"outofstock","14":"taxable","15":"shipping-taxable","16":"purchasable","17":"product-type-simple"},"_links":{"self":[{"href":"https:\/\/pizbube.ch\/en\/wp-json\/wp\/v2\/product\/153259","targetHints":{"allow":["GET"]}}],"collection":[{"href":"https:\/\/pizbube.ch\/en\/wp-json\/wp\/v2\/product"}],"about":[{"href":"https:\/\/pizbube.ch\/en\/wp-json\/wp\/v2\/types\/product"}],"wp:featuredmedia":[{"embeddable":true,"href":"https:\/\/pizbube.ch\/en\/wp-json\/wp\/v2\/media\/31646"}],"wp:attachment":[{"href":"https:\/\/pizbube.ch\/en\/wp-json\/wp\/v2\/media?parent=153259"}],"wp:term":[{"taxonomy":"product_brand","embeddable":true,"href":"https:\/\/pizbube.ch\/en\/wp-json\/wp\/v2\/product_brand?post=153259"},{"taxonomy":"product_cat","embeddable":true,"href":"https:\/\/pizbube.ch\/en\/wp-json\/wp\/v2\/product_cat?post=153259"},{"taxonomy":"product_tag","embeddable":true,"href":"https:\/\/pizbube.ch\/en\/wp-json\/wp\/v2\/product_tag?post=153259"}],"curies":[{"name":"wp","href":"https:\/\/api.w.org\/{rel}","templated":true}]}}