{"id":153261,"date":"2021-01-15T12:36:00","date_gmt":"2021-01-15T12:36:00","guid":{"rendered":"https:\/\/codengine3.ch\/?product=import-placeholder-for-202410"},"modified":"2021-01-15T12:36:03","modified_gmt":"2021-01-15T12:36:03","slug":"leichte-3000er","status":"publish","type":"product","link":"https:\/\/pizbube.ch\/en\/shop\/leichte-3000er\/","title":{"rendered":"Leichte 3000er"},"content":{"rendered":"<p>Die 99 Touren mit Weg in den Ostalpen: vom Engadin bis in die Hohen Tauern!  <\/p>\n<p>Mit Beschreibungen, Kartenausschnitten und weiterf\u00fchrenden Infos zu<br \/>\nAlternativrouten und Gipfelkombinationen.<br \/>\n&#8218;Dreitausend Meter&#8216; &#8211; so lautet die magische Zahl f\u00fcr alle Bergwanderer und<br \/>\nwandernden Bergsteiger. Die leichten Dreitausender, die ein alpiner Steig<br \/>\nerschlie\u00dft, geh\u00f6ren zu den F\u00fcrsten unter den Gipfelzielen. Die Anstiege bieten<br \/>\nSpannung und Abwechslung, sie f\u00fchren an rauschenden Wildb\u00e4chen vorbei,<br \/>\nber\u00fchren malerische Bergseen, geben den Blick auf gro\u00dfe Gletscher frei und<br \/>\nverw\u00f6hnen &#8211; oben angekommen &#8211; mit einem grandiosen Panorama. Der Erfolgstitel<br \/>\nin neuer, aktualis. 5. Auflage!<\/p>","protected":false},"excerpt":{"rendered":"<p>Die 99 Touren mit Weg in den Ostalpen: vom Engadin bis in die Hohen Tauern! Mit Beschreibungen, Kartenausschnitten und weiterf\u00fchrenden Infos zu Alternativrouten und Gipfelkombinationen. &#8218;Dreitausend Meter&#8216; &#8211; so lautet die magische Zahl f\u00fcr alle Bergwanderer und wandernden Bergsteiger. Die leichten Dreitausender, die ein alpiner Steig erschlie\u00dft, geh\u00f6ren zu den F\u00fcrsten unter den Gipfelzielen. Die [&#8230;]\n","protected":false},"featured_media":38308,"template":"","meta":[],"product_brand":[],"product_cat":[21544],"product_tag":[],"class_list":{"0":"post-153261","1":"product","2":"type-product","3":"status-publish","4":"has-post-thumbnail","6":"product_cat-fuehrerliteratur-alpin-sommer","7":"pa_autor-seibert","8":"pa_erscheinungsjahr-21568","9":"pa_region-oesterreich","10":"pa_sprache-de","12":"first","13":"instock","14":"taxable","15":"shipping-taxable","16":"purchasable","17":"product-type-simple"},"_links":{"self":[{"href":"https:\/\/pizbube.ch\/en\/wp-json\/wp\/v2\/product\/153261","targetHints":{"allow":["GET"]}}],"collection":[{"href":"https:\/\/pizbube.ch\/en\/wp-json\/wp\/v2\/product"}],"about":[{"href":"https:\/\/pizbube.ch\/en\/wp-json\/wp\/v2\/types\/product"}],"wp:featuredmedia":[{"embeddable":true,"href":"https:\/\/pizbube.ch\/en\/wp-json\/wp\/v2\/media\/38308"}],"wp:attachment":[{"href":"https:\/\/pizbube.ch\/en\/wp-json\/wp\/v2\/media?parent=153261"}],"wp:term":[{"taxonomy":"product_brand","embeddable":true,"href":"https:\/\/pizbube.ch\/en\/wp-json\/wp\/v2\/product_brand?post=153261"},{"taxonomy":"product_cat","embeddable":true,"href":"https:\/\/pizbube.ch\/en\/wp-json\/wp\/v2\/product_cat?post=153261"},{"taxonomy":"product_tag","embeddable":true,"href":"https:\/\/pizbube.ch\/en\/wp-json\/wp\/v2\/product_tag?post=153261"}],"curies":[{"name":"wp","href":"https:\/\/api.w.org\/{rel}","templated":true}]}}