{"id":153264,"date":"2021-01-15T12:36:00","date_gmt":"2021-01-15T12:36:00","guid":{"rendered":"https:\/\/codengine3.ch\/?product=import-placeholder-for-202412"},"modified":"2021-05-04T08:55:20","modified_gmt":"2021-05-04T06:55:20","slug":"kirgistan","status":"publish","type":"product","link":"https:\/\/pizbube.ch\/en\/shop\/kirgistan\/","title":{"rendered":"Kirgistan"},"content":{"rendered":"<p>Der Fotograf Christoph Sch\u00fctz besucht Kirgistan seit 1997 regelm\u00e4ssig, um an<br \/>\nverschiedenen Fotoprojekten zu arbeiten. In seinem zweiten Buch \u00fcber dieses<br \/>\nLand gibt er uns einen Einblick in das Leben der Bewohner Kirgistans und<br \/>\npr\u00e4sentiert atemberaubende Landschaften dieser ehemaligen Sowjetrepublik.<\/p>\n<p>\u00c4hnlich wie in Nepal seit rund 30 Jahren, locken die \u00fcber 7000 Meter hohen<br \/>\nGipfel heute viele Alpinisten und Trekker aus dem Westen nach Kirgistan. Das<br \/>\nTien-Shan Gebirge ist ein Eldorado f\u00fcr Kletterer und bietet in den tieferen<br \/>\nLagen unbegrenzte M\u00f6glichkeiten f\u00fcr Trekkingtouren. Mit dem 200 km langen<br \/>\nIssyk-Kul See bietet das Land aber auch jenen Touristen etwas, die sich gerne<br \/>\neinfach in einer grandiosen Kulisse erholen m\u00f6chten. Der Tourismus hat<br \/>\nKirgistan zwar erreicht, Kirgistan ist aber nachwievor ein Geheimtipp f\u00fcr<br \/>\nAbenteurer und f\u00fcr Massentourismus kaum geeignet.<\/p>\n<p>Die Fotografien vom Land und aus der Stadt zeigen eine multiethnische<br \/>\nGesellschaft, die den Anschluss an die moderne Welt sucht und gleichzeitig in<br \/>\ngrossen Teilen noch lebt wie zu sowjetischen Zeiten.<\/p>\n<p>Drei kurze Texte von zwei Autorinnen und einem Autor aus Kirgistan vermitteln<br \/>\neinen vertieften Einblick in das Leben in diesem noch kaum bekannten<br \/>\nLand.Dieses Buch ist eines der ganz wenigen mit aktuellen Fotografien aus<br \/>\nKirgistan. Dank seinem kleinen Format ist es ein ideales Geschenk f\u00fcr Leute,<br \/>\ndie Kirgistan schon besucht haben und f\u00fcr jene, die eine Reise dorthin planen.<\/p>","protected":false},"excerpt":{"rendered":"<p>Der Fotograf Christoph Sch\u00fctz besucht Kirgistan seit 1997 regelm\u00e4ssig, um an verschiedenen Fotoprojekten zu arbeiten. In seinem zweiten Buch \u00fcber dieses Land gibt er uns einen Einblick in das Leben der Bewohner Kirgistans und pr\u00e4sentiert atemberaubende Landschaften dieser ehemaligen Sowjetrepublik. \u00c4hnlich wie in Nepal seit rund 30 Jahren, locken die \u00fcber 7000 Meter hohen Gipfel [&#8230;]\n","protected":false},"featured_media":29799,"template":"","meta":[],"product_brand":[],"product_cat":[21542],"product_tag":[],"class_list":{"0":"post-153264","1":"product","2":"type-product","3":"status-publish","4":"has-post-thumbnail","6":"product_cat-sachbuecher-dokumentationen","7":"pa_autor-schuetz","8":"pa_erscheinungsjahr-22242","9":"pa_region-asien","10":"pa_sprache-de","12":"first","13":"outofstock","14":"taxable","15":"shipping-taxable","16":"purchasable","17":"product-type-simple"},"_links":{"self":[{"href":"https:\/\/pizbube.ch\/en\/wp-json\/wp\/v2\/product\/153264","targetHints":{"allow":["GET"]}}],"collection":[{"href":"https:\/\/pizbube.ch\/en\/wp-json\/wp\/v2\/product"}],"about":[{"href":"https:\/\/pizbube.ch\/en\/wp-json\/wp\/v2\/types\/product"}],"wp:featuredmedia":[{"embeddable":true,"href":"https:\/\/pizbube.ch\/en\/wp-json\/wp\/v2\/media\/29799"}],"wp:attachment":[{"href":"https:\/\/pizbube.ch\/en\/wp-json\/wp\/v2\/media?parent=153264"}],"wp:term":[{"taxonomy":"product_brand","embeddable":true,"href":"https:\/\/pizbube.ch\/en\/wp-json\/wp\/v2\/product_brand?post=153264"},{"taxonomy":"product_cat","embeddable":true,"href":"https:\/\/pizbube.ch\/en\/wp-json\/wp\/v2\/product_cat?post=153264"},{"taxonomy":"product_tag","embeddable":true,"href":"https:\/\/pizbube.ch\/en\/wp-json\/wp\/v2\/product_tag?post=153264"}],"curies":[{"name":"wp","href":"https:\/\/api.w.org\/{rel}","templated":true}]}}