{"id":153265,"date":"2021-01-15T12:36:00","date_gmt":"2021-01-15T12:36:00","guid":{"rendered":"https:\/\/codengine3.ch\/?product=import-placeholder-for-205046"},"modified":"2021-01-15T14:38:17","modified_gmt":"2021-01-15T14:38:17","slug":"am-issyk-kul","status":"publish","type":"product","link":"https:\/\/pizbube.ch\/en\/shop\/am-issyk-kul\/","title":{"rendered":"Am Issyk-Kul"},"content":{"rendered":"<p>28 Portraits und Landschaften<br \/>\n28 Portraits of Kyrgyz People and Their Landscape  <\/p>\n<p>In Fotografien und Interviews werden 28 Menschen portr\u00e4tiert, die an den Ufern<br \/>\ndes Bergsees Issyk Kul leben.  <\/p>\n<p>Dieses Buch ist eines der ganz wenigen mit aktuellen Fotografien aus<br \/>\nKirgistan. Dank seinem kleinen Format ist es ein ideales Geschenk f\u00fcr Leute,<br \/>\ndie Kirgistan schon besucht haben und f\u00fcr jene, die eine Reise dorthin planen.  <\/p>\n<p>Nicht viel gr\u00f6\u00dfer als eine Cd-H\u00fclle ist das Kirgistan-B\u00e4ndchen des<br \/>\nPhotographen Christoph Sch\u00fctz &#8211; und doch ist es ein richtiger Bildband, der<br \/>\ndie ehemalige Sowjetrepublik Kirgisien in ihren zahlreichen Facetten<br \/>\nbeleuchtet.<br \/>\nOhne aufdringliche Kommentare stehen die Bilder f\u00fcr sich. Die atemberaubend<br \/>\nsch\u00f6nen Landschaften stehen nicht allein im Mittelpunkt. Viel eher versuchte<br \/>\nder Photograph festzuhalten, wie er die Menschen Kirgistans in ihrer Natur<br \/>\nwahrnahm. Dabei werden die Wechselwirkungen zwischen Mensch und Natur<br \/>\nsichtbar.  <\/p>","protected":false},"excerpt":{"rendered":"<p>28 Portraits und Landschaften 28 Portraits of Kyrgyz People and Their Landscape In Fotografien und Interviews werden 28 Menschen portr\u00e4tiert, die an den Ufern des Bergsees Issyk Kul leben. Dieses Buch ist eines der ganz wenigen mit aktuellen Fotografien aus Kirgistan. Dank seinem kleinen Format ist es ein ideales Geschenk f\u00fcr Leute, die Kirgistan schon [&#8230;]\n","protected":false},"featured_media":33637,"template":"","meta":[],"product_brand":[],"product_cat":[21580],"product_tag":[],"class_list":{"0":"post-153265","1":"product","2":"type-product","3":"status-publish","4":"has-post-thumbnail","6":"product_cat-kunst-kultur","7":"pa_autor-schuetz","8":"pa_erscheinungsjahr-22150","9":"pa_region-asien","10":"pa_sprache-d","11":"pa_sprache-e","13":"first","14":"instock","15":"taxable","16":"shipping-taxable","17":"purchasable","18":"product-type-simple"},"_links":{"self":[{"href":"https:\/\/pizbube.ch\/en\/wp-json\/wp\/v2\/product\/153265","targetHints":{"allow":["GET"]}}],"collection":[{"href":"https:\/\/pizbube.ch\/en\/wp-json\/wp\/v2\/product"}],"about":[{"href":"https:\/\/pizbube.ch\/en\/wp-json\/wp\/v2\/types\/product"}],"wp:featuredmedia":[{"embeddable":true,"href":"https:\/\/pizbube.ch\/en\/wp-json\/wp\/v2\/media\/33637"}],"wp:attachment":[{"href":"https:\/\/pizbube.ch\/en\/wp-json\/wp\/v2\/media?parent=153265"}],"wp:term":[{"taxonomy":"product_brand","embeddable":true,"href":"https:\/\/pizbube.ch\/en\/wp-json\/wp\/v2\/product_brand?post=153265"},{"taxonomy":"product_cat","embeddable":true,"href":"https:\/\/pizbube.ch\/en\/wp-json\/wp\/v2\/product_cat?post=153265"},{"taxonomy":"product_tag","embeddable":true,"href":"https:\/\/pizbube.ch\/en\/wp-json\/wp\/v2\/product_tag?post=153265"}],"curies":[{"name":"wp","href":"https:\/\/api.w.org\/{rel}","templated":true}]}}