{"id":153266,"date":"2021-01-15T12:36:00","date_gmt":"2021-01-15T12:36:00","guid":{"rendered":"https:\/\/codengine3.ch\/?product=import-placeholder-for-203792"},"modified":"2021-01-15T14:26:36","modified_gmt":"2021-01-15T14:26:36","slug":"kirgistan-terskej-alatau-traverse-trekking-im-tienschan","status":"publish","type":"product","link":"https:\/\/pizbube.ch\/en\/shop\/kirgistan-terskej-alatau-traverse-trekking-im-tienschan\/","title":{"rendered":"Kirgistan Terskej &#8211; Alatau &#8211; Traverse \/ Trekking im Tienschan"},"content":{"rendered":"<p>Weit \u00fcber 5.000 m hinaus reicht der Terskej-Alatau. Er ist ein gewaltiger<br \/>\nGebirgsr\u00fccken des Tienschan und geh\u00f6rt zu Kirgistans beliebtesten<br \/>\nTrekkinggebieten. Der zweitgr\u00f6\u00dfte alpine See der Welt, der heilige Issyk Kul,<br \/>\nbereitet dem Anfangs und Endpunkt der Wanderung auf einer H\u00f6he von 1.600 m ein<br \/>\nbeeindruckendes Szenario. Die Trekkingtour an der Nordseite des Terskej-Alatau<br \/>\nfolgt den Pfaden der kirgisischen Nomaden und ihrer Herden.<\/p>\n<p>Einige T\u00e4ler geh\u00f6rten sogar zum weit verzweigten Karawanenroutensystem im<br \/>\nUmfeld der Seidenstra\u00dfe. Mehrere P\u00e4sse bis zu einer H\u00f6he von fast 4.000 m (von<br \/>\ndenen atemberaubende Ausblicke auf die Gipfel des Tienschan die M\u00fchen des<br \/>\nAufstieges belohnen), werden im Verlauf der bis zu 11 Tage w\u00e4hrenden Tour<br \/>\ngequert. Die touristische Infrastruktur steckt noch in den Kinderschuhen, so<br \/>\ndass auf die entsprechende Ausr\u00fcstung nicht verzichtet werden kann eben auch<br \/>\nein Gewinn an Freiheit und Ungebundenheit ganz im Sinne der faszinierenden<br \/>\nnomadischen Kultur der kirgisischen Berge. 131 Seiten, eine Farbkarte, 6<br \/>\nSkizzen und Illustrationen, 11 farbige Abbildungen, 5 schwarz-wei\u00df Abbildungen<\/p>","protected":false},"excerpt":{"rendered":"<ul>\n<li><b>INFO: Vergriffen, laut Verlag keine Neuauflage<b><\/li>\n<\/ul>","protected":false},"featured_media":31476,"template":"","meta":[],"product_brand":[],"product_cat":[21605],"product_tag":[],"class_list":{"0":"post-153266","1":"product","2":"type-product","3":"status-publish","4":"has-post-thumbnail","6":"product_cat-wanderfuehrer-trekking","7":"pa_autor-tschersich","8":"pa_erscheinungsjahr-21776","9":"pa_region-asien","10":"pa_sprache-de","12":"first","13":"outofstock","14":"taxable","15":"shipping-taxable","16":"purchasable","17":"product-type-simple"},"_links":{"self":[{"href":"https:\/\/pizbube.ch\/en\/wp-json\/wp\/v2\/product\/153266","targetHints":{"allow":["GET"]}}],"collection":[{"href":"https:\/\/pizbube.ch\/en\/wp-json\/wp\/v2\/product"}],"about":[{"href":"https:\/\/pizbube.ch\/en\/wp-json\/wp\/v2\/types\/product"}],"wp:featuredmedia":[{"embeddable":true,"href":"https:\/\/pizbube.ch\/en\/wp-json\/wp\/v2\/media\/31476"}],"wp:attachment":[{"href":"https:\/\/pizbube.ch\/en\/wp-json\/wp\/v2\/media?parent=153266"}],"wp:term":[{"taxonomy":"product_brand","embeddable":true,"href":"https:\/\/pizbube.ch\/en\/wp-json\/wp\/v2\/product_brand?post=153266"},{"taxonomy":"product_cat","embeddable":true,"href":"https:\/\/pizbube.ch\/en\/wp-json\/wp\/v2\/product_cat?post=153266"},{"taxonomy":"product_tag","embeddable":true,"href":"https:\/\/pizbube.ch\/en\/wp-json\/wp\/v2\/product_tag?post=153266"}],"curies":[{"name":"wp","href":"https:\/\/api.w.org\/{rel}","templated":true}]}}