{"id":153268,"date":"2021-01-15T12:36:01","date_gmt":"2021-01-15T12:36:01","guid":{"rendered":"https:\/\/codengine3.ch\/?product=import-placeholder-for-207109"},"modified":"2021-01-15T14:55:13","modified_gmt":"2021-01-15T14:55:13","slug":"abgruende","status":"publish","type":"product","link":"https:\/\/pizbube.ch\/en\/shop\/abgruende\/","title":{"rendered":"Abgr\u00fcnde"},"content":{"rendered":"<p>Klettercartoons &#038; Rockcomix  <\/p>\n<p>Hartcovergebundenes Werkschau der drei deutschsprachigen Kletter-Zeichner<br \/>\nErbse K\u00f6pf, Schorsch Sojer und Sebastian Schrank. Neben den neun Kapiteln, zu<br \/>\ndenen jeder der drei seinen Teil betr\u00e4gt und die jeweils mit einem Text von<br \/>\nPeter Brunnert kongenial eingeleitet werden, gibt es ausf\u00fchrliche Portraits<br \/>\nder Zeichner. Man darf Erbse ins Tourenbuch spicken und Schorsch beim Zeichen<br \/>\n\u00fcber die Schulter gucken.  <\/p>\n<p>Ihr Thema sind die Berge, die Menschen und der Bergsport, sie zeichnen stets<br \/>\nmit einem Blick auf die Abgr\u00fcnde des Alpinismus &#8211; und sie sind die<br \/>\nbekanntesten ihrer Art in Deutschland: Erbse, Sebastian Schrank und Georg<br \/>\nSojer. Den Zeichnern von Alpin-Cartoons und ihren Werken widmete das Alpine<br \/>\nMuseum des Deutschen Alpenvereins auch eine Ausstellung: `Abgr\u00fcnde`  <\/p>","protected":false},"excerpt":{"rendered":"<p>Klettercartoons &#038; Rockcomix Hartcovergebundenes Werkschau der drei deutschsprachigen Kletter-Zeichner Erbse K\u00f6pf, Schorsch Sojer und Sebastian Schrank. Neben den neun Kapiteln, zu denen jeder der drei seinen Teil betr\u00e4gt und die jeweils mit einem Text von Peter Brunnert kongenial eingeleitet werden, gibt es ausf\u00fchrliche Portraits der Zeichner. Man darf Erbse ins Tourenbuch spicken und Schorsch beim [&#8230;]\n","protected":false},"featured_media":36716,"template":"","meta":[],"product_brand":[],"product_cat":[21881],"product_tag":[],"class_list":{"0":"post-153268","1":"product","2":"type-product","3":"status-publish","4":"has-post-thumbnail","6":"product_cat-comics","7":"pa_autor-brunnert","8":"pa_erscheinungsjahr-21610","9":"pa_region-deutschland","10":"pa_sprache-de","12":"first","13":"outofstock","14":"taxable","15":"shipping-taxable","16":"purchasable","17":"product-type-simple"},"_links":{"self":[{"href":"https:\/\/pizbube.ch\/en\/wp-json\/wp\/v2\/product\/153268","targetHints":{"allow":["GET"]}}],"collection":[{"href":"https:\/\/pizbube.ch\/en\/wp-json\/wp\/v2\/product"}],"about":[{"href":"https:\/\/pizbube.ch\/en\/wp-json\/wp\/v2\/types\/product"}],"wp:featuredmedia":[{"embeddable":true,"href":"https:\/\/pizbube.ch\/en\/wp-json\/wp\/v2\/media\/36716"}],"wp:attachment":[{"href":"https:\/\/pizbube.ch\/en\/wp-json\/wp\/v2\/media?parent=153268"}],"wp:term":[{"taxonomy":"product_brand","embeddable":true,"href":"https:\/\/pizbube.ch\/en\/wp-json\/wp\/v2\/product_brand?post=153268"},{"taxonomy":"product_cat","embeddable":true,"href":"https:\/\/pizbube.ch\/en\/wp-json\/wp\/v2\/product_cat?post=153268"},{"taxonomy":"product_tag","embeddable":true,"href":"https:\/\/pizbube.ch\/en\/wp-json\/wp\/v2\/product_tag?post=153268"}],"curies":[{"name":"wp","href":"https:\/\/api.w.org\/{rel}","templated":true}]}}