{"id":153272,"date":"2021-01-15T12:36:01","date_gmt":"2021-01-15T12:36:01","guid":{"rendered":"https:\/\/codengine3.ch\/?product=import-placeholder-for-205014"},"modified":"2021-01-15T14:38:00","modified_gmt":"2021-01-15T14:38:00","slug":"le-tour-de-leurope-en-canyon-t-1","status":"publish","type":"product","link":"https:\/\/pizbube.ch\/en\/shop\/le-tour-de-leurope-en-canyon-t-1\/","title":{"rendered":"Le Tour de l&#8217;Europe en Canyon T. 1"},"content":{"rendered":"<p>Suisse, Autriche, Italie du Nord, Slov\u00e9nie  <\/p>\n<p>130 fiches descriptives + les bonus, 50 coupes avec l&#8217;\u00e9quipement, 65 cartes<br \/>\nL&#8217;Italie du nord, la Suisse, l&#8217;Autriche et la Slov\u00e9nie sont des secteurs qui<br \/>\nr\u00e9veillent l&#8217;\u00e9motion. Cette r\u00e9gion de l&#8217;Europe est l&#8217;une des plus prolifiques<br \/>\nen descentes de canyons. Exigeants en g\u00e9n\u00e9ral, les parcours sauront combler<br \/>\ntous les sportifs en qu\u00eate de nouveaut\u00e9s.  <\/p>\n<p>Des descentes du d\u00e9butant \u00e0 l&#8217;expert avec des conseils pour les autres sports,<br \/>\nla description des petits coins touristiques, des anecdotes, des points<br \/>\nhistoire&#8230;<br \/>\nToutes les fiches ont un r\u00e9sum\u00e9 en anglais. 368 p.<\/p>","protected":false},"excerpt":{"rendered":"<p>Suisse, Autriche, Italie du Nord, Slov\u00e9nie 130 fiches descriptives + les bonus, 50 coupes avec l&#8217;\u00e9quipement, 65 cartes L&#8217;Italie du nord, la Suisse, l&#8217;Autriche et la Slov\u00e9nie sont des secteurs qui r\u00e9veillent l&#8217;\u00e9motion. Cette r\u00e9gion de l&#8217;Europe est l&#8217;une des plus prolifiques en descentes de canyons. Exigeants en g\u00e9n\u00e9ral, les parcours sauront combler tous les [&#8230;]\n","protected":false},"featured_media":33590,"template":"","meta":[],"product_brand":[],"product_cat":[21650],"product_tag":[],"class_list":{"0":"post-153272","1":"product","2":"type-product","3":"status-publish","4":"has-post-thumbnail","6":"product_cat-canyoningfuehrer","7":"pa_autor-appc-caracal-et-les-sancho-panza","8":"pa_erscheinungsjahr-21591","9":"pa_region-schweiz","10":"pa_sprache-e","11":"pa_sprache-f","13":"first","14":"outofstock","15":"taxable","16":"shipping-taxable","17":"purchasable","18":"product-type-simple"},"_links":{"self":[{"href":"https:\/\/pizbube.ch\/en\/wp-json\/wp\/v2\/product\/153272","targetHints":{"allow":["GET"]}}],"collection":[{"href":"https:\/\/pizbube.ch\/en\/wp-json\/wp\/v2\/product"}],"about":[{"href":"https:\/\/pizbube.ch\/en\/wp-json\/wp\/v2\/types\/product"}],"wp:featuredmedia":[{"embeddable":true,"href":"https:\/\/pizbube.ch\/en\/wp-json\/wp\/v2\/media\/33590"}],"wp:attachment":[{"href":"https:\/\/pizbube.ch\/en\/wp-json\/wp\/v2\/media?parent=153272"}],"wp:term":[{"taxonomy":"product_brand","embeddable":true,"href":"https:\/\/pizbube.ch\/en\/wp-json\/wp\/v2\/product_brand?post=153272"},{"taxonomy":"product_cat","embeddable":true,"href":"https:\/\/pizbube.ch\/en\/wp-json\/wp\/v2\/product_cat?post=153272"},{"taxonomy":"product_tag","embeddable":true,"href":"https:\/\/pizbube.ch\/en\/wp-json\/wp\/v2\/product_tag?post=153272"}],"curies":[{"name":"wp","href":"https:\/\/api.w.org\/{rel}","templated":true}]}}