{"id":153273,"date":"2021-01-15T12:36:01","date_gmt":"2021-01-15T12:36:01","guid":{"rendered":"https:\/\/codengine3.ch\/?product=import-placeholder-for-205909"},"modified":"2021-01-15T14:44:53","modified_gmt":"2021-01-15T14:44:53","slug":"le-tour-de-leurope-en-canyon","status":"publish","type":"product","link":"https:\/\/pizbube.ch\/en\/shop\/le-tour-de-leurope-en-canyon\/","title":{"rendered":"Le tour de l&#8217;Europe en Canyon"},"content":{"rendered":"<p>Les plus belles descentes  <\/p>\n<p>Cet ouvrage n&#8217;apporte pas de r\u00e9ponse \u00e0 ces interrogations. En revanche, nous<br \/>\nmontrons, que l&#8217;Europe est d&#8217;abord un quotidien. Gr\u00e2ce aux mots \u00e9chang\u00e9s, aux<br \/>\npaysages parcourus et aux instants partag\u00e9s nous d\u00e9couvrons nos sp\u00e9cificit\u00e9s<br \/>\net nos liens qui cr\u00e9ent ce sentiments commun d&#8217;appartenance. Les 104 parcours<br \/>\nd\u00e9crits sont panach\u00e9s dans les plus belles r\u00e9gions europ\u00e9ennes, que ce soit au<br \/>\nPortugal, en Espagne, Gr\u00e8ce, Croatie, Mont\u00e9n\u00e9gro, sans compter un saut au<br \/>\nMaroc.<\/p>","protected":false},"excerpt":{"rendered":"<p>Les plus belles descentes Cet ouvrage n&#8217;apporte pas de r\u00e9ponse \u00e0 ces interrogations. En revanche, nous montrons, que l&#8217;Europe est d&#8217;abord un quotidien. Gr\u00e2ce aux mots \u00e9chang\u00e9s, aux paysages parcourus et aux instants partag\u00e9s nous d\u00e9couvrons nos sp\u00e9cificit\u00e9s et nos liens qui cr\u00e9ent ce sentiments commun d&#8217;appartenance. Les 104 parcours d\u00e9crits sont panach\u00e9s dans les [&#8230;]\n","protected":false},"featured_media":34764,"template":"","meta":[],"product_brand":[],"product_cat":[21650],"product_tag":[],"class_list":{"0":"post-153273","1":"product","2":"type-product","3":"status-publish","4":"has-post-thumbnail","6":"product_cat-canyoningfuehrer","7":"pa_autor-caracal-sancho-panza","8":"pa_erscheinungsjahr-21842","9":"pa_region-uebrigers-europa","10":"pa_sprache-e","11":"pa_sprache-f","13":"first","14":"outofstock","15":"taxable","16":"shipping-taxable","17":"purchasable","18":"product-type-simple"},"_links":{"self":[{"href":"https:\/\/pizbube.ch\/en\/wp-json\/wp\/v2\/product\/153273","targetHints":{"allow":["GET"]}}],"collection":[{"href":"https:\/\/pizbube.ch\/en\/wp-json\/wp\/v2\/product"}],"about":[{"href":"https:\/\/pizbube.ch\/en\/wp-json\/wp\/v2\/types\/product"}],"wp:featuredmedia":[{"embeddable":true,"href":"https:\/\/pizbube.ch\/en\/wp-json\/wp\/v2\/media\/34764"}],"wp:attachment":[{"href":"https:\/\/pizbube.ch\/en\/wp-json\/wp\/v2\/media?parent=153273"}],"wp:term":[{"taxonomy":"product_brand","embeddable":true,"href":"https:\/\/pizbube.ch\/en\/wp-json\/wp\/v2\/product_brand?post=153273"},{"taxonomy":"product_cat","embeddable":true,"href":"https:\/\/pizbube.ch\/en\/wp-json\/wp\/v2\/product_cat?post=153273"},{"taxonomy":"product_tag","embeddable":true,"href":"https:\/\/pizbube.ch\/en\/wp-json\/wp\/v2\/product_tag?post=153273"}],"curies":[{"name":"wp","href":"https:\/\/api.w.org\/{rel}","templated":true}]}}