{"id":153276,"date":"2021-01-15T12:36:01","date_gmt":"2021-01-15T12:36:01","guid":{"rendered":"https:\/\/codengine3.ch\/?product=import-placeholder-for-208386"},"modified":"2024-10-02T09:58:16","modified_gmt":"2024-10-02T07:58:16","slug":"swiss-alps-canyoning-alpes-suisses","status":"publish","type":"product","link":"https:\/\/pizbube.ch\/en\/shop\/swiss-alps-canyoning-alpes-suisses\/","title":{"rendered":"SWISS ALPS CANYONING ALPES SUISSES"},"content":{"rendered":"<p>Canyoning in the Swiss Alps &#8211; Canyoning dans les Alpes Suisses<\/p>\n<p>This canyoning book written in both English and French, describes 121 canyons<br \/>\nall over the Swiss Alps and gives information concerning 109 secondary<br \/>\ncanyons.<br \/>\nTrummelbach, Gamchi, Rosenlaui, Segnes, Gries, \u2026 all the famous canyons from<br \/>\ncentral Switzerland are published in this book, most of them for the first<br \/>\ntime in English!<\/p>\n<p>544 pages, all printed in color, with more than 600 pictures, 105 maps, 76<br \/>\ncanyon profiles + sector maps, touristic information\u2026 this is THE canyoning<br \/>\nbook for Switzerland!<\/p>\n<p>The areas described are: Neuch\u00e2tel, Vaud, Valais, Oberland, Bern, Glarus,<br \/>\nSaint Gallen, Graubunden, Obwald, Uri, Nidwald, Luzern, Solothurn, Jura\u2026<\/p>\n<p>This book will enable you to discover awesome canyons in scenic villages such<br \/>\nas Lauterbrunnen, Grindelwald, Kandersteg, Adelboden, V\u00e4ttis, Flims, Laax\u2026<\/p>\n<p>&nbsp;<\/p>\n<p>&nbsp;<\/p>\n<p>Ce topo-guide enti\u00e8rement \u00e9crit en anglais et en fran\u00e7ais, d\u00e9crit 121 canyons<br \/>\ndes Alpes suisses et donne des informations sur 109 descentes secondaires.<br \/>\nTrummelbach, Gamchi, Rosenlaui, Segnes, Gries,\u2026 les grands canyons de Suisse<br \/>\ncentrale sont publi\u00e9s dans ce livre, certains pour la toute premi\u00e8re fois !<\/p>\n<p>544 pages imprim\u00e9es en quadrichromie, plus de 600 photos, 105 cartes, 76<br \/>\ncoupes + des cartes de secteurs, des informations touristiques\u2026 LE topo-guide<br \/>\nincontournable pour la pratique du canyoning en Suisse !<\/p>\n<p>Sont d\u00e9crit dans ce topo-guide des canyons se situant dans les cantons de<br \/>\nNeuch\u00e2tel, Vaud, Valais, Oberland, Bern, Glaris, Saint Gallen, Grison, Obwald,<br \/>\nUri, Nidwald, Lucern, Soleure, Jura.<\/p>\n<p>Ce livre vous fera d\u00e9couvrir de magnifiques descentes situ\u00e9es dans les<br \/>\nvillages pittoresques: Lauterbrunnen, Grindelwald, Kandersteg, Adelboden,<br \/>\nV\u00e4ttis, Flims, Laax\u2026<\/p>","protected":false},"excerpt":{"rendered":"<ul>\n<li><strong><a href=\"https:\/\/pizbube.ch\/wp-content\/uploads\/attachments\/a_030\/DA306DF1A88C28F600F94EB1C580F7FB.pdf\" target=\"_blank\" rel=\"noopener\">PDF: Sample Swiss Alps Canyoning.pdf<\/a><\/strong><\/li>\n<\/ul>","protected":false},"featured_media":162317,"template":"","meta":[],"product_brand":[],"product_cat":[21650],"product_tag":[],"class_list":{"0":"post-153276","1":"product","2":"type-product","3":"status-publish","4":"has-post-thumbnail","6":"product_cat-canyoningfuehrer","7":"pa_autor-ass-openbach","8":"pa_erscheinungsjahr-21597","9":"pa_region-schweiz","10":"pa_sprache-fr-en","12":"first","13":"outofstock","14":"taxable","15":"shipping-taxable","16":"purchasable","17":"product-type-simple"},"_links":{"self":[{"href":"https:\/\/pizbube.ch\/en\/wp-json\/wp\/v2\/product\/153276","targetHints":{"allow":["GET"]}}],"collection":[{"href":"https:\/\/pizbube.ch\/en\/wp-json\/wp\/v2\/product"}],"about":[{"href":"https:\/\/pizbube.ch\/en\/wp-json\/wp\/v2\/types\/product"}],"wp:featuredmedia":[{"embeddable":true,"href":"https:\/\/pizbube.ch\/en\/wp-json\/wp\/v2\/media\/162317"}],"wp:attachment":[{"href":"https:\/\/pizbube.ch\/en\/wp-json\/wp\/v2\/media?parent=153276"}],"wp:term":[{"taxonomy":"product_brand","embeddable":true,"href":"https:\/\/pizbube.ch\/en\/wp-json\/wp\/v2\/product_brand?post=153276"},{"taxonomy":"product_cat","embeddable":true,"href":"https:\/\/pizbube.ch\/en\/wp-json\/wp\/v2\/product_cat?post=153276"},{"taxonomy":"product_tag","embeddable":true,"href":"https:\/\/pizbube.ch\/en\/wp-json\/wp\/v2\/product_tag?post=153276"}],"curies":[{"name":"wp","href":"https:\/\/api.w.org\/{rel}","templated":true}]}}