{"id":153279,"date":"2021-01-15T12:36:07","date_gmt":"2021-01-15T12:36:07","guid":{"rendered":"https:\/\/codengine3.ch\/?product=import-placeholder-for-202422"},"modified":"2021-01-15T12:36:10","modified_gmt":"2021-01-15T12:36:10","slug":"top-trekking","status":"publish","type":"product","link":"https:\/\/pizbube.ch\/en\/shop\/top-trekking\/","title":{"rendered":"Top Trekking"},"content":{"rendered":"<p>Die aufregendsten Touren der Welt. 29 der sch\u00f6nsten und aufregensten Trekkings<br \/>\ndieser Erde, von S\u00fcdamerika \u00fcber Europa nach Asien. Detailliert Karten und<br \/>\numfangreiche Tipps; Zahlr. Farbfotos. 167 S.<\/p>","protected":false},"excerpt":{"rendered":"<p>Die aufregendsten Touren der Welt. 29 der sch\u00f6nsten und aufregensten Trekkings dieser Erde, von S\u00fcdamerika \u00fcber Europa nach Asien. Detailliert Karten und umfangreiche Tipps; Zahlr. Farbfotos. 167 S.<\/p>","protected":false},"featured_media":45070,"template":"","meta":[],"product_brand":[],"product_cat":[21542],"product_tag":[],"class_list":{"0":"post-153279","1":"product","2":"type-product","3":"status-publish","4":"has-post-thumbnail","6":"product_cat-sachbuecher-dokumentationen","7":"pa_autor-razzetti","8":"pa_erscheinungsjahr-22242","9":"pa_region-uebrigers-europa","10":"pa_sprache-de","12":"first","13":"outofstock","14":"taxable","15":"shipping-taxable","16":"purchasable","17":"product-type-simple"},"_links":{"self":[{"href":"https:\/\/pizbube.ch\/en\/wp-json\/wp\/v2\/product\/153279","targetHints":{"allow":["GET"]}}],"collection":[{"href":"https:\/\/pizbube.ch\/en\/wp-json\/wp\/v2\/product"}],"about":[{"href":"https:\/\/pizbube.ch\/en\/wp-json\/wp\/v2\/types\/product"}],"wp:featuredmedia":[{"embeddable":true,"href":"https:\/\/pizbube.ch\/en\/wp-json\/wp\/v2\/media\/45070"}],"wp:attachment":[{"href":"https:\/\/pizbube.ch\/en\/wp-json\/wp\/v2\/media?parent=153279"}],"wp:term":[{"taxonomy":"product_brand","embeddable":true,"href":"https:\/\/pizbube.ch\/en\/wp-json\/wp\/v2\/product_brand?post=153279"},{"taxonomy":"product_cat","embeddable":true,"href":"https:\/\/pizbube.ch\/en\/wp-json\/wp\/v2\/product_cat?post=153279"},{"taxonomy":"product_tag","embeddable":true,"href":"https:\/\/pizbube.ch\/en\/wp-json\/wp\/v2\/product_tag?post=153279"}],"curies":[{"name":"wp","href":"https:\/\/api.w.org\/{rel}","templated":true}]}}