{"id":153280,"date":"2021-01-15T12:36:07","date_gmt":"2021-01-15T12:36:07","guid":{"rendered":"https:\/\/codengine3.ch\/?product=import-placeholder-for-207184"},"modified":"2025-08-06T16:16:46","modified_gmt":"2025-08-06T14:16:46","slug":"graubuenden-nord-alpinwandern-gipfelziele","status":"publish","type":"product","link":"https:\/\/pizbube.ch\/en\/shop\/graubuenden-nord-alpinwandern-gipfelziele\/","title":{"rendered":"Graub\u00fcnden Nord &#8211; Alpinwandern \/ Gipfelziele"},"content":{"rendered":"<p>Pr\u00e4ttigau \/ Arosa \/ Lenzerheide \/ Fl\u00fcela \/ Albula \/ Julier \/ Hinterrhein \/<br \/>\nAvers \/ Surselva<\/p>\n<p>Dieser Alpinwanderf\u00fchrer beschreibt 49 Gipfeltouren in Nord- und Mittelb\u00fcnden.<br \/>\nAlle Infos f\u00fcr die Planung sind in ausf\u00fchrlich in Text, Bild und<br \/>\n\u00dcbersichtskarten dargestellt. Mitsamt kurz beschriebenen Nachbargipfeln haben<br \/>\ndie Autoren \u00fcber 80 B\u00fcndner Berge unter die Sohlen genommen. Den Schwerpunkt<br \/>\nlegen sie dabei auf anspruchsvolle, einsame Alpinwanderungen in den<br \/>\nSchwierigkeitsgraden T4 und T5.<\/p>\n<p>Erg\u00e4nzt werden die alpinistischen H\u00f6henfl\u00fcge mit handfesten Beitr\u00e4gen zu den<br \/>\nGesteinsformationen, auf denen man wandelt und zur Flora, die einem auf<br \/>\nSchritt und Tritt \u00fcberrascht. Wir laden Sie ein, einem der 150 B\u00fcndner<br \/>\nBergt\u00e4ler zu entsteigen &#8211; und heissen Sie willkommen im Reich der Steinb\u00f6cke,<br \/>\ndem Wappentier Graub\u00fcndens!<\/p>\n<p>50 Touren plus Varianten, 288 Seiten, 206 Farbfotos, 52 \u00dcbersichtskarten<\/p>","protected":false},"excerpt":{"rendered":"<p>Pr\u00e4ttigau \/ Arosa \/ Lenzerheide \/ Fl\u00fcela \/ Albula \/ Julier \/ Hinterrhein \/ Avers \/ Surselva Dieser Alpinwanderf\u00fchrer beschreibt 49 Gipfeltouren in Nord- und Mittelb\u00fcnden. Alle Infos f\u00fcr die Planung sind in ausf\u00fchrlich in Text, Bild und \u00dcbersichtskarten dargestellt. Mitsamt kurz beschriebenen Nachbargipfeln haben die Autoren \u00fcber 80 B\u00fcndner Berge unter die Sohlen genommen. [&#8230;]\n","protected":false},"featured_media":180774,"template":"","meta":[],"product_brand":[],"product_cat":[21605],"product_tag":[],"class_list":{"0":"post-153280","1":"product","2":"type-product","3":"status-publish","4":"has-post-thumbnail","6":"product_cat-wanderfuehrer-trekking","7":"pa_autor-lippuner-coulin","8":"pa_erscheinungsjahr-21568","9":"pa_region-schweiz","10":"pa_sprache-de","12":"first","13":"instock","14":"taxable","15":"shipping-taxable","16":"purchasable","17":"product-type-simple"},"_links":{"self":[{"href":"https:\/\/pizbube.ch\/en\/wp-json\/wp\/v2\/product\/153280","targetHints":{"allow":["GET"]}}],"collection":[{"href":"https:\/\/pizbube.ch\/en\/wp-json\/wp\/v2\/product"}],"about":[{"href":"https:\/\/pizbube.ch\/en\/wp-json\/wp\/v2\/types\/product"}],"wp:featuredmedia":[{"embeddable":true,"href":"https:\/\/pizbube.ch\/en\/wp-json\/wp\/v2\/media\/180774"}],"wp:attachment":[{"href":"https:\/\/pizbube.ch\/en\/wp-json\/wp\/v2\/media?parent=153280"}],"wp:term":[{"taxonomy":"product_brand","embeddable":true,"href":"https:\/\/pizbube.ch\/en\/wp-json\/wp\/v2\/product_brand?post=153280"},{"taxonomy":"product_cat","embeddable":true,"href":"https:\/\/pizbube.ch\/en\/wp-json\/wp\/v2\/product_cat?post=153280"},{"taxonomy":"product_tag","embeddable":true,"href":"https:\/\/pizbube.ch\/en\/wp-json\/wp\/v2\/product_tag?post=153280"}],"curies":[{"name":"wp","href":"https:\/\/api.w.org\/{rel}","templated":true}]}}