{"id":153281,"date":"2021-01-15T12:36:07","date_gmt":"2021-01-15T12:36:07","guid":{"rendered":"https:\/\/codengine3.ch\/?product=import-placeholder-for-203003"},"modified":"2021-01-15T12:53:11","modified_gmt":"2021-01-15T12:53:11","slug":"20-bergwanderungen-region-nord-und-mittelbuenden","status":"publish","type":"product","link":"https:\/\/pizbube.ch\/en\/shop\/20-bergwanderungen-region-nord-und-mittelbuenden\/","title":{"rendered":"20 Bergwanderungen  Region Nord- und Mittelb\u00fcnden"},"content":{"rendered":"<p>Es finden sich in diesem F\u00fchrer neben Klassikern wie der Panoramaroute Senda<br \/>\nSursilvana auch wenig bekannte Pfade im Safiental oder im Lugnez. Neben<br \/>\nAussichtsgipfeln wie Piz Mundaun und Flimserstein locken Bergseen, und<br \/>\nSchluchtenpassagen sind ebenso vertreten wie hoch gelegene Wallfahrtskirchen.<br \/>\nWeil die Region durch ein gut ausgebautes \u00f6ffentliches Verkehrsnetz<br \/>\nerschlossen ist, lassen sich viele der 20 Touren dieses Buches verl\u00e4ngern,<br \/>\nverk\u00fcrzen oder durch Varianten erg\u00e4nzen. Streckenkarten, H\u00f6henprofile und<br \/>\nweitere Serviceangaben erleichtern die Planung.<\/p>","protected":false},"excerpt":{"rendered":"<p>Es finden sich in diesem F\u00fchrer neben Klassikern wie der Panoramaroute Senda Sursilvana auch wenig bekannte Pfade im Safiental oder im Lugnez. Neben Aussichtsgipfeln wie Piz Mundaun und Flimserstein locken Bergseen, und Schluchtenpassagen sind ebenso vertreten wie hoch gelegene Wallfahrtskirchen. Weil die Region durch ein gut ausgebautes \u00f6ffentliches Verkehrsnetz erschlossen ist, lassen sich viele der [&#8230;]\n","protected":false},"featured_media":30508,"template":"","meta":[],"product_brand":[],"product_cat":[21605],"product_tag":[],"class_list":{"0":"post-153281","1":"product","2":"type-product","3":"status-publish","4":"has-post-thumbnail","6":"product_cat-wanderfuehrer-trekking","7":"pa_autor-auf-der-maur","8":"pa_erscheinungsjahr-22292","9":"pa_region-schweiz","10":"pa_sprache-de","12":"first","13":"instock","14":"taxable","15":"shipping-taxable","16":"purchasable","17":"product-type-simple"},"_links":{"self":[{"href":"https:\/\/pizbube.ch\/en\/wp-json\/wp\/v2\/product\/153281","targetHints":{"allow":["GET"]}}],"collection":[{"href":"https:\/\/pizbube.ch\/en\/wp-json\/wp\/v2\/product"}],"about":[{"href":"https:\/\/pizbube.ch\/en\/wp-json\/wp\/v2\/types\/product"}],"wp:featuredmedia":[{"embeddable":true,"href":"https:\/\/pizbube.ch\/en\/wp-json\/wp\/v2\/media\/30508"}],"wp:attachment":[{"href":"https:\/\/pizbube.ch\/en\/wp-json\/wp\/v2\/media?parent=153281"}],"wp:term":[{"taxonomy":"product_brand","embeddable":true,"href":"https:\/\/pizbube.ch\/en\/wp-json\/wp\/v2\/product_brand?post=153281"},{"taxonomy":"product_cat","embeddable":true,"href":"https:\/\/pizbube.ch\/en\/wp-json\/wp\/v2\/product_cat?post=153281"},{"taxonomy":"product_tag","embeddable":true,"href":"https:\/\/pizbube.ch\/en\/wp-json\/wp\/v2\/product_tag?post=153281"}],"curies":[{"name":"wp","href":"https:\/\/api.w.org\/{rel}","templated":true}]}}