{"id":153283,"date":"2021-01-15T12:36:08","date_gmt":"2021-01-15T12:36:08","guid":{"rendered":"https:\/\/codengine3.ch\/?product=import-placeholder-for-208137"},"modified":"2025-08-19T15:57:55","modified_gmt":"2025-08-19T13:57:55","slug":"wo-ich-gehe-ist-der-weg-michel-darbellay-das-portrait-eines-alpinisten","status":"publish","type":"product","link":"https:\/\/pizbube.ch\/en\/shop\/wo-ich-gehe-ist-der-weg-michel-darbellay-das-portrait-eines-alpinisten\/","title":{"rendered":"Wo ich gehe, ist der Weg &#8211; Michel Darbellay: Das Portrait eines Alpinisten"},"content":{"rendered":"<p>Er durchstieg die ber\u00fcchtigte Eiger-Nordwand als Erster im Alleingang und die<br \/>\nbegehrte Piz Badile-Nordostwand mit seinen Seilgef\u00e4hrten erstmals im Winter.<br \/>\nOhne Zweifel gilt er als einer der f\u00e4higsten Bergsteiger seiner Zeit &#8211; der<br \/>\nSchweizer Michel Darbellay.<\/p>\n<p>Das reich bebilderte Buch ist eine Hommage an den bedeutenden Alpinisten und<br \/>\nBergf\u00fchrer, es gew\u00e4hrt Einblicke in sein Leben als professioneller Bergsteiger<br \/>\nwie als Privatmensch.<\/p>\n<p>Pers\u00f6nliche Statements von Weggef\u00e4hrten, dazu einordnende<br \/>\nHintergrundinformationen dokumentieren nicht nur die alpinistisch bewegten<br \/>\n1960er-Jahre &#8211; vor allem zeigen sie einen charakterstarken, einf\u00fchlsamen<br \/>\nMenschen, der die gro\u00dfen Werte des klassischen Abenteueralpinismus<br \/>\nverk\u00f6rperte!<\/p>\n<p>Mit rund 250 bislang gr\u00f6\u00dftenteils noch unver\u00f6ffentlichten Abbildungen!<\/p>\n<p>1. Auflage; 224 Seiten; Fester Einband<\/p>","protected":false},"excerpt":{"rendered":"<p>Er durchstieg die ber\u00fcchtigte Eiger-Nordwand als Erster im Alleingang und die begehrte Piz Badile-Nordostwand mit seinen Seilgef\u00e4hrten erstmals im Winter. Ohne Zweifel gilt er als einer der f\u00e4higsten Bergsteiger seiner Zeit &#8211; der Schweizer Michel Darbellay. Das reich bebilderte Buch ist eine Hommage an den bedeutenden Alpinisten und Bergf\u00fchrer, es gew\u00e4hrt Einblicke in sein Leben [&#8230;]\n","protected":false},"featured_media":168969,"template":"","meta":[],"product_brand":[],"product_cat":[21542],"product_tag":[],"class_list":{"0":"post-153283","1":"product","2":"type-product","3":"status-publish","4":"has-post-thumbnail","6":"product_cat-sachbuecher-dokumentationen","7":"pa_autor-auffermann","8":"pa_erscheinungsjahr-21558","9":"pa_region-schweiz","10":"pa_sprache-de","12":"first","13":"instock","14":"taxable","15":"shipping-taxable","16":"purchasable","17":"product-type-simple"},"_links":{"self":[{"href":"https:\/\/pizbube.ch\/en\/wp-json\/wp\/v2\/product\/153283","targetHints":{"allow":["GET"]}}],"collection":[{"href":"https:\/\/pizbube.ch\/en\/wp-json\/wp\/v2\/product"}],"about":[{"href":"https:\/\/pizbube.ch\/en\/wp-json\/wp\/v2\/types\/product"}],"wp:featuredmedia":[{"embeddable":true,"href":"https:\/\/pizbube.ch\/en\/wp-json\/wp\/v2\/media\/168969"}],"wp:attachment":[{"href":"https:\/\/pizbube.ch\/en\/wp-json\/wp\/v2\/media?parent=153283"}],"wp:term":[{"taxonomy":"product_brand","embeddable":true,"href":"https:\/\/pizbube.ch\/en\/wp-json\/wp\/v2\/product_brand?post=153283"},{"taxonomy":"product_cat","embeddable":true,"href":"https:\/\/pizbube.ch\/en\/wp-json\/wp\/v2\/product_cat?post=153283"},{"taxonomy":"product_tag","embeddable":true,"href":"https:\/\/pizbube.ch\/en\/wp-json\/wp\/v2\/product_tag?post=153283"}],"curies":[{"name":"wp","href":"https:\/\/api.w.org\/{rel}","templated":true}]}}