{"id":153287,"date":"2021-01-15T12:36:08","date_gmt":"2021-01-15T12:36:08","guid":{"rendered":"https:\/\/codengine3.ch\/?product=import-placeholder-for-207118"},"modified":"2021-01-15T14:55:19","modified_gmt":"2021-01-15T14:55:19","slug":"argentinien-12000000","status":"publish","type":"product","link":"https:\/\/pizbube.ch\/en\/shop\/argentinien-12000000\/","title":{"rendered":"Argentinien 1:2&#8217;000&#8217;000"},"content":{"rendered":"<p>Diese Landkarte erscheint in der Landkartenserie world mapping project bei<br \/>\nReise Know-How. Kennzeichnend ist die hochwertige, klare und moderne<br \/>\nkartografische Darstellung. H\u00f6henlinien mit H\u00f6henangaben Farbige<br \/>\nH\u00f6henschichten Klassifiziertes Stra\u00dfennetz mit Entfernungsangaben<br \/>\nSehensw\u00fcrdigkeiten Ausf\u00fchrlicher Ortsindex GPS-Tauglichkeit durch L\u00e4ngen- und<br \/>\nBreitengrade Viersprachige Legende (Deutsch, Englisch, Franz., Spanisch)<\/p>\n<p>Kartenbild 2seitig. Exakte H\u00f6henlinien. H\u00f6henschichten-Relief.<br \/>\n9., aktualisierte Auflage.  <\/p>","protected":false},"excerpt":{"rendered":"<p>Diese Landkarte erscheint in der Landkartenserie world mapping project bei Reise Know-How. Kennzeichnend ist die hochwertige, klare und moderne kartografische Darstellung. H\u00f6henlinien mit H\u00f6henangaben Farbige H\u00f6henschichten Klassifiziertes Stra\u00dfennetz mit Entfernungsangaben Sehensw\u00fcrdigkeiten Ausf\u00fchrlicher Ortsindex GPS-Tauglichkeit durch L\u00e4ngen- und Breitengrade Viersprachige Legende (Deutsch, Englisch, Franz., Spanisch) Kartenbild 2seitig. Exakte H\u00f6henlinien. H\u00f6henschichten-Relief. 9., aktualisierte Auflage.<\/p>","protected":false},"featured_media":36726,"template":"","meta":[],"product_brand":[],"product_cat":[21543],"product_tag":[],"class_list":{"0":"post-153287","1":"product","2":"type-product","3":"status-publish","4":"has-post-thumbnail","6":"product_cat-landkarten","7":"pa_autor-rump","8":"pa_erscheinungsjahr-21571","9":"pa_region-amerika-sued","10":"pa_sprache-d","11":"pa_sprache-e","13":"first","14":"instock","15":"taxable","16":"shipping-taxable","17":"purchasable","18":"product-type-simple"},"_links":{"self":[{"href":"https:\/\/pizbube.ch\/en\/wp-json\/wp\/v2\/product\/153287","targetHints":{"allow":["GET"]}}],"collection":[{"href":"https:\/\/pizbube.ch\/en\/wp-json\/wp\/v2\/product"}],"about":[{"href":"https:\/\/pizbube.ch\/en\/wp-json\/wp\/v2\/types\/product"}],"wp:featuredmedia":[{"embeddable":true,"href":"https:\/\/pizbube.ch\/en\/wp-json\/wp\/v2\/media\/36726"}],"wp:attachment":[{"href":"https:\/\/pizbube.ch\/en\/wp-json\/wp\/v2\/media?parent=153287"}],"wp:term":[{"taxonomy":"product_brand","embeddable":true,"href":"https:\/\/pizbube.ch\/en\/wp-json\/wp\/v2\/product_brand?post=153287"},{"taxonomy":"product_cat","embeddable":true,"href":"https:\/\/pizbube.ch\/en\/wp-json\/wp\/v2\/product_cat?post=153287"},{"taxonomy":"product_tag","embeddable":true,"href":"https:\/\/pizbube.ch\/en\/wp-json\/wp\/v2\/product_tag?post=153287"}],"curies":[{"name":"wp","href":"https:\/\/api.w.org\/{rel}","templated":true}]}}