{"id":153288,"date":"2021-01-15T12:36:08","date_gmt":"2021-01-15T12:36:08","guid":{"rendered":"https:\/\/codengine3.ch\/?product=import-placeholder-for-205339"},"modified":"2021-01-15T14:40:29","modified_gmt":"2021-01-15T14:40:29","slug":"bodensee-sued","status":"publish","type":"product","link":"https:\/\/pizbube.ch\/en\/shop\/bodensee-sued\/","title":{"rendered":"Bodensee S\u00fcd"},"content":{"rendered":"<p>\nThurgau &#8211; St. Gallen &#8211; Appenzeller Land &#8211; Vorarlberg  <\/p>\n<p>Zweifellos z\u00e4hlen das Schweizer und Vorarlberger Bodenseeufer zu den<br \/>\nbeliebtesten mitteleurop\u00e4ischen Wanderregionen. Aush\u00e4ngeschild des alpennahen<br \/>\nFreizeitgew\u00e4ssers ist der schlanke Untersee-Finger zwischen Stein am Rhein und<br \/>\nKonstanz. S\u00fcdlich des gr\u00f6\u00dften Trinkwasserspeichers Europas erwartet den<br \/>\nWanderer eine vielgestaltige, mit unterschiedlich frequentierten Wegen und<br \/>\nPfaden erschlossene Gegend. So recht zum Erholen. Das einst vom Rheingletscher<br \/>\ngestaltete, weitl\u00e4ufige Thurgau-H\u00fcgelland und das Weinland zwischen Winterthur<br \/>\nund Schaffhausen mit dem weltber\u00fchmten Rheinfall sind heute Kulturlandschaften<br \/>\nmit Vorbildcharakter.  <\/p>\n<p>Dort hat aber auch die intakte Natur noch ihren Platz: tief eingeschnittene<br \/>\nWaldtobel, bezaubernde Seespiegel und verborgene Weiher. In den blitzsauberen<br \/>\nD\u00f6rfern verspieltes Fachwerk, um die verstreuten Weiler und Ein\u00f6den eine<br \/>\nauffallende Gelassenheit. Auch beide Seiten des n\u00f6rdlichen Alpenrheintals<br \/>\nz\u00e4hlen mit zum vorgestellten Gebiet. Zwei Parade-Aussichtsberge sind hier der<br \/>\nHohe Kasten \u00fcber den gr\u00fcnen Matten des Appenzeller Landes und der Hohe<br \/>\nFreschen in den Vorarlberger Bregenzerwaldbergen.  <\/p>\n<p>Alle 50 Touren sind mit \u00f6ffentlichen Verkehrsmitteln erreichbar, viele eignen<br \/>\nsich auch f\u00fcr Familien mit Kindern. Die exakten Tourenbeschreibungen sind mit<br \/>\nansprechenden Farbfotos illustriert und durch Wanderkarten mit eingezeichnetem<br \/>\nRoutenverlauf und aussagekr\u00e4ftige Streckenprofile erg\u00e4nzt. Hinzu kommen<br \/>\nzahlreiche Tipps zu Gastronomie und Sehensw\u00fcrdigkeiten.<\/p>","protected":false},"excerpt":{"rendered":"<p>Thurgau &#8211; St. Gallen &#8211; Appenzeller Land &#8211; Vorarlberg Zweifellos z\u00e4hlen das Schweizer und Vorarlberger Bodenseeufer zu den beliebtesten mitteleurop\u00e4ischen Wanderregionen. Aush\u00e4ngeschild des alpennahen Freizeitgew\u00e4ssers ist der schlanke Untersee-Finger zwischen Stein am Rhein und Konstanz. S\u00fcdlich des gr\u00f6\u00dften Trinkwasserspeichers Europas erwartet den Wanderer eine vielgestaltige, mit unterschiedlich frequentierten Wegen und Pfaden erschlossene Gegend. So recht [&#8230;]\n","protected":false},"featured_media":34012,"template":"","meta":[],"product_brand":[],"product_cat":[21605],"product_tag":[],"class_list":{"0":"post-153288","1":"product","2":"type-product","3":"status-publish","4":"has-post-thumbnail","6":"product_cat-wanderfuehrer-trekking","7":"pa_autor-mayr","8":"pa_erscheinungsjahr-21574","9":"pa_region-schweiz","10":"pa_sprache-de","12":"first","13":"instock","14":"taxable","15":"shipping-taxable","16":"purchasable","17":"product-type-simple"},"_links":{"self":[{"href":"https:\/\/pizbube.ch\/en\/wp-json\/wp\/v2\/product\/153288","targetHints":{"allow":["GET"]}}],"collection":[{"href":"https:\/\/pizbube.ch\/en\/wp-json\/wp\/v2\/product"}],"about":[{"href":"https:\/\/pizbube.ch\/en\/wp-json\/wp\/v2\/types\/product"}],"wp:featuredmedia":[{"embeddable":true,"href":"https:\/\/pizbube.ch\/en\/wp-json\/wp\/v2\/media\/34012"}],"wp:attachment":[{"href":"https:\/\/pizbube.ch\/en\/wp-json\/wp\/v2\/media?parent=153288"}],"wp:term":[{"taxonomy":"product_brand","embeddable":true,"href":"https:\/\/pizbube.ch\/en\/wp-json\/wp\/v2\/product_brand?post=153288"},{"taxonomy":"product_cat","embeddable":true,"href":"https:\/\/pizbube.ch\/en\/wp-json\/wp\/v2\/product_cat?post=153288"},{"taxonomy":"product_tag","embeddable":true,"href":"https:\/\/pizbube.ch\/en\/wp-json\/wp\/v2\/product_tag?post=153288"}],"curies":[{"name":"wp","href":"https:\/\/api.w.org\/{rel}","templated":true}]}}