{"id":153289,"date":"2021-01-15T12:36:09","date_gmt":"2021-01-15T12:36:09","guid":{"rendered":"https:\/\/codengine3.ch\/?product=import-placeholder-for-205828"},"modified":"2021-01-15T14:44:17","modified_gmt":"2021-01-15T14:44:17","slug":"endstation-belalp-historischer-bergkrimi","status":"publish","type":"product","link":"https:\/\/pizbube.ch\/en\/shop\/endstation-belalp-historischer-bergkrimi\/","title":{"rendered":"Endstation Belalp &#8211; Historischer Bergkrimi"},"content":{"rendered":"<p>Im Sommer 1862 verlegt der London Alpine Club seine j\u00e4hrliche Versammlung in<br \/>\ndie Schweizer Berge, genauer gesagt ins Hotel Belalp beim Aletschgletscher. Es<br \/>\nist der Lieblingsort von Professor James McGregor, dem erfolgreichen<br \/>\nGletscherforscher und Alpinisten, der heuer in Begleitung seiner frisch<br \/>\nangetrauten Braut Penelope Lancaster anreisen wird.  <\/p>\n<p>H\u00f4teli\u00e8re Amalia Germanier ist ziemlich aus dem H\u00e4uschen und treibt ihre<br \/>\nBelegschaft seit Wochen zu H\u00f6chstleistungen an: Schliesslich will eine<br \/>\nillustre Schar aus der internationalen Bergsteigergemeinde umsorgt und<br \/>\nbewirtet sein und es sind ausgiebige Festivit\u00e4ten geplant. Amalia sieht darin<br \/>\ndie Chance, ihr Hotel Belalp auf einen Schlag in der ganzen Welt bekannt zu<br \/>\nmachen &#8211; eine Vorstellung, die bestimmt auch ihrem Gatten Pierre gefallen<br \/>\nw\u00fcrde, der derweil drunten im Tal besch\u00e4ftigt ist.  <\/p>\n<p>Ein klassisches Whodunnit, das vor exotischer Bergkulisse atmosph\u00e4risch dicht<br \/>\ndie unterschiedlichsten Temperamente, Ambitionen und Kulturen<br \/>\naufeinanderprallen l\u00e4sst und zugleich lebhaft Einblick gew\u00e4hrt in die<br \/>\nabenteuerlichen Anf\u00e4nge der Alpinismusgeschichte.  <\/p>","protected":false},"excerpt":{"rendered":"<p>Im Sommer 1862 verlegt der London Alpine Club seine j\u00e4hrliche Versammlung in die Schweizer Berge, genauer gesagt ins Hotel Belalp beim Aletschgletscher. Es ist der Lieblingsort von Professor James McGregor, dem erfolgreichen Gletscherforscher und Alpinisten, der heuer in Begleitung seiner frisch angetrauten Braut Penelope Lancaster anreisen wird. H\u00f4teli\u00e8re Amalia Germanier ist ziemlich aus dem H\u00e4uschen [&#8230;]\n","protected":false},"featured_media":34658,"template":"","meta":[],"product_brand":[],"product_cat":[21629],"product_tag":[],"class_list":{"0":"post-153289","1":"product","2":"type-product","3":"status-publish","4":"has-post-thumbnail","6":"product_cat-belletristik","7":"pa_autor-britsch","8":"pa_erscheinungsjahr-21693","9":"pa_region-schweiz","10":"pa_sprache-de","12":"first","13":"outofstock","14":"taxable","15":"shipping-taxable","16":"purchasable","17":"product-type-simple"},"_links":{"self":[{"href":"https:\/\/pizbube.ch\/en\/wp-json\/wp\/v2\/product\/153289","targetHints":{"allow":["GET"]}}],"collection":[{"href":"https:\/\/pizbube.ch\/en\/wp-json\/wp\/v2\/product"}],"about":[{"href":"https:\/\/pizbube.ch\/en\/wp-json\/wp\/v2\/types\/product"}],"wp:featuredmedia":[{"embeddable":true,"href":"https:\/\/pizbube.ch\/en\/wp-json\/wp\/v2\/media\/34658"}],"wp:attachment":[{"href":"https:\/\/pizbube.ch\/en\/wp-json\/wp\/v2\/media?parent=153289"}],"wp:term":[{"taxonomy":"product_brand","embeddable":true,"href":"https:\/\/pizbube.ch\/en\/wp-json\/wp\/v2\/product_brand?post=153289"},{"taxonomy":"product_cat","embeddable":true,"href":"https:\/\/pizbube.ch\/en\/wp-json\/wp\/v2\/product_cat?post=153289"},{"taxonomy":"product_tag","embeddable":true,"href":"https:\/\/pizbube.ch\/en\/wp-json\/wp\/v2\/product_tag?post=153289"}],"curies":[{"name":"wp","href":"https:\/\/api.w.org\/{rel}","templated":true}]}}