{"id":153290,"date":"2021-01-15T12:36:09","date_gmt":"2021-01-15T12:36:09","guid":{"rendered":"https:\/\/codengine3.ch\/?product=import-placeholder-for-208046"},"modified":"2021-01-15T17:49:39","modified_gmt":"2021-01-15T17:49:39","slug":"abgruendig","status":"publish","type":"product","link":"https:\/\/pizbube.ch\/en\/shop\/abgruendig\/","title":{"rendered":"Abgr\u00fcndig"},"content":{"rendered":"<p>Eine Bergtour. Ein Unwetter. Ein Mord. Eingesperrt auf engstem Raum, ohne<br \/>\nAussicht auf Rettung, erkennt man ganz neue Seiten an seinen \u201eFreunden\u201c.<br \/>\nH\u00e4ssliche Seiten. T\u00f6dliche Seiten &#8230;<\/p>\n<p>Geplant war eine l\u00e4ssige Bergtour &#8211; auf eigene Faust auf die Zugspitze und<br \/>\nwieder zur\u00fcck, bevor die anderen im Camp etwas merken. Doch als die kleine<br \/>\nGruppe um Tim am Morgen aufbricht, scheint das Ungl\u00fcck vorprogrammiert. Sie<br \/>\ngeraten in ein heftiges Unwetter und m\u00fcssen in einer verlassenen H\u00fctte<br \/>\nUnterschlupf suchen. Sie wissen nicht, wo sie sind, sie haben keine<br \/>\nM\u00f6glichkeit, mit dem Rest der Welt Kontakt aufzunehmen, und sie sitzen fest.<br \/>\nSolange Sturm und Regen toben, ist an einen Abstieg nicht zu denken. Zunehmend<br \/>\nliegen die Nerven blank und Vorw\u00fcrfe machen die Runde, schlie\u00dflich kommt es<br \/>\nsogar zur Pr\u00fcgelei. Am n\u00e4chsten Morgen ist einer von ihnen verschwunden.<br \/>\nZur\u00fcck bleibt eine Blutlache &#8211; und die Frage, ob es unter ihnen einen M\u00f6rder<br \/>\ngibt.<\/p>\n<p>Das Jugendbuch-Deb\u00fct des Thriller-Autors Arno Strobel, der zuletzt mit \u201eDer<br \/>\nSarg\u201c die Bestsellerlisten st\u00fcrmte.<\/p>","protected":false},"excerpt":{"rendered":"<p>Eine Bergtour. Ein Unwetter. Ein Mord. Eingesperrt auf engstem Raum, ohne Aussicht auf Rettung, erkennt man ganz neue Seiten an seinen \u201eFreunden\u201c. H\u00e4ssliche Seiten. T\u00f6dliche Seiten &#8230; Geplant war eine l\u00e4ssige Bergtour &#8211; auf eigene Faust auf die Zugspitze und wieder zur\u00fcck, bevor die anderen im Camp etwas merken. Doch als die kleine Gruppe um [&#8230;]\n","protected":false},"featured_media":39193,"template":"","meta":[],"product_brand":[],"product_cat":[21629],"product_tag":[],"class_list":{"0":"post-153290","1":"product","2":"type-product","3":"status-publish","4":"has-post-thumbnail","6":"product_cat-belletristik","7":"pa_autor-strobel","8":"pa_erscheinungsjahr-21550","9":"pa_region-deutschland","10":"pa_sprache-de","12":"first","13":"instock","14":"taxable","15":"shipping-taxable","16":"purchasable","17":"product-type-simple"},"_links":{"self":[{"href":"https:\/\/pizbube.ch\/en\/wp-json\/wp\/v2\/product\/153290","targetHints":{"allow":["GET"]}}],"collection":[{"href":"https:\/\/pizbube.ch\/en\/wp-json\/wp\/v2\/product"}],"about":[{"href":"https:\/\/pizbube.ch\/en\/wp-json\/wp\/v2\/types\/product"}],"wp:featuredmedia":[{"embeddable":true,"href":"https:\/\/pizbube.ch\/en\/wp-json\/wp\/v2\/media\/39193"}],"wp:attachment":[{"href":"https:\/\/pizbube.ch\/en\/wp-json\/wp\/v2\/media?parent=153290"}],"wp:term":[{"taxonomy":"product_brand","embeddable":true,"href":"https:\/\/pizbube.ch\/en\/wp-json\/wp\/v2\/product_brand?post=153290"},{"taxonomy":"product_cat","embeddable":true,"href":"https:\/\/pizbube.ch\/en\/wp-json\/wp\/v2\/product_cat?post=153290"},{"taxonomy":"product_tag","embeddable":true,"href":"https:\/\/pizbube.ch\/en\/wp-json\/wp\/v2\/product_tag?post=153290"}],"curies":[{"name":"wp","href":"https:\/\/api.w.org\/{rel}","templated":true}]}}