{"id":153294,"date":"2021-01-15T12:36:15","date_gmt":"2021-01-15T12:36:15","guid":{"rendered":"https:\/\/codengine3.ch\/?product=import-placeholder-for-204370"},"modified":"2021-01-15T14:32:31","modified_gmt":"2021-01-15T14:32:31","slug":"in-extremis","status":"publish","type":"product","link":"https:\/\/pizbube.ch\/en\/shop\/in-extremis\/","title":{"rendered":"In Extremis"},"content":{"rendered":"<p>L`\u00e9pop\u00e9e du secours en montagne dans le massif du Mont-Blanc.<br \/>\nDes drames souvent, de vrais miracles parfois, des hommes h\u00e9ro\u00efques presque<br \/>\ntoujours&#8230;<br \/>\nC`est ainsi que se d\u00e9signe l`\u00e9quipe qui part en t\u00eate sur les lieux d`un<br \/>\naccident. Ils sont en premi\u00e8re ligne du combat pour sauver des vies humaines.<br \/>\nLeurs t\u00e9moignages nous renseignent sur notre condition, sur sa fragilit\u00e9 mais<br \/>\naussi sur les ressources inou\u00efes dont nous disposons.<br \/>\nCe livre raconte l`incroyable aventure de ces hommes qui n`h\u00e9sitent pas \u00e0 se<br \/>\njeter dans la gueule du loup et, paradoxalement, il est optimiste : c`est un<br \/>\nhymne \u00e0 la solidarit\u00e9.<\/p>","protected":false},"excerpt":{"rendered":"<p>L`\u00e9pop\u00e9e du secours en montagne dans le massif du Mont-Blanc. Des drames souvent, de vrais miracles parfois, des hommes h\u00e9ro\u00efques presque toujours&#8230; C`est ainsi que se d\u00e9signe l`\u00e9quipe qui part en t\u00eate sur les lieux d`un accident. Ils sont en premi\u00e8re ligne du combat pour sauver des vies humaines. Leurs t\u00e9moignages nous renseignent sur notre [&#8230;]\n","protected":false},"featured_media":32219,"template":"","meta":[],"product_brand":[],"product_cat":[21542],"product_tag":[],"class_list":{"0":"post-153294","1":"product","2":"type-product","3":"status-publish","4":"has-post-thumbnail","6":"product_cat-sachbuecher-dokumentationen","7":"pa_autor-agresti","8":"pa_erscheinungsjahr-21763","9":"pa_region-frankreich","10":"pa_sprache-fr","12":"first","13":"instock","14":"taxable","15":"shipping-taxable","16":"purchasable","17":"product-type-simple"},"_links":{"self":[{"href":"https:\/\/pizbube.ch\/en\/wp-json\/wp\/v2\/product\/153294","targetHints":{"allow":["GET"]}}],"collection":[{"href":"https:\/\/pizbube.ch\/en\/wp-json\/wp\/v2\/product"}],"about":[{"href":"https:\/\/pizbube.ch\/en\/wp-json\/wp\/v2\/types\/product"}],"wp:featuredmedia":[{"embeddable":true,"href":"https:\/\/pizbube.ch\/en\/wp-json\/wp\/v2\/media\/32219"}],"wp:attachment":[{"href":"https:\/\/pizbube.ch\/en\/wp-json\/wp\/v2\/media?parent=153294"}],"wp:term":[{"taxonomy":"product_brand","embeddable":true,"href":"https:\/\/pizbube.ch\/en\/wp-json\/wp\/v2\/product_brand?post=153294"},{"taxonomy":"product_cat","embeddable":true,"href":"https:\/\/pizbube.ch\/en\/wp-json\/wp\/v2\/product_cat?post=153294"},{"taxonomy":"product_tag","embeddable":true,"href":"https:\/\/pizbube.ch\/en\/wp-json\/wp\/v2\/product_tag?post=153294"}],"curies":[{"name":"wp","href":"https:\/\/api.w.org\/{rel}","templated":true}]}}