{"id":153295,"date":"2021-01-15T12:36:15","date_gmt":"2021-01-15T12:36:15","guid":{"rendered":"https:\/\/codengine3.ch\/?product=import-placeholder-for-203176"},"modified":"2021-01-15T12:54:49","modified_gmt":"2021-01-15T12:54:49","slug":"hoehenfluege","status":"publish","type":"product","link":"https:\/\/pizbube.ch\/en\/shop\/hoehenfluege\/","title":{"rendered":"H\u00f6henfl\u00fcge"},"content":{"rendered":"<p>Vor 51 Jahren sass sein Vater, der ber\u00fchmte Gletscherpilot Hermann Geiger, am<br \/>\nSteuer des gleichen Typs \u2013 einer Piper Super Cub \u2013 und vollbrachte als<br \/>\nPionierleistung die erste Gletscherlandung auf eben diesem Firnschnee des<br \/>\nKandergletschers. Die Geburtsstunde der Schweizer Rettungsfliegerei und der<br \/>\nBeginn einer grossartigen Tradition der Gebirgsfliegerei mit Hermann Geiger,<br \/>\nreichlich mit Fotos dokumentiert, bilden einen interessanten und lesenswerten<br \/>\nTeil dieses Buches. Diverse Pers\u00f6nlichkeiten dokumentieren, was Geiger war:<br \/>\nRettungspilot mit Leib und Seele.<br \/>\nKurzbiografien der prominenten Gletscherflug-Passagiere bilden den Abschluss<br \/>\ndieses reich illustrierten und lesenswerten Buches.  <\/p>","protected":false},"excerpt":{"rendered":"<p>Vor 51 Jahren sass sein Vater, der ber\u00fchmte Gletscherpilot Hermann Geiger, am Steuer des gleichen Typs \u2013 einer Piper Super Cub \u2013 und vollbrachte als Pionierleistung die erste Gletscherlandung auf eben diesem Firnschnee des Kandergletschers. Die Geburtsstunde der Schweizer Rettungsfliegerei und der Beginn einer grossartigen Tradition der Gebirgsfliegerei mit Hermann Geiger, reichlich mit Fotos dokumentiert, [&#8230;]\n","protected":false},"featured_media":30719,"template":"","meta":[],"product_brand":[],"product_cat":[21542],"product_tag":[],"class_list":{"0":"post-153295","1":"product","2":"type-product","3":"status-publish","4":"has-post-thumbnail","6":"product_cat-sachbuecher-dokumentationen","7":"pa_autor-furrer","8":"pa_erscheinungsjahr-22292","9":"pa_region-schweiz","10":"pa_sprache-de","12":"first","13":"instock","14":"taxable","15":"shipping-taxable","16":"purchasable","17":"product-type-simple"},"_links":{"self":[{"href":"https:\/\/pizbube.ch\/en\/wp-json\/wp\/v2\/product\/153295","targetHints":{"allow":["GET"]}}],"collection":[{"href":"https:\/\/pizbube.ch\/en\/wp-json\/wp\/v2\/product"}],"about":[{"href":"https:\/\/pizbube.ch\/en\/wp-json\/wp\/v2\/types\/product"}],"wp:featuredmedia":[{"embeddable":true,"href":"https:\/\/pizbube.ch\/en\/wp-json\/wp\/v2\/media\/30719"}],"wp:attachment":[{"href":"https:\/\/pizbube.ch\/en\/wp-json\/wp\/v2\/media?parent=153295"}],"wp:term":[{"taxonomy":"product_brand","embeddable":true,"href":"https:\/\/pizbube.ch\/en\/wp-json\/wp\/v2\/product_brand?post=153295"},{"taxonomy":"product_cat","embeddable":true,"href":"https:\/\/pizbube.ch\/en\/wp-json\/wp\/v2\/product_cat?post=153295"},{"taxonomy":"product_tag","embeddable":true,"href":"https:\/\/pizbube.ch\/en\/wp-json\/wp\/v2\/product_tag?post=153295"}],"curies":[{"name":"wp","href":"https:\/\/api.w.org\/{rel}","templated":true}]}}