{"id":153296,"date":"2021-01-15T12:36:15","date_gmt":"2021-01-15T12:36:15","guid":{"rendered":"https:\/\/codengine3.ch\/?product=import-placeholder-for-206923"},"modified":"2021-01-15T14:53:27","modified_gmt":"2021-01-15T14:53:27","slug":"der-eispapst-die-akte-welzenbach","status":"publish","type":"product","link":"https:\/\/pizbube.ch\/en\/shop\/der-eispapst-die-akte-welzenbach\/","title":{"rendered":"Der Eispapst &#8211; Die Akte Welzenbach"},"content":{"rendered":"<p>\nWilhelm \u00bbWillo\u00ab Welzenbach ist der beste Bergsteiger seiner Zeit. Er<br \/>\ndurchsteigt viele der gro\u00dfen Eisw\u00e4nde der Alpen, ein Dutzend davon als Erster.<br \/>\nSeine farbigen Vortr\u00e4ge dar\u00fcber fesseln Tausende von Menschen. 1929 fasst er<br \/>\nden Entschluss, den 8125 Meter hohen Nanga Parbat im Himalaya zu ersteigen.<br \/>\nAber sein Plan wird von seinen Konkurrenten im Alpenverein, angef\u00fchrt von Paul<br \/>\nBauer, hintertrieben. Dessen nationale Gesinnung z\u00e4hlt jetzt mehr als<br \/>\nWelzenbachs K\u00f6nnen und Charakter.  <\/p>\n<p>Erst 1934 kann Welzenbach an einer deutschen Expedition zum Nanga Parbat<br \/>\nteilnehmen. Sie steht allerdings nicht unter seiner Leitung, folgt nicht<br \/>\nseinem Plan \u2013 und scheitert katastrophal.<\/p>\n<p>Reinhold Messner \u00f6ffnet die Akte Welzenbach und l\u00e4sst die Originaldokumente<br \/>\nsprechen: Briefe, Berichte, Zeugenaussagen, Tagebuchaufzeichnungen,<br \/>\nExpeditionspl\u00e4ne, Fotos. Sein Buch ist die Hommage an einen Bergsteiger, dem<br \/>\nes nicht um Macht und Ideologie, sondern um Lebensfreude und Selbstausdruck<br \/>\nging. Zugleich aber ist es die hochspannende Rekonstruktion einer Intrige \u2013<br \/>\nund einer Zeit, in der das Bergsteigen seine Unschuld verlor.  <\/p>","protected":false},"excerpt":{"rendered":"<p>Wilhelm \u00bbWillo\u00ab Welzenbach ist der beste Bergsteiger seiner Zeit. Er durchsteigt viele der gro\u00dfen Eisw\u00e4nde der Alpen, ein Dutzend davon als Erster. Seine farbigen Vortr\u00e4ge dar\u00fcber fesseln Tausende von Menschen. 1929 fasst er den Entschluss, den 8125 Meter hohen Nanga Parbat im Himalaya zu ersteigen. Aber sein Plan wird von seinen Konkurrenten im Alpenverein, angef\u00fchrt [&#8230;]\n","protected":false},"featured_media":36440,"template":"","meta":[],"product_brand":[],"product_cat":[21542],"product_tag":[],"class_list":{"0":"post-153296","1":"product","2":"type-product","3":"status-publish","4":"has-post-thumbnail","6":"product_cat-sachbuecher-dokumentationen","7":"pa_autor-messner","8":"pa_erscheinungsjahr-21586","9":"pa_region-deutschland","10":"pa_sprache-de","12":"first","13":"instock","14":"taxable","15":"shipping-taxable","16":"purchasable","17":"product-type-simple"},"_links":{"self":[{"href":"https:\/\/pizbube.ch\/en\/wp-json\/wp\/v2\/product\/153296","targetHints":{"allow":["GET"]}}],"collection":[{"href":"https:\/\/pizbube.ch\/en\/wp-json\/wp\/v2\/product"}],"about":[{"href":"https:\/\/pizbube.ch\/en\/wp-json\/wp\/v2\/types\/product"}],"wp:featuredmedia":[{"embeddable":true,"href":"https:\/\/pizbube.ch\/en\/wp-json\/wp\/v2\/media\/36440"}],"wp:attachment":[{"href":"https:\/\/pizbube.ch\/en\/wp-json\/wp\/v2\/media?parent=153296"}],"wp:term":[{"taxonomy":"product_brand","embeddable":true,"href":"https:\/\/pizbube.ch\/en\/wp-json\/wp\/v2\/product_brand?post=153296"},{"taxonomy":"product_cat","embeddable":true,"href":"https:\/\/pizbube.ch\/en\/wp-json\/wp\/v2\/product_cat?post=153296"},{"taxonomy":"product_tag","embeddable":true,"href":"https:\/\/pizbube.ch\/en\/wp-json\/wp\/v2\/product_tag?post=153296"}],"curies":[{"name":"wp","href":"https:\/\/api.w.org\/{rel}","templated":true}]}}