{"id":153297,"date":"2021-01-15T12:36:15","date_gmt":"2021-01-15T12:36:15","guid":{"rendered":"https:\/\/codengine3.ch\/?product=import-placeholder-for-202982"},"modified":"2021-01-15T12:53:00","modified_gmt":"2021-01-15T12:53:00","slug":"der-nackte-berg-taschenbuch","status":"publish","type":"product","link":"https:\/\/pizbube.ch\/en\/shop\/der-nackte-berg-taschenbuch\/","title":{"rendered":"Der nackte Berg (Taschenbuch)"},"content":{"rendered":"<p>Nanga Parbat &#8211; Bruder, Tod und Einsamkeit: tragische Erinnerung an die<br \/>\nExpedition von 1970 am Nanga Parbat, wo Reinhold seinen Bruder in einer Lawine<br \/>\nan der Rupalwand verliert.  <\/p>\n<p>\u00dcber 8000 Meter ist er hoch, der magische Nanga Parbat. Seine m\u00e4chtige<br \/>\nRupalwand, die mehr als vier Kilometer in die Tiefe f\u00e4llt, hat Reinhold<br \/>\nMessner als erster durchstiegen. Doch bis heute ruft sie die Erinnerungen an<br \/>\ndas Jahr 1970 wach, an die dramatischen Geschehnisse, die den<br \/>\nExtrembergsteiger nicht loslassen, denn damals mu\u00dfte er fassungslos und<br \/>\nohnm\u00e4chtig den schrecklichen Tod seines Bruders durch eine Lawine mit ansehen.<br \/>\nDrei Jahrzehnte sp\u00e4ter erinnert er sich &#8211; an den Bruder, an das schreckliche<br \/>\nErlebnis am Nanga Parbat, an eine Trag\u00f6die, die am Anfang von Messners<br \/>\nIdentit\u00e4t als Grenzg\u00e4nger steht. &#8218;Ein gro\u00dfartiges, sein weitaus bestes Buch.<br \/>\nWer den Mythos Messner verstehen will, mu\u00df dieses Buch lesen, und er wird auch<br \/>\netwas vom Menschen Messner verstehen. Und von sich selbst.&#8216;  <\/p>\n<p>Taschenbuchausgabe; 10. Auflg.  <\/p>","protected":false},"excerpt":{"rendered":"<p>Nanga Parbat &#8211; Bruder, Tod und Einsamkeit: tragische Erinnerung an die Expedition von 1970 am Nanga Parbat, wo Reinhold seinen Bruder in einer Lawine an der Rupalwand verliert. \u00dcber 8000 Meter ist er hoch, der magische Nanga Parbat. Seine m\u00e4chtige Rupalwand, die mehr als vier Kilometer in die Tiefe f\u00e4llt, hat Reinhold Messner als erster [&#8230;]\n","protected":false},"featured_media":32604,"template":"","meta":[],"product_brand":[],"product_cat":[21542],"product_tag":[],"class_list":{"0":"post-153297","1":"product","2":"type-product","3":"status-publish","4":"has-post-thumbnail","6":"product_cat-sachbuecher-dokumentationen","7":"pa_autor-messner","8":"pa_erscheinungsjahr-21568","9":"pa_region-asien","10":"pa_sprache-de","12":"first","13":"instock","14":"taxable","15":"shipping-taxable","16":"purchasable","17":"product-type-simple"},"_links":{"self":[{"href":"https:\/\/pizbube.ch\/en\/wp-json\/wp\/v2\/product\/153297","targetHints":{"allow":["GET"]}}],"collection":[{"href":"https:\/\/pizbube.ch\/en\/wp-json\/wp\/v2\/product"}],"about":[{"href":"https:\/\/pizbube.ch\/en\/wp-json\/wp\/v2\/types\/product"}],"wp:featuredmedia":[{"embeddable":true,"href":"https:\/\/pizbube.ch\/en\/wp-json\/wp\/v2\/media\/32604"}],"wp:attachment":[{"href":"https:\/\/pizbube.ch\/en\/wp-json\/wp\/v2\/media?parent=153297"}],"wp:term":[{"taxonomy":"product_brand","embeddable":true,"href":"https:\/\/pizbube.ch\/en\/wp-json\/wp\/v2\/product_brand?post=153297"},{"taxonomy":"product_cat","embeddable":true,"href":"https:\/\/pizbube.ch\/en\/wp-json\/wp\/v2\/product_cat?post=153297"},{"taxonomy":"product_tag","embeddable":true,"href":"https:\/\/pizbube.ch\/en\/wp-json\/wp\/v2\/product_tag?post=153297"}],"curies":[{"name":"wp","href":"https:\/\/api.w.org\/{rel}","templated":true}]}}