{"id":153298,"date":"2021-01-15T12:36:16","date_gmt":"2021-01-15T12:36:16","guid":{"rendered":"https:\/\/codengine3.ch\/?product=import-placeholder-for-202443"},"modified":"2021-01-15T12:36:19","modified_gmt":"2021-01-15T12:36:19","slug":"gluecks-griffe","status":"publish","type":"product","link":"https:\/\/pizbube.ch\/en\/shop\/gluecks-griffe\/","title":{"rendered":"Gl\u00fccks- Griffe"},"content":{"rendered":"<p>Was der Autor bei seinen Klettertouren entdeckt, ber\u00fchrt Dimensionen, die \u00fcber<br \/>\ndas Normale und Zweckm\u00e4ssige hinausreichen und tiefe menschliche Sehns\u00fcchte<br \/>\nansprechen: Grenzerfahrungen im wahrsten Sinne des Wortes! Fotos von H. Zak<\/p>","protected":false},"excerpt":{"rendered":"<p>Was der Autor bei seinen Klettertouren entdeckt, ber\u00fchrt Dimensionen, die \u00fcber das Normale und Zweckm\u00e4ssige hinausreichen und tiefe menschliche Sehns\u00fcchte ansprechen: Grenzerfahrungen im wahrsten Sinne des Wortes! Fotos von H. Zak<\/p>","protected":false},"featured_media":45070,"template":"","meta":[],"product_brand":[],"product_cat":[21542],"product_tag":[],"class_list":{"0":"post-153298","1":"product","2":"type-product","3":"status-publish","4":"has-post-thumbnail","6":"product_cat-sachbuecher-dokumentationen","7":"pa_autor-ziegler","8":"pa_erscheinungsjahr-22150","9":"pa_region-deutschland","10":"pa_sprache-de","12":"first","13":"outofstock","14":"taxable","15":"shipping-taxable","16":"purchasable","17":"product-type-simple"},"_links":{"self":[{"href":"https:\/\/pizbube.ch\/en\/wp-json\/wp\/v2\/product\/153298","targetHints":{"allow":["GET"]}}],"collection":[{"href":"https:\/\/pizbube.ch\/en\/wp-json\/wp\/v2\/product"}],"about":[{"href":"https:\/\/pizbube.ch\/en\/wp-json\/wp\/v2\/types\/product"}],"wp:featuredmedia":[{"embeddable":true,"href":"https:\/\/pizbube.ch\/en\/wp-json\/wp\/v2\/media\/45070"}],"wp:attachment":[{"href":"https:\/\/pizbube.ch\/en\/wp-json\/wp\/v2\/media?parent=153298"}],"wp:term":[{"taxonomy":"product_brand","embeddable":true,"href":"https:\/\/pizbube.ch\/en\/wp-json\/wp\/v2\/product_brand?post=153298"},{"taxonomy":"product_cat","embeddable":true,"href":"https:\/\/pizbube.ch\/en\/wp-json\/wp\/v2\/product_cat?post=153298"},{"taxonomy":"product_tag","embeddable":true,"href":"https:\/\/pizbube.ch\/en\/wp-json\/wp\/v2\/product_tag?post=153298"}],"curies":[{"name":"wp","href":"https:\/\/api.w.org\/{rel}","templated":true}]}}