{"id":153299,"date":"2021-01-15T12:36:16","date_gmt":"2021-01-15T12:36:16","guid":{"rendered":"https:\/\/codengine3.ch\/?product=import-placeholder-for-202446"},"modified":"2021-01-15T12:36:20","modified_gmt":"2021-01-15T12:36:20","slug":"das-schneekind","status":"publish","type":"product","link":"https:\/\/pizbube.ch\/en\/shop\/das-schneekind\/","title":{"rendered":"Das Schneekind"},"content":{"rendered":"<p>Die Geschichte von der Erf\u00fcllung eines Lebenstraums:<br \/>\nDer weltber\u00fchmte Abenteurer Nicolas Vanier zieht mit seiner Frau Diane und der<br \/>\nkleinen Tochter Montaine f\u00fcr ein Jahr in die Wildnis von Kanada und Alaska.<br \/>\nSie bauen sich ein Blockhaus und ern\u00e4hren sich wie die Menschen fr\u00fcherer<br \/>\nZeiten: vom Jagen, Fischen und Sammeln. Es ist ein Leben im Einklang mit der<br \/>\ngewaltigen Natur des hohen Nordens, voller Einfachheit, Klarheit und Poesie.<\/p>\n<p>Nicolas Vanier, 1962 im Senegal geboren, ist wie sein Vorbild Jack London<br \/>\nAbenteurer und Schriftsteller zugleich. Als Erster \u00fcberwand er nur mit dem<br \/>\nHundeschlitten eine 8 600 Kilometer lange Strecke durch Alaska und Kanada. Ein<br \/>\nJahr zog er mit seiner Frau und seiner kleinen Tochter in die WIldnis der<br \/>\nRocky Mountains, dokumentiert in dem Bestseller \u00bbDas Schneekind\u00ab. Zwischen<br \/>\nseinen Expeditionen lebt Nicolas Vanier als Z\u00fcchter von Schlittenhunden mit<br \/>\nseiner Familie in der Sologne.<br \/>\n15. Auflg. 2013<\/p>","protected":false},"excerpt":{"rendered":"<p>Die Geschichte von der Erf\u00fcllung eines Lebenstraums: Der weltber\u00fchmte Abenteurer Nicolas Vanier zieht mit seiner Frau Diane und der kleinen Tochter Montaine f\u00fcr ein Jahr in die Wildnis von Kanada und Alaska. Sie bauen sich ein Blockhaus und ern\u00e4hren sich wie die Menschen fr\u00fcherer Zeiten: vom Jagen, Fischen und Sammeln. Es ist ein Leben im [&#8230;]\n","protected":false},"featured_media":29834,"template":"","meta":[],"product_brand":[],"product_cat":[21629],"product_tag":[],"class_list":{"0":"post-153299","1":"product","2":"type-product","3":"status-publish","4":"has-post-thumbnail","6":"product_cat-belletristik","7":"pa_autor-vanier","8":"pa_erscheinungsjahr-21568","9":"pa_region-amerika-nord","10":"pa_sprache-de","12":"first","13":"instock","14":"taxable","15":"shipping-taxable","16":"purchasable","17":"product-type-simple"},"_links":{"self":[{"href":"https:\/\/pizbube.ch\/en\/wp-json\/wp\/v2\/product\/153299","targetHints":{"allow":["GET"]}}],"collection":[{"href":"https:\/\/pizbube.ch\/en\/wp-json\/wp\/v2\/product"}],"about":[{"href":"https:\/\/pizbube.ch\/en\/wp-json\/wp\/v2\/types\/product"}],"wp:featuredmedia":[{"embeddable":true,"href":"https:\/\/pizbube.ch\/en\/wp-json\/wp\/v2\/media\/29834"}],"wp:attachment":[{"href":"https:\/\/pizbube.ch\/en\/wp-json\/wp\/v2\/media?parent=153299"}],"wp:term":[{"taxonomy":"product_brand","embeddable":true,"href":"https:\/\/pizbube.ch\/en\/wp-json\/wp\/v2\/product_brand?post=153299"},{"taxonomy":"product_cat","embeddable":true,"href":"https:\/\/pizbube.ch\/en\/wp-json\/wp\/v2\/product_cat?post=153299"},{"taxonomy":"product_tag","embeddable":true,"href":"https:\/\/pizbube.ch\/en\/wp-json\/wp\/v2\/product_tag?post=153299"}],"curies":[{"name":"wp","href":"https:\/\/api.w.org\/{rel}","templated":true}]}}