{"id":153301,"date":"2021-01-15T12:36:21","date_gmt":"2021-01-15T12:36:21","guid":{"rendered":"https:\/\/codengine3.ch\/?product=import-placeholder-for-205915"},"modified":"2021-01-15T14:44:56","modified_gmt":"2021-01-15T14:44:56","slug":"la-piste-frison-roche-dvd","status":"publish","type":"product","link":"https:\/\/pizbube.ch\/en\/shop\/la-piste-frison-roche-dvd\/","title":{"rendered":"La piste Frison-Roche DVD"},"content":{"rendered":"<p>Sur les traces de l&#8217;auteur de Premier de cord\u00e9e  <\/p>\n<p>Grimper sur les montagnes sacr\u00e9es du d\u00e9sert, retrouver les derniers \u00e9leveurs<br \/>\nde rennes de Laponie, entrer dans les coulisses de la Compagnie des Guides de<br \/>\nChamonix&#8230;<br \/>\nIl faut de bonnes jambes pour suivre la trace de Roger Frison-Roche!  <\/p>\n<p>Ecrit par Sophie Cuenot, r\u00e9alis\u00e9 par Arthur Chay.<br \/>\nDur\u00e9e 54 min, DVD couleur 16\/9, Audio st\u00e9r\u00e9o.<br \/>\nBonus : entretien avec Frison-Roche : les secrets de Premier de cord\u00e9e.  <\/p>","protected":false},"excerpt":{"rendered":"<p>Sur les traces de l&#8217;auteur de Premier de cord\u00e9e Grimper sur les montagnes sacr\u00e9es du d\u00e9sert, retrouver les derniers \u00e9leveurs de rennes de Laponie, entrer dans les coulisses de la Compagnie des Guides de Chamonix&#8230; Il faut de bonnes jambes pour suivre la trace de Roger Frison-Roche! Ecrit par Sophie Cuenot, r\u00e9alis\u00e9 par Arthur Chay. [&#8230;]\n","protected":false},"featured_media":34770,"template":"","meta":[],"product_brand":[],"product_cat":[21628],"product_tag":[],"class_list":{"0":"post-153301","1":"product","2":"type-product","3":"status-publish","4":"has-post-thumbnail","6":"product_cat-video-dvd-multimedia","7":"pa_autor-cuenot-chays","8":"pa_erscheinungsjahr-21693","9":"pa_region-frankreich","10":"pa_sprache-fr","12":"first","13":"instock","14":"taxable","15":"shipping-taxable","16":"purchasable","17":"product-type-simple"},"_links":{"self":[{"href":"https:\/\/pizbube.ch\/en\/wp-json\/wp\/v2\/product\/153301","targetHints":{"allow":["GET"]}}],"collection":[{"href":"https:\/\/pizbube.ch\/en\/wp-json\/wp\/v2\/product"}],"about":[{"href":"https:\/\/pizbube.ch\/en\/wp-json\/wp\/v2\/types\/product"}],"wp:featuredmedia":[{"embeddable":true,"href":"https:\/\/pizbube.ch\/en\/wp-json\/wp\/v2\/media\/34770"}],"wp:attachment":[{"href":"https:\/\/pizbube.ch\/en\/wp-json\/wp\/v2\/media?parent=153301"}],"wp:term":[{"taxonomy":"product_brand","embeddable":true,"href":"https:\/\/pizbube.ch\/en\/wp-json\/wp\/v2\/product_brand?post=153301"},{"taxonomy":"product_cat","embeddable":true,"href":"https:\/\/pizbube.ch\/en\/wp-json\/wp\/v2\/product_cat?post=153301"},{"taxonomy":"product_tag","embeddable":true,"href":"https:\/\/pizbube.ch\/en\/wp-json\/wp\/v2\/product_tag?post=153301"}],"curies":[{"name":"wp","href":"https:\/\/api.w.org\/{rel}","templated":true}]}}